{"id":7254,"date":"2012-07-22T20:42:51","date_gmt":"2012-07-23T03:42:51","guid":{"rendered":"https:\/\/plg-pllc.com\/?page_id=7254"},"modified":"2024-10-14T23:44:59","modified_gmt":"2024-10-15T06:44:59","slug":"lynnwood-personal-injury-attorney","status":"publish","type":"page","link":"https:\/\/plg-pllc.com\/es\/lynwood\/personal-injury-lawyer\/","title":{"rendered":"Abogado de lesiones personales en Lynnwood"},"content":{"rendered":"<p>Buscando una <strong>Abogado de lesiones personales en Lynnwood<\/strong> Es un trabajo duro, pero es un esfuerzo bien invertido. Hay muchos abogados que compiten por representar su caso, por lo que debe tomar la decisi\u00f3n con cuidado. Elegir al abogado adecuado puede significar la diferencia entre sufrir por el resto de su vida con lesiones que no fueron su culpa o recibir una compensaci\u00f3n justa que le permita sacar lo mejor de una mala situaci\u00f3n.<\/p>\n<h2>Si ha resultado herido en un accidente, \u00bfqu\u00e9 necesita saber?<\/h2>\n<p>Usted no es responsable del costo de su atenci\u00f3n m\u00e9dica. Aunque su seguro m\u00e9dico podr\u00eda cubrir el costo de algunos tratamientos, usted tiene derecho a la atenci\u00f3n que necesite, independientemente de su cobertura personal. Un abogado de lesiones personales de Lynnwood puede luchar por una compensaci\u00f3n justa y hacer que el pago de la atenci\u00f3n m\u00e9dica adecuada sea parte de su acuerdo.<\/p>\n<p>El proceso de curaci\u00f3n y recuperaci\u00f3n puede ser mucho m\u00e1s largo de lo que usted anticipa. Las lesiones que reciba ahora podr\u00edan derivar en problemas de salud dentro de muchos a\u00f1os. Debe asegurarse de recibir una compensaci\u00f3n justa por los problemas que experimente ahora y en el futuro. No d\u00e9 por sentado que todo va a salir como estaba previsto y que no habr\u00e1 consecuencias a largo plazo debido a su lesi\u00f3n. Puede que todo est\u00e9 bien, pero tiene derecho a proteger su salud futura.<\/p>\n<p>Tiene derecho a algo m\u00e1s que una compensaci\u00f3n por su atenci\u00f3n m\u00e9dica. Las lesiones pueden tener un gran impacto en su vida. Puede perder tiempo en el trabajo y verse obligado a utilizar vacaciones o beneficios personales para su tiempo libre. Es posible que deba cancelar planes futuros debido a una lesi\u00f3n y perder dep\u00f3sitos o pagos anticipados. Tambi\u00e9n puede ser necesario hacer arreglos para su atenci\u00f3n, como transporte hacia y desde las citas m\u00e9dicas o alojamiento especial dentro de su hogar para hacer posible una vida normal. Todas estas cosas cuestan dinero, pero usted no deber\u00eda ser responsable de su costo. <a href=\"https:\/\/plg-pllc.com\/seattle\/personal-injury-lawyer\/\">abogado de lesiones personales<\/a> garantizar\u00e1 que usted reciba una compensaci\u00f3n por todos los costos asociados con su lesi\u00f3n, no s\u00f3lo por sus facturas m\u00e9dicas.<\/p>\n<h2>\u00bfEst\u00e1 enfrentando acoso por parte de cobradores de facturas m\u00e9dicas, dolor por sus lesiones o p\u00e9rdida de salarios?<\/h2>\n<p>Usted no es responsable de defenderse de los cobradores de facturas m\u00e9dicas. Los gastos m\u00e9dicos tienden a acumularse r\u00e1pidamente despu\u00e9s de una lesi\u00f3n. Es probable que reciba facturas de varios m\u00e9dicos y especialistas m\u00e9dicos. Las oficinas de facturaci\u00f3n y las agencias de cobro de estos m\u00e9dicos suelen ser agresivas, lo que aumenta su estr\u00e9s y frustraci\u00f3n cuando deber\u00eda concentrarse en la recuperaci\u00f3n. Un abogado de lesiones personales puede tratar con los cobradores de facturas y los m\u00e9dicos en busca de pagos, y garantizar que se llegue a un acuerdo que cubra el costo de los gastos m\u00e9dicos actuales y futuros.<\/p>\n<h2>Comun\u00edquese hoy mismo con nuestros abogados de lesiones personales de Lynnwood para obtener ayuda legal<\/h2>\n<p>Podemos ayudar. <a href=\"https:\/\/plg-pllc.com\/\">Grupo de abogados Premier<\/a> tiene experiencia representando a v\u00edctimas que enfrentan lesiones personales. Nos aseguramos de que obtenga un acuerdo justo y pueda volver a la vida que conoc\u00eda antes de su accidente. Perm\u00edtanos ser su opci\u00f3n. <a href=\"https:\/\/www.lynnwoodwa.gov\/Home\">Madera de lynn<\/a> Abogado de lesiones personales. Comun\u00edquese con Premier Law Group hoy mismo al <a href=\"tel:206-285-1743\">206-285-1743<\/a> o <a href=\"https:\/\/plg-pllc.com\/contact-us\/\">Solicite una consulta gratuita<\/a> para obtener informaci\u00f3n sobre c\u00f3mo podemos ayudarle a obtener lo que merece en su demanda por lesiones personales.<\/p>\n\n        <div class=\"rs-content-cta\">\n            <p>Llamar o enviar mensaje de texto <a href=\"tel:+12062851743\">(206) 285-1743<\/a> o complete un formulario de evaluaci\u00f3n de caso gratuito<\/p>\n            <a href=\"https:\/\/plg-pllc.com\/es\/contact-us\/\" title=\"OBTENGA UNA EVALUACI\u00d3N DE CASO GRATUITA\" class=\"btn-global\">OBTENGA UNA EVALUACI\u00d3N DE CASO GRATUITA<\/a>\n                    <picture>\n                            <source srcset=\"https:\/\/plg-pllc.com\/wp-content\/themes\/plg-pllc-redesign\/assets\/app\/img\/cta-thumb.webp\" type=\"image\/webp\"\/>\n                            <img src=\"https:\/\/plg-pllc.com\/wp-content\/themes\/plg-pllc-redesign\/assets\/app\/img\/cta-thumb.png\" alt=\"Grupo de abogados Premier\" title=\"Grupo de abogados Premier\" width=\"245\" height=\"220\" loading=\"auto\" fetchpriority=\"auto\" decoding=\"async\"\/>\n        <\/picture>\n        \n        <\/div>","protected":false},"excerpt":{"rendered":"<p>Buscar un abogado especializado en lesiones personales en Lynnwood es una tarea dif\u00edcil, pero es un esfuerzo que vale la pena. Hay muchos abogados que compiten por representar su caso, por lo que debe tomar la decisi\u00f3n con cuidado. Elegir al abogado adecuado puede significar la diferencia entre sufrir lesiones por el resto de su vida\u2026<\/p>","protected":false},"author":2,"featured_media":0,"parent":0,"menu_order":38,"comment_status":"closed","ping_status":"closed","template":"","meta":{"_acf_changed":false,"_genesis_hide_title":false,"_genesis_hide_breadcrumbs":false,"_genesis_hide_singular_image":false,"_genesis_hide_footer_widgets":false,"_genesis_custom_body_class":"","_genesis_custom_post_class":"","_genesis_layout":"","footnotes":""},"hc_faqs":[],"class_list":{"0":"post-7254","1":"page","2":"type-page","3":"status-publish","5":"hc_city_location-lynnwood","6":"entry"},"acf":[],"yoast_head":"<!-- This site is optimized with the Yoast SEO plugin v27.4 - https:\/\/yoast.com\/product\/yoast-seo-wordpress\/ -->\n<title>Personal Injury Lawyer in Lynnwood | Free Case Review<\/title>\n<meta name=\"description\" content=\"Lynnwood Personal Injury Lawyer: Premier Law Group helps you unlock the full compensation you deserve. No Fee Unless We Win.\" \/>\n<meta name=\"robots\" content=\"index, follow, max-snippet:-1, max-image-preview:large, max-video-preview:-1\" \/>\n<link rel=\"canonical\" href=\"https:\/\/plg-pllc.com\/es\/lynwood\/personal-injury-lawyer\/\" \/>\n<meta property=\"og:locale\" content=\"es_MX\" \/>\n<meta property=\"og:type\" content=\"article\" \/>\n<meta property=\"og:title\" content=\"Personal Injury Lawyer in Lynnwood | Free Case Review\" \/>\n<meta property=\"og:description\" content=\"Lynnwood Personal Injury Lawyer: Premier Law Group helps you unlock the full compensation you deserve. No Fee Unless We Win.\" \/>\n<meta property=\"og:url\" content=\"https:\/\/plg-pllc.com\/es\/lynwood\/personal-injury-lawyer\/\" \/>\n<meta property=\"og:site_name\" content=\"Premier Law Group\" \/>\n<meta property=\"article:publisher\" content=\"https:\/\/www.facebook.com\/premierlawgroup\" \/>\n<meta property=\"article:modified_time\" content=\"2024-10-15T06:44:59+00:00\" \/>\n<meta name=\"twitter:card\" content=\"summary_large_image\" \/>\n<meta name=\"twitter:site\" content=\"@premierlawgroup\" \/>\n<meta name=\"twitter:label1\" content=\"Tiempo de lectura\" \/>\n\t<meta name=\"twitter:data1\" content=\"3 minutos\" \/>\n<script type=\"application\/ld+json\" class=\"yoast-schema-graph\">{\"@context\":\"https:\\\/\\\/schema.org\",\"@graph\":[{\"@type\":\"WebPage\",\"@id\":\"https:\\\/\\\/plg-pllc.com\\\/lynwood\\\/personal-injury-lawyer\\\/\",\"url\":\"https:\\\/\\\/plg-pllc.com\\\/lynwood\\\/personal-injury-lawyer\\\/\",\"name\":\"Personal Injury Lawyer in Lynnwood | Free Case Review\",\"isPartOf\":{\"@id\":\"https:\\\/\\\/plg-pllc.com\\\/#website\"},\"datePublished\":\"2012-07-23T03:42:51+00:00\",\"dateModified\":\"2024-10-15T06:44:59+00:00\",\"description\":\"Lynnwood Personal Injury Lawyer: Premier Law Group helps you unlock the full compensation you deserve. No Fee Unless We Win.\",\"breadcrumb\":{\"@id\":\"https:\\\/\\\/plg-pllc.com\\\/lynwood\\\/personal-injury-lawyer\\\/#breadcrumb\"},\"inLanguage\":\"es\",\"potentialAction\":[{\"@type\":\"ReadAction\",\"target\":[\"https:\\\/\\\/plg-pllc.com\\\/lynwood\\\/personal-injury-lawyer\\\/\"]}]},{\"@type\":\"BreadcrumbList\",\"@id\":\"https:\\\/\\\/plg-pllc.com\\\/lynwood\\\/personal-injury-lawyer\\\/#breadcrumb\",\"itemListElement\":[{\"@type\":\"ListItem\",\"position\":1,\"name\":\"Home\",\"item\":\"https:\\\/\\\/plg-pllc.com\\\/es\\\/\"},{\"@type\":\"ListItem\",\"position\":2,\"name\":\"Lynnwood Personal Injury Lawyer\"}]},{\"@type\":\"WebSite\",\"@id\":\"https:\\\/\\\/plg-pllc.com\\\/#website\",\"url\":\"https:\\\/\\\/plg-pllc.com\\\/\",\"name\":\"Premier Law Group\",\"description\":\"Washington Wrongful Death and Serious Injury Lawyer\",\"publisher\":{\"@id\":\"https:\\\/\\\/plg-pllc.com\\\/#organization\"},\"inLanguage\":\"es\"},{\"@type\":\"Organization\",\"@id\":\"https:\\\/\\\/plg-pllc.com\\\/#organization\",\"name\":\"Premier Law Group\",\"url\":\"https:\\\/\\\/plg-pllc.com\\\/\",\"logo\":{\"@type\":\"ImageObject\",\"inLanguage\":\"es\",\"@id\":\"https:\\\/\\\/plg-pllc.com\\\/#\\\/schema\\\/logo\\\/image\\\/\",\"url\":\"https:\\\/\\\/plg-pllc.com\\\/wp-content\\\/uploads\\\/2020\\\/10\\\/plg-logo-v2.gif\",\"contentUrl\":\"https:\\\/\\\/plg-pllc.com\\\/wp-content\\\/uploads\\\/2020\\\/10\\\/plg-logo-v2.gif\",\"width\":592,\"height\":191,\"caption\":\"Premier Law Group\"},\"image\":{\"@id\":\"https:\\\/\\\/plg-pllc.com\\\/#\\\/schema\\\/logo\\\/image\\\/\"},\"sameAs\":[\"https:\\\/\\\/www.facebook.com\\\/premierlawgroup\",\"https:\\\/\\\/x.com\\\/premierlawgroup\"]}]}<\/script>\n<!-- \/ Yoast SEO plugin. -->","yoast_head_json":{"title":"Abogado de lesiones personales en Lynnwood | Revisi\u00f3n gratuita de casos","description":"Abogado de lesiones personales en Lynnwood: Premier Law Group lo ayuda a obtener la compensaci\u00f3n total que se merece. Sin cargo a menos que ganemos.","robots":{"index":"index","follow":"follow","max-snippet":"max-snippet:-1","max-image-preview":"max-image-preview:large","max-video-preview":"max-video-preview:-1"},"canonical":"https:\/\/plg-pllc.com\/es\/lynwood\/personal-injury-lawyer\/","og_locale":"es_MX","og_type":"article","og_title":"Personal Injury Lawyer in Lynnwood | Free Case Review","og_description":"Lynnwood Personal Injury Lawyer: Premier Law Group helps you unlock the full compensation you deserve. No Fee Unless We Win.","og_url":"https:\/\/plg-pllc.com\/es\/lynwood\/personal-injury-lawyer\/","og_site_name":"Premier Law Group","article_publisher":"https:\/\/www.facebook.com\/premierlawgroup","article_modified_time":"2024-10-15T06:44:59+00:00","twitter_card":"summary_large_image","twitter_site":"@premierlawgroup","twitter_misc":{"Tiempo de lectura":"3 minutos"},"schema":{"@context":"https:\/\/schema.org","@graph":[{"@type":"WebPage","@id":"https:\/\/plg-pllc.com\/lynwood\/personal-injury-lawyer\/","url":"https:\/\/plg-pllc.com\/lynwood\/personal-injury-lawyer\/","name":"Abogado de lesiones personales en Lynnwood | Revisi\u00f3n gratuita de casos","isPartOf":{"@id":"https:\/\/plg-pllc.com\/#website"},"datePublished":"2012-07-23T03:42:51+00:00","dateModified":"2024-10-15T06:44:59+00:00","description":"Abogado de lesiones personales en Lynnwood: Premier Law Group lo ayuda a obtener la compensaci\u00f3n total que se merece. Sin cargo a menos que ganemos.","breadcrumb":{"@id":"https:\/\/plg-pllc.com\/lynwood\/personal-injury-lawyer\/#breadcrumb"},"inLanguage":"es","potentialAction":[{"@type":"ReadAction","target":["https:\/\/plg-pllc.com\/lynwood\/personal-injury-lawyer\/"]}]},{"@type":"BreadcrumbList","@id":"https:\/\/plg-pllc.com\/lynwood\/personal-injury-lawyer\/#breadcrumb","itemListElement":[{"@type":"ListItem","position":1,"name":"Home","item":"https:\/\/plg-pllc.com\/es\/"},{"@type":"ListItem","position":2,"name":"Lynnwood Personal Injury Lawyer"}]},{"@type":"WebSite","@id":"https:\/\/plg-pllc.com\/#website","url":"https:\/\/plg-pllc.com\/","name":"Grupo de abogados Premier","description":"Abogado de muerte por negligencia y lesiones graves en Washington","publisher":{"@id":"https:\/\/plg-pllc.com\/#organization"},"inLanguage":"es"},{"@type":"Organization","@id":"https:\/\/plg-pllc.com\/#organization","name":"Grupo de abogados Premier","url":"https:\/\/plg-pllc.com\/","logo":{"@type":"ImageObject","inLanguage":"es","@id":"https:\/\/plg-pllc.com\/#\/schema\/logo\/image\/","url":"https:\/\/plg-pllc.com\/wp-content\/uploads\/2020\/10\/plg-logo-v2.gif","contentUrl":"https:\/\/plg-pllc.com\/wp-content\/uploads\/2020\/10\/plg-logo-v2.gif","width":592,"height":191,"caption":"Premier Law Group"},"image":{"@id":"https:\/\/plg-pllc.com\/#\/schema\/logo\/image\/"},"sameAs":["https:\/\/www.facebook.com\/premierlawgroup","https:\/\/x.com\/premierlawgroup"]}]}},"_links":{"self":[{"href":"https:\/\/plg-pllc.com\/es\/wp-json\/wp\/v2\/pages\/7254","targetHints":{"allow":["GET"]}}],"collection":[{"href":"https:\/\/plg-pllc.com\/es\/wp-json\/wp\/v2\/pages"}],"about":[{"href":"https:\/\/plg-pllc.com\/es\/wp-json\/wp\/v2\/types\/page"}],"author":[{"embeddable":true,"href":"https:\/\/plg-pllc.com\/es\/wp-json\/wp\/v2\/users\/2"}],"replies":[{"embeddable":true,"href":"https:\/\/plg-pllc.com\/es\/wp-json\/wp\/v2\/comments?post=7254"}],"version-history":[{"count":0,"href":"https:\/\/plg-pllc.com\/es\/wp-json\/wp\/v2\/pages\/7254\/revisions"}],"wp:attachment":[{"href":"https:\/\/plg-pllc.com\/es\/wp-json\/wp\/v2\/media?parent=7254"}],"wp:term":[{"taxonomy":"hc_faqs","embeddable":true,"href":"https:\/\/plg-pllc.com\/es\/wp-json\/wp\/v2\/hc_faqs?post=7254"}],"curies":[{"name":"gracias","href":"https:\/\/api.w.org\/{rel}","templated":true}]}}