{"id":7256,"date":"2012-07-22T20:44:49","date_gmt":"2012-07-23T03:44:49","guid":{"rendered":"https:\/\/plg-pllc.com\/?page_id=7256"},"modified":"2024-09-27T07:14:36","modified_gmt":"2024-09-27T14:14:36","slug":"everett-personal-injury-attorney","status":"publish","type":"page","link":"https:\/\/plg-pllc.com\/es\/everett\/personal-injury-lawyer\/","title":{"rendered":"Abogado de lesiones personales en Everett"},"content":{"rendered":"<p>\u00bfHa resultado herido en un accidente? \u00bfUn ser querido fue v\u00edctima de eventos que resultaron en una lesi\u00f3n personal? Si es as\u00ed, y usted vive en el <a href=\"https:\/\/plg-pllc.com\/seattle\/personal-injury-lawyer\/\">\u00c1rea de Seattle, Washington<\/a>, necesitas un <strong><a href=\"https:\/\/www.everettwa.gov\/\" target=\"_blank\" rel=\"noopener\">Everett<\/a> abogado de lesiones personales<\/strong> De su lado. Un abogado experimentado que lucha en su nombre comprende lo que se necesita para recibir una compensaci\u00f3n justa por las lesiones.<\/p>\n<h2>Qu\u00e9 hacer despu\u00e9s de sufrir un accidente con lesiones personales<\/h2>\n<p>No hable con compa\u00f1\u00edas de seguros ni con representantes de ellas. Es probable que cualquiera que intente ponerse en contacto con usted sea un abogado que representa los intereses de los responsables de su accidente. Su objetivo es escapar de la situaci\u00f3n con el menor da\u00f1o financiero posible. No importa lo amables que parezcan o lo dispuestos que est\u00e9n a ofrecerle un acuerdo, no est\u00e1n velando por usted.<\/p>\n<p>No asuma que todo estar\u00e1 bien. Es parte de la naturaleza humana anhelar la homeostasis. Su objetivo despu\u00e9s de un accidente es probablemente simplemente volver a la \u201cnormalidad\u201d. Esto es comprensible, pero puede que no sea una opci\u00f3n, al menos por mucho tiempo. Sin embargo, su atenci\u00f3n debe estar en su salud y su bienestar personal durante este tiempo. Trabajar con un abogado con experiencia en lesiones personales de Everett significa que alguien est\u00e1 cuidando de usted, mientras que usted se concentra en recuperarse.<\/p>\n<p>Es posible que su caso de lesiones personales no llegue a juicio. Muchas v\u00edctimas se muestran reacias a contratar a un abogado porque suponen que el caso se llevar\u00e1 a los tribunales. Es posible que quieran superar el accidente lo antes posible, incluso si eso significa recibir una compensaci\u00f3n econ\u00f3mica menor que la que obtendr\u00eda en un juicio. No debe privarse de lo que merece porque desea resolver la situaci\u00f3n lo antes posible. Los abogados especializados en lesiones personales pueden representarlo incluso si decide llegar a un acuerdo extrajudicial. En muchos casos, las v\u00edctimas se llevan una compensaci\u00f3n econ\u00f3mica mayor en un acuerdo que si el caso hubiera llegado a los tribunales.<\/p>\n<p>Tiene derecho a una indemnizaci\u00f3n completa por el accidente. Sea lo que sea lo que le haya ocurrido, no fue culpa suya. No deber\u00eda tener que pagar gastos m\u00e9dicos ni modificar su forma de vida m\u00e1s de lo absolutamente necesario. Seg\u00fan la gravedad de sus lesiones, es posible que no le quede otra opci\u00f3n que buscar una nueva forma de vida. Si este es el caso, merece una indemnizaci\u00f3n justa. Trabajar con un abogado especializado en lesiones personales puede compensar el da\u00f1o causado por un accidente que no fue culpa suya.<\/p>\n<h2>Programe una evaluaci\u00f3n gratuita de su caso con nuestros abogados de lesiones personales en Everett<\/h2>\n<p>\u00bfHa sufrido lesiones en un accidente? Encontrar el abogado de lesiones personales adecuado puede marcar la diferencia entre sufrir el resto de su vida y sacar lo mejor de una mala situaci\u00f3n. P\u00f3ngase en contacto con el <a href=\"https:\/\/plg-pllc.com\/\" target=\"_blank\" rel=\"noopener noreferrer\">Grupo de abogados Premier<\/a> Hoy a las <a href=\"tel:206-285-1743\">206-285-1743<\/a> o enviar una <a href=\"https:\/\/plg-pllc.com\/contact-us\/\">evaluaci\u00f3n de caso gratuita<\/a> para obtener m\u00e1s informaci\u00f3n sobre c\u00f3mo podemos ayudarlo a obtener lo que merece en su demanda por lesiones personales.<\/p>\n\n        <div class=\"rs-content-cta\">\n            <p>Llamar o enviar mensaje de texto <a href=\"tel:+12062851743\">(206) 285-1743<\/a> o complete un formulario de evaluaci\u00f3n de caso gratuito<\/p>\n            <a href=\"https:\/\/plg-pllc.com\/es\/contact-us\/\" title=\"OBTENGA UNA EVALUACI\u00d3N DE CASO GRATUITA\" class=\"btn-global\">OBTENGA UNA EVALUACI\u00d3N DE CASO GRATUITA<\/a>\n                    <picture>\n                            <source srcset=\"https:\/\/plg-pllc.com\/wp-content\/themes\/plg-pllc-redesign\/assets\/app\/img\/cta-thumb.webp\" type=\"image\/webp\"\/>\n                            <img src=\"https:\/\/plg-pllc.com\/wp-content\/themes\/plg-pllc-redesign\/assets\/app\/img\/cta-thumb.png\" alt=\"Grupo de abogados Premier\" title=\"Grupo de abogados Premier\" width=\"245\" height=\"220\" loading=\"auto\" fetchpriority=\"auto\" decoding=\"async\"\/>\n        <\/picture>\n        \n        <\/div>","protected":false},"excerpt":{"rendered":"<p>\u00bfHa resultado herido en un accidente? \u00bfUn ser querido fue v\u00edctima de eventos que resultaron en una lesi\u00f3n personal? Si es as\u00ed y vive en el \u00e1rea de Seattle, Washington, necesita un abogado de lesiones personales de Everett de su lado. Un abogado experimentado que lucha en nombre de sus intereses comprende lo que se necesita para\u2026<\/p>","protected":false},"author":2,"featured_media":0,"parent":0,"menu_order":39,"comment_status":"closed","ping_status":"closed","template":"","meta":{"_acf_changed":false,"_genesis_hide_title":false,"_genesis_hide_breadcrumbs":false,"_genesis_hide_singular_image":false,"_genesis_hide_footer_widgets":false,"_genesis_custom_body_class":"","_genesis_custom_post_class":"","_genesis_layout":"","footnotes":""},"hc_faqs":[],"class_list":{"0":"post-7256","1":"page","2":"type-page","3":"status-publish","5":"hc_city_location-everett","6":"entry"},"acf":[],"yoast_head":"<!-- This site is optimized with the Yoast SEO plugin v27.4 - https:\/\/yoast.com\/product\/yoast-seo-wordpress\/ -->\n<title>Personal Injury Lawyer in Everett | Free Case Review<\/title>\n<meta name=\"description\" content=\"Everett Personal Injury Lawyer: Premier Law Group helps you unlock the full compensation you deserve. No Fee Unless We Win.\" \/>\n<meta name=\"robots\" content=\"index, follow, max-snippet:-1, max-image-preview:large, max-video-preview:-1\" \/>\n<link rel=\"canonical\" href=\"https:\/\/plg-pllc.com\/es\/everett\/personal-injury-lawyer\/\" \/>\n<meta property=\"og:locale\" content=\"es_MX\" \/>\n<meta property=\"og:type\" content=\"article\" \/>\n<meta property=\"og:title\" content=\"Personal Injury Lawyer in Everett | Free Case Review\" \/>\n<meta property=\"og:description\" content=\"Everett Personal Injury Lawyer: Premier Law Group helps you unlock the full compensation you deserve. No Fee Unless We Win.\" \/>\n<meta property=\"og:url\" content=\"https:\/\/plg-pllc.com\/es\/everett\/personal-injury-lawyer\/\" \/>\n<meta property=\"og:site_name\" content=\"Premier Law Group\" \/>\n<meta property=\"article:publisher\" content=\"https:\/\/www.facebook.com\/premierlawgroup\" \/>\n<meta property=\"article:modified_time\" content=\"2024-09-27T14:14:36+00:00\" \/>\n<meta name=\"twitter:card\" content=\"summary_large_image\" \/>\n<meta name=\"twitter:site\" content=\"@premierlawgroup\" \/>\n<meta name=\"twitter:label1\" content=\"Tiempo de lectura\" \/>\n\t<meta name=\"twitter:data1\" content=\"3 minutos\" \/>\n<script type=\"application\/ld+json\" class=\"yoast-schema-graph\">{\"@context\":\"https:\\\/\\\/schema.org\",\"@graph\":[{\"@type\":\"WebPage\",\"@id\":\"https:\\\/\\\/plg-pllc.com\\\/everett\\\/personal-injury-lawyer\\\/\",\"url\":\"https:\\\/\\\/plg-pllc.com\\\/everett\\\/personal-injury-lawyer\\\/\",\"name\":\"Personal Injury Lawyer in Everett | Free Case Review\",\"isPartOf\":{\"@id\":\"https:\\\/\\\/plg-pllc.com\\\/#website\"},\"datePublished\":\"2012-07-23T03:44:49+00:00\",\"dateModified\":\"2024-09-27T14:14:36+00:00\",\"description\":\"Everett Personal Injury Lawyer: Premier Law Group helps you unlock the full compensation you deserve. No Fee Unless We Win.\",\"breadcrumb\":{\"@id\":\"https:\\\/\\\/plg-pllc.com\\\/everett\\\/personal-injury-lawyer\\\/#breadcrumb\"},\"inLanguage\":\"es\",\"potentialAction\":[{\"@type\":\"ReadAction\",\"target\":[\"https:\\\/\\\/plg-pllc.com\\\/everett\\\/personal-injury-lawyer\\\/\"]}]},{\"@type\":\"BreadcrumbList\",\"@id\":\"https:\\\/\\\/plg-pllc.com\\\/everett\\\/personal-injury-lawyer\\\/#breadcrumb\",\"itemListElement\":[{\"@type\":\"ListItem\",\"position\":1,\"name\":\"Home\",\"item\":\"https:\\\/\\\/plg-pllc.com\\\/es\\\/\"},{\"@type\":\"ListItem\",\"position\":2,\"name\":\"Everett Personal Injury Lawyer\"}]},{\"@type\":\"WebSite\",\"@id\":\"https:\\\/\\\/plg-pllc.com\\\/#website\",\"url\":\"https:\\\/\\\/plg-pllc.com\\\/\",\"name\":\"Premier Law Group\",\"description\":\"Washington Wrongful Death and Serious Injury Lawyer\",\"publisher\":{\"@id\":\"https:\\\/\\\/plg-pllc.com\\\/#organization\"},\"inLanguage\":\"es\"},{\"@type\":\"Organization\",\"@id\":\"https:\\\/\\\/plg-pllc.com\\\/#organization\",\"name\":\"Premier Law Group\",\"url\":\"https:\\\/\\\/plg-pllc.com\\\/\",\"logo\":{\"@type\":\"ImageObject\",\"inLanguage\":\"es\",\"@id\":\"https:\\\/\\\/plg-pllc.com\\\/#\\\/schema\\\/logo\\\/image\\\/\",\"url\":\"https:\\\/\\\/plg-pllc.com\\\/wp-content\\\/uploads\\\/2020\\\/10\\\/plg-logo-v2.gif\",\"contentUrl\":\"https:\\\/\\\/plg-pllc.com\\\/wp-content\\\/uploads\\\/2020\\\/10\\\/plg-logo-v2.gif\",\"width\":592,\"height\":191,\"caption\":\"Premier Law Group\"},\"image\":{\"@id\":\"https:\\\/\\\/plg-pllc.com\\\/#\\\/schema\\\/logo\\\/image\\\/\"},\"sameAs\":[\"https:\\\/\\\/www.facebook.com\\\/premierlawgroup\",\"https:\\\/\\\/x.com\\\/premierlawgroup\"]}]}<\/script>\n<!-- \/ Yoast SEO plugin. -->","yoast_head_json":{"title":"Abogado de lesiones personales en Everett | Revisi\u00f3n gratuita de casos","description":"Abogado de lesiones personales en Everett: Premier Law Group lo ayuda a obtener la compensaci\u00f3n total que se merece. Sin cargo a menos que ganemos.","robots":{"index":"index","follow":"follow","max-snippet":"max-snippet:-1","max-image-preview":"max-image-preview:large","max-video-preview":"max-video-preview:-1"},"canonical":"https:\/\/plg-pllc.com\/es\/everett\/personal-injury-lawyer\/","og_locale":"es_MX","og_type":"article","og_title":"Personal Injury Lawyer in Everett | Free Case Review","og_description":"Everett Personal Injury Lawyer: Premier Law Group helps you unlock the full compensation you deserve. No Fee Unless We Win.","og_url":"https:\/\/plg-pllc.com\/es\/everett\/personal-injury-lawyer\/","og_site_name":"Premier Law Group","article_publisher":"https:\/\/www.facebook.com\/premierlawgroup","article_modified_time":"2024-09-27T14:14:36+00:00","twitter_card":"summary_large_image","twitter_site":"@premierlawgroup","twitter_misc":{"Tiempo de lectura":"3 minutos"},"schema":{"@context":"https:\/\/schema.org","@graph":[{"@type":"WebPage","@id":"https:\/\/plg-pllc.com\/everett\/personal-injury-lawyer\/","url":"https:\/\/plg-pllc.com\/everett\/personal-injury-lawyer\/","name":"Abogado de lesiones personales en Everett | Revisi\u00f3n gratuita de casos","isPartOf":{"@id":"https:\/\/plg-pllc.com\/#website"},"datePublished":"2012-07-23T03:44:49+00:00","dateModified":"2024-09-27T14:14:36+00:00","description":"Abogado de lesiones personales en Everett: Premier Law Group lo ayuda a obtener la compensaci\u00f3n total que se merece. Sin cargo a menos que ganemos.","breadcrumb":{"@id":"https:\/\/plg-pllc.com\/everett\/personal-injury-lawyer\/#breadcrumb"},"inLanguage":"es","potentialAction":[{"@type":"ReadAction","target":["https:\/\/plg-pllc.com\/everett\/personal-injury-lawyer\/"]}]},{"@type":"BreadcrumbList","@id":"https:\/\/plg-pllc.com\/everett\/personal-injury-lawyer\/#breadcrumb","itemListElement":[{"@type":"ListItem","position":1,"name":"Home","item":"https:\/\/plg-pllc.com\/es\/"},{"@type":"ListItem","position":2,"name":"Everett Personal Injury Lawyer"}]},{"@type":"WebSite","@id":"https:\/\/plg-pllc.com\/#website","url":"https:\/\/plg-pllc.com\/","name":"Grupo de abogados Premier","description":"Abogado de muerte por negligencia y lesiones graves en Washington","publisher":{"@id":"https:\/\/plg-pllc.com\/#organization"},"inLanguage":"es"},{"@type":"Organization","@id":"https:\/\/plg-pllc.com\/#organization","name":"Grupo de abogados Premier","url":"https:\/\/plg-pllc.com\/","logo":{"@type":"ImageObject","inLanguage":"es","@id":"https:\/\/plg-pllc.com\/#\/schema\/logo\/image\/","url":"https:\/\/plg-pllc.com\/wp-content\/uploads\/2020\/10\/plg-logo-v2.gif","contentUrl":"https:\/\/plg-pllc.com\/wp-content\/uploads\/2020\/10\/plg-logo-v2.gif","width":592,"height":191,"caption":"Premier Law Group"},"image":{"@id":"https:\/\/plg-pllc.com\/#\/schema\/logo\/image\/"},"sameAs":["https:\/\/www.facebook.com\/premierlawgroup","https:\/\/x.com\/premierlawgroup"]}]}},"_links":{"self":[{"href":"https:\/\/plg-pllc.com\/es\/wp-json\/wp\/v2\/pages\/7256","targetHints":{"allow":["GET"]}}],"collection":[{"href":"https:\/\/plg-pllc.com\/es\/wp-json\/wp\/v2\/pages"}],"about":[{"href":"https:\/\/plg-pllc.com\/es\/wp-json\/wp\/v2\/types\/page"}],"author":[{"embeddable":true,"href":"https:\/\/plg-pllc.com\/es\/wp-json\/wp\/v2\/users\/2"}],"replies":[{"embeddable":true,"href":"https:\/\/plg-pllc.com\/es\/wp-json\/wp\/v2\/comments?post=7256"}],"version-history":[{"count":0,"href":"https:\/\/plg-pllc.com\/es\/wp-json\/wp\/v2\/pages\/7256\/revisions"}],"wp:attachment":[{"href":"https:\/\/plg-pllc.com\/es\/wp-json\/wp\/v2\/media?parent=7256"}],"wp:term":[{"taxonomy":"hc_faqs","embeddable":true,"href":"https:\/\/plg-pllc.com\/es\/wp-json\/wp\/v2\/hc_faqs?post=7256"}],"curies":[{"name":"gracias","href":"https:\/\/api.w.org\/{rel}","templated":true}]}}