{"id":91,"date":"2009-10-04T20:25:03","date_gmt":"2009-10-05T03:25:03","guid":{"rendered":"https:\/\/plg-pllc.com\/wp\/?page_id=91"},"modified":"2026-04-03T12:15:41","modified_gmt":"2026-04-03T19:15:41","slug":"jason-epstein-2","status":"publish","type":"page","link":"https:\/\/plg-pllc.com\/es\/about-us\/attorneys\/jason-epstein-2\/","title":{"rendered":"Jason G Epstein"},"content":{"rendered":"<p class=\"p1\">Jason G. Epstein es abogado especializado en lesiones personales en el estado de Washington, autor, profesor de derecho y propietario de Premier Law Group, PLLC.<\/p>\r\n<p class=\"p1\">Desde 1999, Jason ha dedicado su pr\u00e1ctica profesional a ayudar a personas y familias que afrontan las consecuencias de lesiones graves, muertes por negligencia y otras p\u00e9rdidas que les cambian la vida. Representa a clientes en todo el estado de Washington en casos relacionados con accidentes de tr\u00e1fico, lesiones catastr\u00f3ficas y demandas por negligencia.<\/p>\r\n<p class=\"p1\">Jason obtuvo su licenciatura en la Universidad del Sur de California y su doctorado en jurisprudencia en la Facultad de Derecho de la Universidad de Pepperdine en 2001. Su formaci\u00f3n jur\u00eddica tambi\u00e9n incluye un certificado en resoluci\u00f3n alternativa de conflictos de la Universidad de Pepperdine, lo que refleja su compromiso con la defensa, la estrategia y la resoluci\u00f3n eficaz de conflictos dif\u00edciles.<\/p>\r\n<p class=\"p1\">Jason ha ayudado a familias a obtener justicia tras p\u00e9rdidas devastadoras, como la muerte de un abuelo de 83 a\u00f1os aplastado por la ca\u00edda de un \u00e1rbol. Tambi\u00e9n ha conseguido indemnizaciones sustanciales en casos de lesiones catastr\u00f3ficas, incluyendo 4,5 millones de chelines tanzanos en un caso de accidente con un cami\u00f3n y 1,05 millones de chelines tanzanos para un top\u00f3grafo que sufri\u00f3 lesiones medulares tras ser atropellado en el trabajo.<\/p>\r\n<p class=\"p1\">Adem\u00e1s de su trabajo en Premier Law Group, Jason se desempe\u00f1a como <a href=\"https:\/\/law.seattleu.edu\/faculty\/directory\/profiles\/epstein-jason.html\"><span class=\"s1\">Profesor adjunto en la Facultad de Derecho de la Universidad de Seattle.<\/span><\/a>, donde imparte clases de Litigaci\u00f3n Procesal y Preliminar y Emprendimiento en Bufetes de Abogados. Tambi\u00e9n ha impartido clases a trav\u00e9s del programa de Habilidades Cr\u00edticas para Litigios de la Asociaci\u00f3n de Abogados de Estados Unidos (American Bar Association).<\/p>\r\n<p class=\"p1\">Su formaci\u00f3n avanzada y su servicio profesional incluyen:<\/p>\r\n<ul class=\"ul1\">\r\n<li class=\"li2\">La Escuela de Abogados Litigantes de Gerry Spence<\/li>\r\n<li class=\"li2\">Capacitaci\u00f3n para tutores ad litem a trav\u00e9s del Tribunal Superior del Condado de King<\/li>\r\n<li class=\"li2\">El programa de Habilidades de Litigaci\u00f3n Oral del Instituto Nacional de Litigaci\u00f3n Oral<\/li>\r\n<li class=\"li1\">Servicio como \u00e1rbitro del panel MAR en los tribunales superiores de los condados de King, Pierce y Snohomish.<\/li>\r\n<\/ul>\r\n<p class=\"p1\">A lo largo de su trayectoria profesional, el trabajo de Jason tambi\u00e9n ha sido reconocido por organizaciones jur\u00eddicas y publicaciones del sector. Entre los galardones y premios m\u00e1s destacados se incluyen:<\/p>\r\n<ul class=\"ul1\">\r\n<li class=\"li2\">Super Abogados, Super Abogados de Washington<\/li>\r\n<li class=\"li2\">Clasificaci\u00f3n AV preeminente, Martindale-Hubbell<\/li>\r\n<li class=\"li2\">Abogado del A\u00f1o en Lesiones Personales, Premios ACQ Law<\/li>\r\n<li class=\"li2\">Los 100 mejores litigantes en casos de alto riesgo, los 100 mejores de Estados Unidos.<\/li>\r\n<li class=\"li2\">Los 25 mejores abogados litigantes en casos de lesiones cerebrales en Washington, The National Trial Lawyers<\/li>\r\n<li class=\"li1\">Reconocimiento a la excelencia en el ejercicio de la abogac\u00eda: Abogados distinguidos<\/li>\r\n<\/ul>\r\n<p class=\"p1\">El trabajo de Jason fuera de los tribunales tambi\u00e9n incluye escribir para v\u00edctimas de lesiones. Es autor de libros dise\u00f1ados para ayudar a las personas a comprender mejor sus derechos, sus opciones y los problemas legales que suelen surgir tras una lesi\u00f3n grave o una p\u00e9rdida inesperada. Entre sus libros publicados se encuentran:<\/p>\r\n<ul class=\"ul1\">\r\n<li class=\"li3\"><span class=\"s2\"><a href=\"https:\/\/www.amazon.com\/Case-Death-Straight-Washington-Wrongful-ebook\/dp\/B003F76WUW?ref_=ast_author_dp_rw&amp;th=1&amp;psc=1&amp;dib=eyJ2IjoiMSJ9.guLN5EOY9sQfCLoVERjlXepxd2Ev5xGR8b5elcpu1BJdYV_FlzDmifc6WY8drw-L.HFr4GlIlkHpyeIqtQopWYw2eLSZy5QNa6muH6TAY1d8&amp;dib_tag=AUTHOR\"><span class=\"s1\"><i>En caso de muerte: una conversaci\u00f3n sincera sobre la muerte por negligencia en Washington<\/i><\/span><\/a><\/span><\/li>\r\n<li class=\"li3\"><span class=\"s2\"><a href=\"https:\/\/www.amazon.com\/Straight-Talk-Law-Washington-Accidents-ebook\/dp\/B002T44IK8?ref_=ast_author_dp_rw&amp;th=1&amp;psc=1&amp;dib=eyJ2IjoiMSJ9.guLN5EOY9sQfCLoVERjlXepxd2Ev5xGR8b5elcpu1BJdYV_FlzDmifc6WY8drw-L.HFr4GlIlkHpyeIqtQopWYw2eLSZy5QNa6muH6TAY1d8&amp;dib_tag=AUTHOR\"><span class=\"s1\"><i>Straight Talk Law: La verdad sobre los accidentes automovil\u00edsticos en Washington<\/i><\/span><\/a><\/span><\/li>\r\n<li class=\"li3\"><span class=\"s2\"><a href=\"https:\/\/www.amazon.com\/Straight-Talk-Law-Shocking-Advertising\/dp\/1595714510?ref_=ast_author_dp_rw&amp;th=1&amp;psc=1&amp;dib=eyJ2IjoiMSJ9.guLN5EOY9sQfCLoVERjlXepxd2Ev5xGR8b5elcpu1BJdYV_FlzDmifc6WY8drw-L.HFr4GlIlkHpyeIqtQopWYw2eLSZy5QNa6muH6TAY1d8&amp;dib_tag=AUTHOR\"><span class=\"s1\"><i>Straight Talk Law: La impactante verdad sobre la publicidad de abogados<\/i><\/span><\/a><\/span><\/li>\r\n<li class=\"li4\"><span class=\"s2\"><a href=\"https:\/\/www.amazon.com\/Straight-Talk-Law-Washington-Insurance\/dp\/1595714588?ref_=ast_author_dp_rw&amp;th=1&amp;psc=1&amp;dib=eyJ2IjoiMSJ9.guLN5EOY9sQfCLoVERjlXepxd2Ev5xGR8b5elcpu1BJdYV_FlzDmifc6WY8drw-L.HFr4GlIlkHpyeIqtQopWYw2eLSZy5QNa6muH6TAY1d8&amp;dib_tag=AUTHOR\"><span class=\"s1\"><i>Straight Talk Law: La verdad sobre la compra de seguros de autom\u00f3viles en Washington<\/i><\/span><\/a><\/span><\/li>\r\n<\/ul>\r\n<p class=\"p1\">En Premier Law Group, Jason representa a personas y familias de todo Washington que est\u00e1n lidiando con las consecuencias de lesiones graves, muertes por negligencia y otras p\u00e9rdidas devastadoras causadas por negligencia.<span class=\"Apple-converted-space\">\u00a0<\/span><\/p>\r\n<p class=\"p1\">El bufete ayuda a clientes en casos de accidentes automovil\u00edsticos, accidentes de camiones, accidentes de motocicleta, lesiones a peatones, traumatismos craneoencef\u00e1licos, lesiones de la m\u00e9dula espinal y otros da\u00f1os catastr\u00f3ficos. A trav\u00e9s de su trabajo, Jason sigue defendiendo a sus clientes durante algunos de los momentos m\u00e1s dif\u00edciles de sus vidas, al tiempo que lidera un bufete basado en la responsabilidad, la preparaci\u00f3n y la atenci\u00f3n personalizada.<\/p>","protected":false},"excerpt":{"rendered":"<p>Jason G. Epstein es abogado especializado en lesiones personales en Washington, autor, profesor de derecho y propietario de Premier Law Group, PLLC. Desde 1999, Jason ha dedicado su pr\u00e1ctica a ayudar a personas y familias que enfrentan las consecuencias de lesiones graves, muertes por negligencia y otras p\u00e9rdidas que cambian la vida. Representa a clientes en todo Washington en casos relacionados con colisiones de veh\u00edculos motorizados, accidentes catastr\u00f3ficos\u2026<\/p>","protected":false},"author":2,"featured_media":21727,"parent":9,"menu_order":2,"comment_status":"closed","ping_status":"closed","template":"page-templates\/single-attorney.php","meta":{"_acf_changed":false,"_genesis_hide_title":false,"_genesis_hide_breadcrumbs":false,"_genesis_hide_singular_image":false,"_genesis_hide_footer_widgets":false,"_genesis_custom_body_class":"","_genesis_custom_post_class":"","_genesis_layout":"","footnotes":""},"hc_faqs":[],"class_list":{"0":"post-91","1":"page","2":"type-page","3":"status-publish","4":"has-post-thumbnail","6":"entry"},"acf":[],"yoast_head":"<!-- This site is optimized with the Yoast SEO plugin v27.4 - https:\/\/yoast.com\/product\/yoast-seo-wordpress\/ -->\n<title>Jason G Epstein - Attorney<\/title>\n<meta name=\"description\" content=\"Jason G. Epstein is a Washington personal injury lawyer, author, law professor, and owner of Premier Law Group, PLLC. He has represented injured people since 1999 and teaches Law Firm Entrepreneurship and Trial and Pre-Trial Advocacy as an adjunct professor at Seattle University School of Law.\" \/>\n<meta name=\"robots\" content=\"index, follow, max-snippet:-1, max-image-preview:large, max-video-preview:-1\" \/>\n<link rel=\"canonical\" href=\"https:\/\/plg-pllc.com\/es\/about-us\/attorneys\/jason-epstein-2\/\" \/>\n<meta property=\"og:locale\" content=\"es_MX\" \/>\n<meta property=\"og:type\" content=\"article\" \/>\n<meta property=\"og:title\" content=\"Jason G Epstein - Attorney\" \/>\n<meta property=\"og:description\" content=\"Jason G. Epstein is a Washington personal injury lawyer, author, law professor, and owner of Premier Law Group, PLLC. He has represented injured people since 1999 and teaches Law Firm Entrepreneurship and Trial and Pre-Trial Advocacy as an adjunct professor at Seattle University School of Law.\" \/>\n<meta property=\"og:url\" content=\"https:\/\/plg-pllc.com\/es\/about-us\/attorneys\/jason-epstein-2\/\" \/>\n<meta property=\"og:site_name\" content=\"Premier Law Group\" \/>\n<meta property=\"article:publisher\" content=\"https:\/\/www.facebook.com\/premierlawgroup\" \/>\n<meta property=\"article:modified_time\" content=\"2026-04-03T19:15:41+00:00\" \/>\n<meta property=\"og:image\" content=\"https:\/\/plg-pllc.com\/wp-content\/uploads\/2026\/04\/Jason-G-Epstein-2026-2-e1775243735732.jpg\" \/>\n\t<meta property=\"og:image:width\" content=\"379\" \/>\n\t<meta property=\"og:image:height\" content=\"455\" \/>\n\t<meta property=\"og:image:type\" content=\"image\/jpeg\" \/>\n<meta name=\"twitter:card\" content=\"summary_large_image\" \/>\n<meta name=\"twitter:site\" content=\"@premierlawgroup\" \/>\n<meta name=\"twitter:label1\" content=\"Tiempo de lectura\" \/>\n\t<meta name=\"twitter:data1\" content=\"3 minutos\" \/>\n<script type=\"application\/ld+json\" class=\"yoast-schema-graph\">{\"@context\":\"https:\\\/\\\/schema.org\",\"@graph\":[{\"@type\":\"WebPage\",\"@id\":\"https:\\\/\\\/plg-pllc.com\\\/about-us\\\/attorneys\\\/jason-epstein\\\/\",\"url\":\"https:\\\/\\\/plg-pllc.com\\\/about-us\\\/attorneys\\\/jason-epstein\\\/\",\"name\":\"Jason G Epstein - Attorney\",\"isPartOf\":{\"@id\":\"https:\\\/\\\/plg-pllc.com\\\/#website\"},\"primaryImageOfPage\":{\"@id\":\"https:\\\/\\\/plg-pllc.com\\\/about-us\\\/attorneys\\\/jason-epstein\\\/#primaryimage\"},\"image\":{\"@id\":\"https:\\\/\\\/plg-pllc.com\\\/about-us\\\/attorneys\\\/jason-epstein\\\/#primaryimage\"},\"thumbnailUrl\":\"https:\\\/\\\/plg-pllc.com\\\/wp-content\\\/uploads\\\/2026\\\/04\\\/Jason-G-Epstein-2026-2-e1775243735732.jpg\",\"datePublished\":\"2009-10-05T03:25:03+00:00\",\"dateModified\":\"2026-04-03T19:15:41+00:00\",\"description\":\"Jason G. Epstein is a Washington personal injury lawyer, author, law professor, and owner of Premier Law Group, PLLC. He has represented injured people since 1999 and teaches Law Firm Entrepreneurship and Trial and Pre-Trial Advocacy as an adjunct professor at Seattle University School of Law.\",\"breadcrumb\":{\"@id\":\"https:\\\/\\\/plg-pllc.com\\\/about-us\\\/attorneys\\\/jason-epstein\\\/#breadcrumb\"},\"inLanguage\":\"es\",\"potentialAction\":[{\"@type\":\"ReadAction\",\"target\":[\"https:\\\/\\\/plg-pllc.com\\\/about-us\\\/attorneys\\\/jason-epstein\\\/\"]}]},{\"@type\":\"ImageObject\",\"inLanguage\":\"es\",\"@id\":\"https:\\\/\\\/plg-pllc.com\\\/about-us\\\/attorneys\\\/jason-epstein\\\/#primaryimage\",\"url\":\"https:\\\/\\\/plg-pllc.com\\\/wp-content\\\/uploads\\\/2026\\\/04\\\/Jason-G-Epstein-2026-2-e1775243735732.jpg\",\"contentUrl\":\"https:\\\/\\\/plg-pllc.com\\\/wp-content\\\/uploads\\\/2026\\\/04\\\/Jason-G-Epstein-2026-2-e1775243735732.jpg\",\"width\":379,\"height\":455},{\"@type\":\"BreadcrumbList\",\"@id\":\"https:\\\/\\\/plg-pllc.com\\\/about-us\\\/attorneys\\\/jason-epstein\\\/#breadcrumb\",\"itemListElement\":[{\"@type\":\"ListItem\",\"position\":1,\"name\":\"Home\",\"item\":\"https:\\\/\\\/plg-pllc.com\\\/es\\\/\"},{\"@type\":\"ListItem\",\"position\":2,\"name\":\"About Us\",\"item\":\"https:\\\/\\\/plg-pllc.com\\\/es\\\/about-us\\\/\"},{\"@type\":\"ListItem\",\"position\":3,\"name\":\"Our Attorneys\",\"item\":\"https:\\\/\\\/plg-pllc.com\\\/es\\\/about-us\\\/attorneys\\\/\"},{\"@type\":\"ListItem\",\"position\":4,\"name\":\"Jason G Epstein\"}]},{\"@type\":\"WebSite\",\"@id\":\"https:\\\/\\\/plg-pllc.com\\\/#website\",\"url\":\"https:\\\/\\\/plg-pllc.com\\\/\",\"name\":\"Premier Law Group\",\"description\":\"Washington Wrongful Death and Serious Injury Lawyer\",\"publisher\":{\"@id\":\"https:\\\/\\\/plg-pllc.com\\\/#organization\"},\"inLanguage\":\"es\"},{\"@type\":\"Organization\",\"@id\":\"https:\\\/\\\/plg-pllc.com\\\/#organization\",\"name\":\"Premier Law Group\",\"url\":\"https:\\\/\\\/plg-pllc.com\\\/\",\"logo\":{\"@type\":\"ImageObject\",\"inLanguage\":\"es\",\"@id\":\"https:\\\/\\\/plg-pllc.com\\\/#\\\/schema\\\/logo\\\/image\\\/\",\"url\":\"https:\\\/\\\/plg-pllc.com\\\/wp-content\\\/uploads\\\/2020\\\/10\\\/plg-logo-v2.gif\",\"contentUrl\":\"https:\\\/\\\/plg-pllc.com\\\/wp-content\\\/uploads\\\/2020\\\/10\\\/plg-logo-v2.gif\",\"width\":592,\"height\":191,\"caption\":\"Premier Law Group\"},\"image\":{\"@id\":\"https:\\\/\\\/plg-pllc.com\\\/#\\\/schema\\\/logo\\\/image\\\/\"},\"sameAs\":[\"https:\\\/\\\/www.facebook.com\\\/premierlawgroup\",\"https:\\\/\\\/x.com\\\/premierlawgroup\"]}]}<\/script>\n<!-- \/ Yoast SEO plugin. -->","yoast_head_json":{"title":"Jason G Epstein - Abogado","description":"Jason G. Epstein es abogado especializado en lesiones personales en el estado de Washington, autor, profesor de derecho y propietario de Premier Law Group, PLLC. Representa a personas lesionadas desde 1999 e imparte clases de Emprendimiento en Despachos de Abogados y Defensa en Juicio y Previa al Juicio como profesor adjunto en la Facultad de Derecho de la Universidad de Seattle.","robots":{"index":"index","follow":"follow","max-snippet":"max-snippet:-1","max-image-preview":"max-image-preview:large","max-video-preview":"max-video-preview:-1"},"canonical":"https:\/\/plg-pllc.com\/es\/about-us\/attorneys\/jason-epstein-2\/","og_locale":"es_MX","og_type":"article","og_title":"Jason G Epstein - Attorney","og_description":"Jason G. Epstein is a Washington personal injury lawyer, author, law professor, and owner of Premier Law Group, PLLC. He has represented injured people since 1999 and teaches Law Firm Entrepreneurship and Trial and Pre-Trial Advocacy as an adjunct professor at Seattle University School of Law.","og_url":"https:\/\/plg-pllc.com\/es\/about-us\/attorneys\/jason-epstein-2\/","og_site_name":"Premier Law Group","article_publisher":"https:\/\/www.facebook.com\/premierlawgroup","article_modified_time":"2026-04-03T19:15:41+00:00","og_image":[{"width":379,"height":455,"url":"https:\/\/plg-pllc.com\/wp-content\/uploads\/2026\/04\/Jason-G-Epstein-2026-2-e1775243735732.jpg","type":"image\/jpeg"}],"twitter_card":"summary_large_image","twitter_site":"@premierlawgroup","twitter_misc":{"Tiempo de lectura":"3 minutos"},"schema":{"@context":"https:\/\/schema.org","@graph":[{"@type":"WebPage","@id":"https:\/\/plg-pllc.com\/about-us\/attorneys\/jason-epstein\/","url":"https:\/\/plg-pllc.com\/about-us\/attorneys\/jason-epstein\/","name":"Jason G Epstein - Abogado","isPartOf":{"@id":"https:\/\/plg-pllc.com\/#website"},"primaryImageOfPage":{"@id":"https:\/\/plg-pllc.com\/about-us\/attorneys\/jason-epstein\/#primaryimage"},"image":{"@id":"https:\/\/plg-pllc.com\/about-us\/attorneys\/jason-epstein\/#primaryimage"},"thumbnailUrl":"https:\/\/plg-pllc.com\/wp-content\/uploads\/2026\/04\/Jason-G-Epstein-2026-2-e1775243735732.jpg","datePublished":"2009-10-05T03:25:03+00:00","dateModified":"2026-04-03T19:15:41+00:00","description":"Jason G. Epstein es abogado especializado en lesiones personales en el estado de Washington, autor, profesor de derecho y propietario de Premier Law Group, PLLC. Representa a personas lesionadas desde 1999 e imparte clases de Emprendimiento en Despachos de Abogados y Defensa en Juicio y Previa al Juicio como profesor adjunto en la Facultad de Derecho de la Universidad de Seattle.","breadcrumb":{"@id":"https:\/\/plg-pllc.com\/about-us\/attorneys\/jason-epstein\/#breadcrumb"},"inLanguage":"es","potentialAction":[{"@type":"ReadAction","target":["https:\/\/plg-pllc.com\/about-us\/attorneys\/jason-epstein\/"]}]},{"@type":"ImageObject","inLanguage":"es","@id":"https:\/\/plg-pllc.com\/about-us\/attorneys\/jason-epstein\/#primaryimage","url":"https:\/\/plg-pllc.com\/wp-content\/uploads\/2026\/04\/Jason-G-Epstein-2026-2-e1775243735732.jpg","contentUrl":"https:\/\/plg-pllc.com\/wp-content\/uploads\/2026\/04\/Jason-G-Epstein-2026-2-e1775243735732.jpg","width":379,"height":455},{"@type":"BreadcrumbList","@id":"https:\/\/plg-pllc.com\/about-us\/attorneys\/jason-epstein\/#breadcrumb","itemListElement":[{"@type":"ListItem","position":1,"name":"Home","item":"https:\/\/plg-pllc.com\/es\/"},{"@type":"ListItem","position":2,"name":"About Us","item":"https:\/\/plg-pllc.com\/es\/about-us\/"},{"@type":"ListItem","position":3,"name":"Our Attorneys","item":"https:\/\/plg-pllc.com\/es\/about-us\/attorneys\/"},{"@type":"ListItem","position":4,"name":"Jason G Epstein"}]},{"@type":"WebSite","@id":"https:\/\/plg-pllc.com\/#website","url":"https:\/\/plg-pllc.com\/","name":"Grupo de abogados Premier","description":"Abogado de muerte por negligencia y lesiones graves en Washington","publisher":{"@id":"https:\/\/plg-pllc.com\/#organization"},"inLanguage":"es"},{"@type":"Organization","@id":"https:\/\/plg-pllc.com\/#organization","name":"Grupo de abogados Premier","url":"https:\/\/plg-pllc.com\/","logo":{"@type":"ImageObject","inLanguage":"es","@id":"https:\/\/plg-pllc.com\/#\/schema\/logo\/image\/","url":"https:\/\/plg-pllc.com\/wp-content\/uploads\/2020\/10\/plg-logo-v2.gif","contentUrl":"https:\/\/plg-pllc.com\/wp-content\/uploads\/2020\/10\/plg-logo-v2.gif","width":592,"height":191,"caption":"Premier Law Group"},"image":{"@id":"https:\/\/plg-pllc.com\/#\/schema\/logo\/image\/"},"sameAs":["https:\/\/www.facebook.com\/premierlawgroup","https:\/\/x.com\/premierlawgroup"]}]}},"_links":{"self":[{"href":"https:\/\/plg-pllc.com\/es\/wp-json\/wp\/v2\/pages\/91","targetHints":{"allow":["GET"]}}],"collection":[{"href":"https:\/\/plg-pllc.com\/es\/wp-json\/wp\/v2\/pages"}],"about":[{"href":"https:\/\/plg-pllc.com\/es\/wp-json\/wp\/v2\/types\/page"}],"author":[{"embeddable":true,"href":"https:\/\/plg-pllc.com\/es\/wp-json\/wp\/v2\/users\/2"}],"replies":[{"embeddable":true,"href":"https:\/\/plg-pllc.com\/es\/wp-json\/wp\/v2\/comments?post=91"}],"version-history":[{"count":0,"href":"https:\/\/plg-pllc.com\/es\/wp-json\/wp\/v2\/pages\/91\/revisions"}],"up":[{"embeddable":true,"href":"https:\/\/plg-pllc.com\/es\/wp-json\/wp\/v2\/pages\/9"}],"wp:featuredmedia":[{"embeddable":true,"href":"https:\/\/plg-pllc.com\/es\/wp-json\/wp\/v2\/media\/21727"}],"wp:attachment":[{"href":"https:\/\/plg-pllc.com\/es\/wp-json\/wp\/v2\/media?parent=91"}],"wp:term":[{"taxonomy":"hc_faqs","embeddable":true,"href":"https:\/\/plg-pllc.com\/es\/wp-json\/wp\/v2\/hc_faqs?post=91"}],"curies":[{"name":"gracias","href":"https:\/\/api.w.org\/{rel}","templated":true}]}}