{"id":9162,"date":"2013-01-16T17:07:36","date_gmt":"2013-01-17T01:07:36","guid":{"rendered":"https:\/\/plg-pllc.com\/?p=9162"},"modified":"2024-11-07T04:12:14","modified_gmt":"2024-11-07T12:12:14","slug":"10-facts-you-should-know-about-overtime","status":"publish","type":"page","link":"https:\/\/plg-pllc.com\/es\/faqs\/10-facts-you-should-know-about-overtime\/","title":{"rendered":"10 datos que debes saber sobre las horas extras"},"content":{"rendered":"<p>Cuando se trata de trabajar horas extra, muchas personas no tienen muy claras las leyes. Esto es particularmente cierto cuando se trata de empleados asalariados. No asuma que solo porque le pagan un salario est\u00e1 exento de la elegibilidad para trabajar horas extra. A continuaci\u00f3n, se presenta un desglose de 10 datos que cualquier empleado del estado de Washington deber\u00eda conocer.<\/p>\n<p>1. Las horas extras se definen como el tiempo trabajado que excede la semana laboral normal de 40 horas.<\/p>\n<p>2. El pago de horas extras es una vez y media su tarifa por hora normal.<\/p>\n<p>3. Existen algunas exclusiones a los requisitos de horas extra. Consulte las leyes federales y estatales para averiguar si se aplican a su caso.<\/p>\n<p>4. Recibir un salario no significa necesariamente que est\u00e9s excluido de realizar horas extras.<\/p>\n<p>5. Las horas extras de los empleados asalariados se calculan determinando la tasa de pago horaria promedio.<\/p>\n<p>6. Si solicita recibos de sueldo o tarjetas de tiempo para calcular su salario, no deber\u00eda ser necesario que revele por qu\u00e9 a su personal de recursos humanos y n\u00f3mina.<\/p>\n<p>7. No existe l\u00edmite para la cantidad de horas que su empleador puede exigirle que trabaje.<\/p>\n<p>8. Los empleadores no pueden llegar a un acuerdo con sus empleados en el que estos renuncien a su derecho a realizar horas extras. Es aceptable que se les compense con tiempo libre.<\/p>\n<p>9. Las propinas y gratificaciones no se incluyen al calcular las horas extras.<\/p>\n<p>10. La ley no obliga a los empleadores a proporcionar ning\u00fan tipo de pago de vacaciones.<\/p>\n<p>Entonces, \u00bfqu\u00e9 debe hacer si cree que se le debe un salario por las horas extra que ha trabajado? Valide su afirmaci\u00f3n de que ha trabajado m\u00e1s de 40 horas con pruebas. El m\u00e9todo m\u00e1s directo para hacerlo es reunir documentos que muestren las horas trabajadas, es decir, tarjetas de control de horario o recibos de sueldo. Si no tiene acceso a esta informaci\u00f3n, deber\u00e1 encontrar otra forma de demostrar de manera indudable que ha trabajado esas horas. Un abogado con experiencia deber\u00eda poder evaluar sus circunstancias y determinar si tiene un caso v\u00e1lido.<\/p>\n\n        <div class=\"rs-content-cta\">\n            <p>Llamar o enviar mensaje de texto <a href=\"tel:+12062851743\">(206) 285-1743<\/a> o complete un formulario de evaluaci\u00f3n de caso gratuito<\/p>\n            <a href=\"https:\/\/plg-pllc.com\/es\/contact-us\/\" title=\"OBTENGA UNA EVALUACI\u00d3N DE CASO GRATUITA\" class=\"btn-global\">OBTENGA UNA EVALUACI\u00d3N DE CASO GRATUITA<\/a>\n                    <picture>\n                            <source srcset=\"https:\/\/plg-pllc.com\/wp-content\/themes\/plg-pllc-redesign\/assets\/app\/img\/cta-thumb.webp\" type=\"image\/webp\"\/>\n                            <img src=\"https:\/\/plg-pllc.com\/wp-content\/themes\/plg-pllc-redesign\/assets\/app\/img\/cta-thumb.png\" alt=\"Grupo de abogados Premier\" title=\"Grupo de abogados Premier\" width=\"245\" height=\"220\" loading=\"auto\" fetchpriority=\"auto\" decoding=\"async\"\/>\n        <\/picture>\n        \n        <\/div>","protected":false},"excerpt":{"rendered":"<p>Cuando se trata de trabajar horas extra, muchas personas no tienen muy claras las leyes. Esto es particularmente cierto cuando se trata de empleados asalariados. No asuma que solo porque le pagan un salario est\u00e1 exento de la elegibilidad para trabajar horas extra. Aqu\u00ed hay un desglose de 10 hechos que cualquier empleado en el estado de Washington deber\u00eda saber. \u2026<\/p>","protected":false},"author":2,"featured_media":0,"parent":20714,"menu_order":0,"comment_status":"closed","ping_status":"closed","template":"","meta":{"_acf_changed":false,"_genesis_hide_title":false,"_genesis_hide_breadcrumbs":false,"_genesis_hide_singular_image":false,"_genesis_hide_footer_widgets":false,"_genesis_custom_body_class":"","_genesis_custom_post_class":"","_genesis_layout":"","footnotes":""},"hc_faqs":[10343],"class_list":{"0":"post-9162","1":"page","2":"type-page","3":"status-publish","5":"hc_faqs-unpaid-wages","6":"entry"},"acf":[],"yoast_head":"<!-- This site is optimized with the Yoast SEO plugin v27.2 - https:\/\/yoast.com\/product\/yoast-seo-wordpress\/ -->\n<title>10 Facts You Should Know About Overtime | PLG<\/title>\n<meta name=\"description\" content=\"10 Facts You Should Know About Overtime: Premier Law Group helps you unlock the full compensation you deserve. No Fee Unless We Win.\" \/>\n<meta name=\"robots\" content=\"index, follow, max-snippet:-1, max-image-preview:large, max-video-preview:-1\" \/>\n<link rel=\"canonical\" href=\"https:\/\/plg-pllc.com\/es\/faqs\/10-facts-you-should-know-about-overtime\/\" \/>\n<meta property=\"og:locale\" content=\"es_MX\" \/>\n<meta property=\"og:type\" content=\"article\" \/>\n<meta property=\"og:title\" content=\"10 Facts You Should Know About Overtime | PLG\" \/>\n<meta property=\"og:description\" content=\"10 Facts You Should Know About Overtime: Premier Law Group helps you unlock the full compensation you deserve. No Fee Unless We Win.\" \/>\n<meta property=\"og:url\" content=\"https:\/\/plg-pllc.com\/es\/faqs\/10-facts-you-should-know-about-overtime\/\" \/>\n<meta property=\"og:site_name\" content=\"Premier Law Group\" \/>\n<meta property=\"article:publisher\" content=\"https:\/\/www.facebook.com\/premierlawgroup\" \/>\n<meta property=\"article:modified_time\" content=\"2024-11-07T12:12:14+00:00\" \/>\n<meta name=\"twitter:card\" content=\"summary_large_image\" \/>\n<meta name=\"twitter:site\" content=\"@premierlawgroup\" \/>\n<meta name=\"twitter:label1\" content=\"Tiempo de lectura\" \/>\n\t<meta name=\"twitter:data1\" content=\"2 minutos\" \/>\n<script type=\"application\/ld+json\" class=\"yoast-schema-graph\">{\"@context\":\"https:\/\/schema.org\",\"@graph\":[{\"@type\":\"WebPage\",\"@id\":\"https:\/\/plg-pllc.com\/faqs\/10-facts-you-should-know-about-overtime\/\",\"url\":\"https:\/\/plg-pllc.com\/faqs\/10-facts-you-should-know-about-overtime\/\",\"name\":\"10 Facts You Should Know About Overtime | PLG\",\"isPartOf\":{\"@id\":\"https:\/\/plg-pllc.com\/#website\"},\"datePublished\":\"2013-01-17T01:07:36+00:00\",\"dateModified\":\"2024-11-07T12:12:14+00:00\",\"description\":\"10 Facts You Should Know About Overtime: Premier Law Group helps you unlock the full compensation you deserve. No Fee Unless We Win.\",\"breadcrumb\":{\"@id\":\"https:\/\/plg-pllc.com\/faqs\/10-facts-you-should-know-about-overtime\/#breadcrumb\"},\"inLanguage\":\"es\",\"potentialAction\":[{\"@type\":\"ReadAction\",\"target\":[\"https:\/\/plg-pllc.com\/faqs\/10-facts-you-should-know-about-overtime\/\"]}]},{\"@type\":\"BreadcrumbList\",\"@id\":\"https:\/\/plg-pllc.com\/faqs\/10-facts-you-should-know-about-overtime\/#breadcrumb\",\"itemListElement\":[{\"@type\":\"ListItem\",\"position\":1,\"name\":\"Home\",\"item\":\"https:\/\/plg-pllc.com\/es\/\"},{\"@type\":\"ListItem\",\"position\":2,\"name\":\"FAQs\",\"item\":\"https:\/\/plg-pllc.com\/es\/faqs\/\"},{\"@type\":\"ListItem\",\"position\":3,\"name\":\"10 Facts You Should Know About Overtime\"}]},{\"@type\":\"WebSite\",\"@id\":\"https:\/\/plg-pllc.com\/#website\",\"url\":\"https:\/\/plg-pllc.com\/\",\"name\":\"Premier Law Group\",\"description\":\"Washington Wrongful Death and Serious Injury Lawyer\",\"publisher\":{\"@id\":\"https:\/\/plg-pllc.com\/#organization\"},\"inLanguage\":\"es\"},{\"@type\":\"Organization\",\"@id\":\"https:\/\/plg-pllc.com\/#organization\",\"name\":\"Premier Law Group\",\"url\":\"https:\/\/plg-pllc.com\/\",\"logo\":{\"@type\":\"ImageObject\",\"inLanguage\":\"es\",\"@id\":\"https:\/\/plg-pllc.com\/#\/schema\/logo\/image\/\",\"url\":\"https:\/\/plg-pllc.com\/wp-content\/uploads\/2020\/10\/plg-logo-v2.gif\",\"contentUrl\":\"https:\/\/plg-pllc.com\/wp-content\/uploads\/2020\/10\/plg-logo-v2.gif\",\"width\":592,\"height\":191,\"caption\":\"Premier Law Group\"},\"image\":{\"@id\":\"https:\/\/plg-pllc.com\/#\/schema\/logo\/image\/\"},\"sameAs\":[\"https:\/\/www.facebook.com\/premierlawgroup\",\"https:\/\/x.com\/premierlawgroup\"]}]}<\/script>\n<!-- \/ Yoast SEO plugin. -->","yoast_head_json":{"title":"10 datos que debes saber sobre las horas extras | PLG","description":"10 datos que debe saber sobre las horas extra: Premier Law Group lo ayuda a obtener la compensaci\u00f3n total que se merece. Sin cargo a menos que ganemos.","robots":{"index":"index","follow":"follow","max-snippet":"max-snippet:-1","max-image-preview":"max-image-preview:large","max-video-preview":"max-video-preview:-1"},"canonical":"https:\/\/plg-pllc.com\/es\/faqs\/10-facts-you-should-know-about-overtime\/","og_locale":"es_MX","og_type":"article","og_title":"10 Facts You Should Know About Overtime | PLG","og_description":"10 Facts You Should Know About Overtime: Premier Law Group helps you unlock the full compensation you deserve. No Fee Unless We Win.","og_url":"https:\/\/plg-pllc.com\/es\/faqs\/10-facts-you-should-know-about-overtime\/","og_site_name":"Premier Law Group","article_publisher":"https:\/\/www.facebook.com\/premierlawgroup","article_modified_time":"2024-11-07T12:12:14+00:00","twitter_card":"summary_large_image","twitter_site":"@premierlawgroup","twitter_misc":{"Tiempo de lectura":"2 minutos"},"schema":{"@context":"https:\/\/schema.org","@graph":[{"@type":"WebPage","@id":"https:\/\/plg-pllc.com\/faqs\/10-facts-you-should-know-about-overtime\/","url":"https:\/\/plg-pllc.com\/faqs\/10-facts-you-should-know-about-overtime\/","name":"10 datos que debes saber sobre las horas extras | PLG","isPartOf":{"@id":"https:\/\/plg-pllc.com\/#website"},"datePublished":"2013-01-17T01:07:36+00:00","dateModified":"2024-11-07T12:12:14+00:00","description":"10 datos que debe saber sobre las horas extra: Premier Law Group lo ayuda a obtener la compensaci\u00f3n total que se merece. Sin cargo a menos que ganemos.","breadcrumb":{"@id":"https:\/\/plg-pllc.com\/faqs\/10-facts-you-should-know-about-overtime\/#breadcrumb"},"inLanguage":"es","potentialAction":[{"@type":"ReadAction","target":["https:\/\/plg-pllc.com\/faqs\/10-facts-you-should-know-about-overtime\/"]}]},{"@type":"BreadcrumbList","@id":"https:\/\/plg-pllc.com\/faqs\/10-facts-you-should-know-about-overtime\/#breadcrumb","itemListElement":[{"@type":"ListItem","position":1,"name":"Home","item":"https:\/\/plg-pllc.com\/es\/"},{"@type":"ListItem","position":2,"name":"FAQs","item":"https:\/\/plg-pllc.com\/es\/faqs\/"},{"@type":"ListItem","position":3,"name":"10 Facts You Should Know About Overtime"}]},{"@type":"WebSite","@id":"https:\/\/plg-pllc.com\/#website","url":"https:\/\/plg-pllc.com\/","name":"Grupo de abogados Premier","description":"Abogado de muerte por negligencia y lesiones graves en Washington","publisher":{"@id":"https:\/\/plg-pllc.com\/#organization"},"inLanguage":"es"},{"@type":"Organization","@id":"https:\/\/plg-pllc.com\/#organization","name":"Grupo de abogados Premier","url":"https:\/\/plg-pllc.com\/","logo":{"@type":"ImageObject","inLanguage":"es","@id":"https:\/\/plg-pllc.com\/#\/schema\/logo\/image\/","url":"https:\/\/plg-pllc.com\/wp-content\/uploads\/2020\/10\/plg-logo-v2.gif","contentUrl":"https:\/\/plg-pllc.com\/wp-content\/uploads\/2020\/10\/plg-logo-v2.gif","width":592,"height":191,"caption":"Premier Law Group"},"image":{"@id":"https:\/\/plg-pllc.com\/#\/schema\/logo\/image\/"},"sameAs":["https:\/\/www.facebook.com\/premierlawgroup","https:\/\/x.com\/premierlawgroup"]}]}},"_links":{"self":[{"href":"https:\/\/plg-pllc.com\/es\/wp-json\/wp\/v2\/pages\/9162","targetHints":{"allow":["GET"]}}],"collection":[{"href":"https:\/\/plg-pllc.com\/es\/wp-json\/wp\/v2\/pages"}],"about":[{"href":"https:\/\/plg-pllc.com\/es\/wp-json\/wp\/v2\/types\/page"}],"author":[{"embeddable":true,"href":"https:\/\/plg-pllc.com\/es\/wp-json\/wp\/v2\/users\/2"}],"replies":[{"embeddable":true,"href":"https:\/\/plg-pllc.com\/es\/wp-json\/wp\/v2\/comments?post=9162"}],"version-history":[{"count":0,"href":"https:\/\/plg-pllc.com\/es\/wp-json\/wp\/v2\/pages\/9162\/revisions"}],"up":[{"embeddable":true,"href":"https:\/\/plg-pllc.com\/es\/wp-json\/wp\/v2\/pages\/20714"}],"wp:attachment":[{"href":"https:\/\/plg-pllc.com\/es\/wp-json\/wp\/v2\/media?parent=9162"}],"wp:term":[{"taxonomy":"hc_faqs","embeddable":true,"href":"https:\/\/plg-pllc.com\/es\/wp-json\/wp\/v2\/hc_faqs?post=9162"}],"curies":[{"name":"gracias","href":"https:\/\/api.w.org\/{rel}","templated":true}]}}