{"id":9277,"date":"2013-01-29T18:35:27","date_gmt":"2013-01-30T02:35:27","guid":{"rendered":"https:\/\/plg-pllc.com\/?page_id=9277"},"modified":"2024-11-07T04:12:10","modified_gmt":"2024-11-07T12:12:10","slug":"patrick-testimonials","status":"publish","type":"page","link":"https:\/\/plg-pllc.com\/es\/client-reviews\/patrick-testimonials\/","title":{"rendered":"Testimonios de Patrick"},"content":{"rendered":"<p><a id=\"click-review\" href=\"https:\/\/plg-pllc.com\/leave-a-review\/\"><strong>Haga clic aqu\u00ed para dejar una rese\u00f1a<\/strong><\/a><\/p>\n<h2>\u00bfQu\u00e9 dicen los antiguos clientes sobre Patrick Kang?<\/h2>\n<p><iframe loading=\"lazy\" src=\"https:\/\/fast.wistia.net\/embed\/iframe\/rwz22tu176?controlsVisibleOnLoad=true&amp;version=v1&amp;videoHeight=248&amp;videoWidth=440&amp;volumeControl=true\" name=\"wistia_embed\" width=\"440\" height=\"248\" frameborder=\"0\" scrolling=\"no\"><\/iframe><\/p>\n<p><strong><em>\u2013 Darlene G., Federal Way, Washington<\/em><\/strong><\/p><p>\u201cPatrick desaf\u00eda las expectativas de un abogado. Es \u00e9tico, amable y muy agradable. No podr\u00eda imaginarme trabajando con nadie m\u00e1s. Patrick siempre me dio su opini\u00f3n honesta sobre mi caso, incluso si no era exactamente lo que quer\u00eda escuchar. Si bien mi caso era un caso menor, siempre sent\u00ed que Patrick lo manej\u00f3 como si fuera el \u00fanico caso que ten\u00eda sobre su escritorio. Elegir\u00eda a Patrick nuevamente sin dudarlo para cualquiera de mis necesidades legales\u201d.<\/p>\n<p><strong><em>\u2013 Stephanie B., Snohomish, Washington<\/em><\/strong><\/p><p>\u201cEstoy muy contento con el servicio que Patrick Kang y su equipo me han ofrecido. Patrick es bueno en lo que hace y tuve un caso sin estr\u00e9s que termin\u00f3 en un acuerdo con el que qued\u00e9 muy satisfecho\u201d.<\/p>\n<p><strong><em>\u2013 Jennifer K., Lake Stevens, Washington<\/em><\/strong><\/p><p>\u201cRecomiendo encarecidamente a Patrick Kang a cualquier persona que tenga que lidiar con un caso de discriminaci\u00f3n. Cuando conoc\u00ed a Patrick, probablemente pens\u00f3 que estaba un poco loca porque estaba muy angustiada por mi embarazo y mi regreso al trabajo. Mi ex empleador no respet\u00f3 mi licencia por maternidad y no recuper\u00e9 mi trabajo. Patrick me apoy\u00f3 durante dos a\u00f1os mientras manejaba mi caso. Siempre escuch\u00f3 y no me juzg\u00f3. Estoy muy agradecida de que sus habilidades como abogado le permitieran descubrir detalles que fortalecieron mi caso. Patrick estaba muy bien informado y era confiable. Nunca estuve a oscuras. Cada vez que lo llam\u00e9 y ten\u00eda preguntas, Patrick respondi\u00f3 r\u00e1pidamente. Trabaj\u00f3 muy duro represent\u00e1ndome y estoy muy feliz con el resultado\u201d.<\/p>\n<p><strong><em>\u2013 Brianne B., Woodinville, Washington<\/em><\/strong><\/p><p>\u201cHay tanto que podr\u00eda decir sobre Patrick Kang porque fue una gran inspiraci\u00f3n para m\u00ed y mi familia, no solo como abogado, sino tambi\u00e9n como individuo. Pero solo voy a hablar de Patrick como abogado debido a mi espacio limitado. En 2005, un taxi choc\u00f3 mi veh\u00edculo y mis hijos y yo resultamos heridos. Contratamos a un abogado (alguien que no era Patrick) para intentar que me pagaran las facturas m\u00e9dicas. Fuimos a arbitraje y perdimos. Estaba devastada porque sent\u00ed que se hab\u00eda cometido una \u201cinjusticia\u201d. Luego, nuestro abogado dej\u00f3 de representarnos y tuve que encontrar un nuevo abogado para que se encargara de la apelaci\u00f3n. Despu\u00e9s de llamar sin \u00e9xito a varios abogados, llam\u00e9 a la oficina de Patrick. Se reuni\u00f3 conmigo a pesar de que sab\u00eda que ten\u00eda otro abogado que perdi\u00f3 en el nivel de arbitraje. De los varios abogados a los que llam\u00e9, Patrick fue el \u00fanico dispuesto a escuchar mi historia. Acept\u00f3 hacerse cargo de mi caso, sabiendo que nuestras posibilidades eran escasas. Patrick Kang pas\u00f3 horas y horas en mi caso a pesar de que se trataba de un peque\u00f1o accidente automovil\u00edstico. Todav\u00eda recuerdo sus palabras: &quot;No importa lo peque\u00f1o o grande que sea el caso, siempre trato de hacer lo mejor que puedo y darlo todo en cada caso que acepto&quot;. Cuando la compa\u00f1\u00eda de seguros del taxi se neg\u00f3 a llegar a un acuerdo, fuimos a juicio. Patrick se reuni\u00f3 conmigo varias veces antes del juicio para ayudarme a estar preparada. Se reuni\u00f3 conmigo varias veces fuera de su horario laboral normal, ya que yo no ten\u00eda tiempo durante el horario laboral normal. Aunque estaba muy nerviosa por el juicio, Patrick me ense\u00f1\u00f3 t\u00e9cnicas para superar mis miedos, para que pudiera estar relajada al testificar. Durante los muchos meses que pasaron hasta el juicio, Patrick me mantuvo informada en todo momento. No solo recib\u00ed cartas formales, sino que \u00e9l personalmente se comunic\u00f3 conmigo y se reuni\u00f3 conmigo para explicarme lo que estaba sucediendo y el trabajo que hab\u00eda hecho en el caso. Afortunadamente para nosotros, ganamos en el juicio. El veredicto fue significativamente m\u00e1s de lo que le ofrecimos a la compa\u00f1\u00eda de seguros para llegar a un acuerdo antes del juicio. Patrick estaba muy bien preparado para el juicio y era obvio que sab\u00eda lo que estaba haciendo. El abogado que representaba a la compa\u00f1\u00eda de taxis era mucho mayor que Patrick, pero Patrick era tan bueno o mejor que el destacado abogado defensor. Patrick fue r\u00e1pido al hacer preguntas al testigo y responder las preguntas del juez. Gracias a la creencia fundamental de Patrick en el sistema legal y la justicia y a la lucha por lo que cre\u00eda que era correcto, ganamos. Patrick fue muy profesional, bondadoso, tranquilo, ambicioso y motivado. Fue admirable verlo. Era f\u00e1cil de abordar y me ayud\u00f3 a obtener justicia. Para cualquiera que est\u00e9 pensando en contratar a un abogado, recomiendo encarecidamente a Patrick Kang de Premier Law Group porque tiene las cualidades para ganar un caso dif\u00edcil\u201d.<\/p>\n<p><strong><em>\u2013 Andrea H., Seattle, Washington<\/em><\/strong><\/p><p>\u201cCuando conoc\u00ed a Patrick Kang de Premier Law Group, estaba estresado porque mi empleador no me pagaba mi salario y no estaba seguro de qu\u00e9 pod\u00eda hacer al respecto. Nunca hab\u00eda hablado con un abogado antes y no sab\u00eda qu\u00e9 esperar; sin embargo, me alegro de haber elegido a Patrick. Despu\u00e9s de hablar con \u00e9l, entend\u00ed mucho mejor la ley y mi situaci\u00f3n. Ten\u00edamos un plan para mi caso salarial y me explic\u00f3 los pros y los contras de varias opciones. Patrick fue directo sobre mi caso sin prometer demasiado ni demasiado poco los posibles resultados. Se tom\u00f3 el tiempo para aprender la complicada cadena de eventos. Patrick hizo un trabajo maravilloso. Sent\u00ed que Patrick estaba bien informado sobre la ley salarial y laboral. Explic\u00f3 cu\u00e1l era su plan y tambi\u00e9n las razones detr\u00e1s de su plan... Patrick siempre estuvo atento a devolver mis llamadas y correos electr\u00f3nicos. Siempre me mantuvo informado de cualquier cambio en mi caso. Me ayud\u00f3 a lograr los resultados que esperaba. Recomendar\u00eda a Patrick a cualquiera que necesite un abogado. Es trabajador, agradable, amigable y tiene paciencia con sus clientes que est\u00e1n en un momento estresante de su vida. \u201c\u00c9l realmente entiende las leyes salariales y laborales y estaba dispuesto a ayudar\u201d.<\/p>\n<p><strong><em>\u2013 Brian K., Sammamish, Washington<\/em><\/strong><\/p><p>\u201cMe puse en contacto con Patrick Kang porque mi empleador se neg\u00f3 a pagarme mi salario porque afirmaba que hab\u00eda robado algunos productos de nuestra tienda. Aunque no rob\u00e9 nada, mi empleador me despidi\u00f3 y se iba a quedar con mi dinero para pagar los art\u00edculos que faltaban. Patrick acept\u00f3 representarme a pesar de que la cantidad de dinero que me deb\u00edan no era tanta. Tambi\u00e9n logr\u00f3 que mi exjefe pagara por su tiempo, de modo que yo no tuve que pagarle. Creo que cualquiera que necesite un abogado deber\u00eda ponerse en contacto con Patrick. Sabe lo que hace y fue muy amable y f\u00e1cil hablar con \u00e9l\u201d.<\/p>\n<p><strong><em>\u2013 Mari B., Federal Way, Washington<\/em><\/strong><\/p><p>\u201cNuestro accidente de coche no fue nada grave. Nos chocaron por detr\u00e1s y nos dol\u00eda el cuello y la espalda. Recibimos tratamiento durante unos meses y luego presentamos una reclamaci\u00f3n a nuestra compa\u00f1\u00eda de seguros. Pero la compa\u00f1\u00eda de seguros se neg\u00f3 a pagar los gastos m\u00e9dicos, dici\u00e9ndonos que deb\u00edamos presentar nuestra reclamaci\u00f3n contra la compa\u00f1\u00eda de seguros del conductor que nos choc\u00f3. Contratamos a Patrick Kang, con la esperanza de que pudiera ayudarnos a conseguir que al menos nos pagaran los gastos m\u00e9dicos, pero pensamos que probablemente era una causa perdida porque el otro conductor no ten\u00eda seguro. Tuvimos que demandar a nuestra propia compa\u00f1\u00eda de seguros para intentar que pagaran la reclamaci\u00f3n. S\u00f3lo despu\u00e9s de que se present\u00f3 la demanda nos enteramos de que nuestra compa\u00f1\u00eda de seguros se neg\u00f3 a pagar porque pensaban que en realidad no est\u00e1bamos heridos. Incluso hicieron alg\u00fan tipo de investigaci\u00f3n sobre nosotros. Varios meses despu\u00e9s de que se present\u00f3 la demanda, Patrick nos llam\u00f3 y nos dijo que nuestra compa\u00f1\u00eda de seguros quer\u00eda intentar resolver el caso. Fuimos a mediaci\u00f3n y el caso se resolvi\u00f3. No s\u00f3lo pagaron nuestros gastos m\u00e9dicos, sino que tambi\u00e9n pagaron dinero adicional por nuestro dolor y sufrimiento y por violar la ley de seguros por negarse a proporcionar cobertura desde el principio. \u201cRecibimos casi 100 000 T\/T. Patrick hizo un trabajo maravilloso represent\u00e1ndonos. Ten\u00eda un gran conocimiento sobre la ley de seguros y lesiones personales. Estamos muy agradecidos de que nos haya representado. Lo recomendar\u00edamos encarecidamente si alguien est\u00e1 buscando un abogado en el \u00e1rea de Seattle\/Tacoma. \u00a1\u00a1\u00a1Gracias por el arduo trabajo y el excelente resultado!!!\u201d<\/p>\n<p><strong><em>\u2013 Andrew A., Tacoma, Washington<\/em><\/strong><\/p><p>\u201cEstoy muy agradecido de que Patrick haya aceptado hacerse cargo de mi caso de discriminaci\u00f3n racial y represalias contra mi ex empleador. No s\u00e9 qu\u00e9 habr\u00edamos hecho mi familia y yo sin su ayuda. Todo comenz\u00f3 cuando el gerente general de mi empresa hizo repetidos comentarios raciales sobre m\u00ed a mis compa\u00f1eros de trabajo. Algunos ocurrieron delante de m\u00ed y otros me los contaron mis compa\u00f1eros de trabajo. Como pens\u00e9 que esos comentarios eran inapropiados, present\u00e9 una queja ante el departamento de recursos humanos. Me aseguraron que la conducta del gerente no se repetir\u00eda. Pero tan pronto como me quej\u00e9, el gerente me trat\u00f3 de manera diferente. Durante la Navidad, todos los dem\u00e1s vendedores recibieron una bonificaci\u00f3n excepto yo, a pesar de que ten\u00eda buenas evaluaciones de desempe\u00f1o y mis ventas eran mejores que las de muchos de mis compa\u00f1eros de trabajo. Fue bastante vergonzoso para m\u00ed y mi esposa estar en la fiesta y ser los \u00fanicos a los que no les entregaron un sobre con la bonificaci\u00f3n. Un par de semanas despu\u00e9s, mi gerente me despidi\u00f3 porque afirm\u00f3 que uno de mis clientes devolvi\u00f3 su pedido a pesar de que era una pr\u00e1ctica com\u00fan en nuestra industria que un cliente devolviera sus pedidos. Presentamos nuestra demanda por discriminaci\u00f3n y represalias en Seattle. Antes de presentar la demanda, Patrick me explic\u00f3 todo el proceso y respondi\u00f3 a todas mis preguntas. Conoc\u00eda la ley contra la discriminaci\u00f3n y fue muy honesto y directo sobre este tipo de casos. Respondi\u00f3 mis llamadas r\u00e1pidamente. Me mantuvo informado durante todo el caso. Llegamos a un acuerdo que me satisfizo. Recomiendo encarecidamente a Patrick a cualquiera que busque un abogado especializado en discriminaci\u00f3n\u201d.<\/p>\n<p><strong><em>\u2013 Dennis K., Bainbridge, Washington<\/em><\/strong><\/p>","protected":false},"excerpt":{"rendered":"<p>\u00bfQu\u00e9 dicen los antiguos clientes sobre Patrick Kang? \u2013 Darlene G., Federal Way, WA\u201cPatrick desaf\u00eda las expectativas de un abogado. Es \u00e9tico, amable y muy agradable. No podr\u00eda imaginarme trabajando con nadie m\u00e1s. Patrick siempre me dio su opini\u00f3n honesta sobre mi caso, incluso si no era exactamente la misma \u2026<\/p>","protected":false},"author":2,"featured_media":0,"parent":94,"menu_order":0,"comment_status":"closed","ping_status":"closed","template":"","meta":{"_acf_changed":false,"_genesis_hide_title":false,"_genesis_hide_breadcrumbs":false,"_genesis_hide_singular_image":false,"_genesis_hide_footer_widgets":false,"_genesis_custom_body_class":"","_genesis_custom_post_class":"","_genesis_layout":"","footnotes":""},"hc_faqs":[],"class_list":{"0":"post-9277","1":"page","2":"type-page","3":"status-publish","5":"entry"},"acf":[],"yoast_head":"<!-- This site is optimized with the Yoast SEO plugin v27.4 - https:\/\/yoast.com\/product\/yoast-seo-wordpress\/ -->\n<title>Patrick\u2019s Testimonials<\/title>\n<meta name=\"description\" content=\"Patrick\u2019s Testimonials: Premier Law Group helps you unlock the full compensation you deserve. No Fee Unless We Win.\" \/>\n<meta name=\"robots\" content=\"index, follow, max-snippet:-1, max-image-preview:large, max-video-preview:-1\" \/>\n<link rel=\"canonical\" href=\"https:\/\/plg-pllc.com\/es\/client-reviews\/patrick-testimonials\/\" \/>\n<meta property=\"og:locale\" content=\"es_MX\" \/>\n<meta property=\"og:type\" content=\"article\" \/>\n<meta property=\"og:title\" content=\"Patrick\u2019s Testimonials\" \/>\n<meta property=\"og:description\" content=\"Patrick\u2019s Testimonials: Premier Law Group helps you unlock the full compensation you deserve. No Fee Unless We Win.\" \/>\n<meta property=\"og:url\" content=\"https:\/\/plg-pllc.com\/es\/client-reviews\/patrick-testimonials\/\" \/>\n<meta property=\"og:site_name\" content=\"Premier Law Group\" \/>\n<meta property=\"article:publisher\" content=\"https:\/\/www.facebook.com\/premierlawgroup\" \/>\n<meta property=\"article:modified_time\" content=\"2024-11-07T12:12:10+00:00\" \/>\n<meta name=\"twitter:card\" content=\"summary_large_image\" \/>\n<meta name=\"twitter:site\" content=\"@premierlawgroup\" \/>\n<meta name=\"twitter:label1\" content=\"Tiempo de lectura\" \/>\n\t<meta name=\"twitter:data1\" content=\"8 minutos\" \/>\n<script type=\"application\/ld+json\" class=\"yoast-schema-graph\">{\"@context\":\"https:\\\/\\\/schema.org\",\"@graph\":[{\"@type\":\"WebPage\",\"@id\":\"https:\\\/\\\/plg-pllc.com\\\/client-reviews\\\/patrick-testimonials\\\/\",\"url\":\"https:\\\/\\\/plg-pllc.com\\\/client-reviews\\\/patrick-testimonials\\\/\",\"name\":\"Patrick\u2019s Testimonials\",\"isPartOf\":{\"@id\":\"https:\\\/\\\/plg-pllc.com\\\/#website\"},\"datePublished\":\"2013-01-30T02:35:27+00:00\",\"dateModified\":\"2024-11-07T12:12:10+00:00\",\"description\":\"Patrick\u2019s Testimonials: Premier Law Group helps you unlock the full compensation you deserve. No Fee Unless We Win.\",\"breadcrumb\":{\"@id\":\"https:\\\/\\\/plg-pllc.com\\\/client-reviews\\\/patrick-testimonials\\\/#breadcrumb\"},\"inLanguage\":\"es\",\"potentialAction\":[{\"@type\":\"ReadAction\",\"target\":[\"https:\\\/\\\/plg-pllc.com\\\/client-reviews\\\/patrick-testimonials\\\/\"]}]},{\"@type\":\"BreadcrumbList\",\"@id\":\"https:\\\/\\\/plg-pllc.com\\\/client-reviews\\\/patrick-testimonials\\\/#breadcrumb\",\"itemListElement\":[{\"@type\":\"ListItem\",\"position\":1,\"name\":\"Home\",\"item\":\"https:\\\/\\\/plg-pllc.com\\\/es\\\/\"},{\"@type\":\"ListItem\",\"position\":2,\"name\":\"About Us\",\"item\":\"https:\\\/\\\/plg-pllc.com\\\/es\\\/about-us\\\/\"},{\"@type\":\"ListItem\",\"position\":3,\"name\":\"Our Attorneys\",\"item\":\"https:\\\/\\\/plg-pllc.com\\\/es\\\/about-us\\\/attorneys\\\/\"},{\"@type\":\"ListItem\",\"position\":4,\"name\":\"Patrick J. Kang\",\"item\":\"https:\\\/\\\/plg-pllc.com\\\/es\\\/about-us\\\/attorneys\\\/patrick-j-kang\\\/\"},{\"@type\":\"ListItem\",\"position\":5,\"name\":\"Patrick\u2019s Testimonials\"}]},{\"@type\":\"WebSite\",\"@id\":\"https:\\\/\\\/plg-pllc.com\\\/#website\",\"url\":\"https:\\\/\\\/plg-pllc.com\\\/\",\"name\":\"Premier Law Group\",\"description\":\"Washington Wrongful Death and Serious Injury Lawyer\",\"publisher\":{\"@id\":\"https:\\\/\\\/plg-pllc.com\\\/#organization\"},\"inLanguage\":\"es\"},{\"@type\":\"Organization\",\"@id\":\"https:\\\/\\\/plg-pllc.com\\\/#organization\",\"name\":\"Premier Law Group\",\"url\":\"https:\\\/\\\/plg-pllc.com\\\/\",\"logo\":{\"@type\":\"ImageObject\",\"inLanguage\":\"es\",\"@id\":\"https:\\\/\\\/plg-pllc.com\\\/#\\\/schema\\\/logo\\\/image\\\/\",\"url\":\"https:\\\/\\\/plg-pllc.com\\\/wp-content\\\/uploads\\\/2020\\\/10\\\/plg-logo-v2.gif\",\"contentUrl\":\"https:\\\/\\\/plg-pllc.com\\\/wp-content\\\/uploads\\\/2020\\\/10\\\/plg-logo-v2.gif\",\"width\":592,\"height\":191,\"caption\":\"Premier Law Group\"},\"image\":{\"@id\":\"https:\\\/\\\/plg-pllc.com\\\/#\\\/schema\\\/logo\\\/image\\\/\"},\"sameAs\":[\"https:\\\/\\\/www.facebook.com\\\/premierlawgroup\",\"https:\\\/\\\/x.com\\\/premierlawgroup\"]}]}<\/script>\n<!-- \/ Yoast SEO plugin. -->","yoast_head_json":{"title":"Testimonios de Patrick","description":"Testimonios de Patrick: Premier Law Group le ayuda a obtener la compensaci\u00f3n total que merece. No le cobraremos honorarios a menos que ganemos.","robots":{"index":"index","follow":"follow","max-snippet":"max-snippet:-1","max-image-preview":"max-image-preview:large","max-video-preview":"max-video-preview:-1"},"canonical":"https:\/\/plg-pllc.com\/es\/client-reviews\/patrick-testimonials\/","og_locale":"es_MX","og_type":"article","og_title":"Patrick\u2019s Testimonials","og_description":"Patrick\u2019s Testimonials: Premier Law Group helps you unlock the full compensation you deserve. No Fee Unless We Win.","og_url":"https:\/\/plg-pllc.com\/es\/client-reviews\/patrick-testimonials\/","og_site_name":"Premier Law Group","article_publisher":"https:\/\/www.facebook.com\/premierlawgroup","article_modified_time":"2024-11-07T12:12:10+00:00","twitter_card":"summary_large_image","twitter_site":"@premierlawgroup","twitter_misc":{"Tiempo de lectura":"8 minutos"},"schema":{"@context":"https:\/\/schema.org","@graph":[{"@type":"WebPage","@id":"https:\/\/plg-pllc.com\/client-reviews\/patrick-testimonials\/","url":"https:\/\/plg-pllc.com\/client-reviews\/patrick-testimonials\/","name":"Testimonios de Patrick","isPartOf":{"@id":"https:\/\/plg-pllc.com\/#website"},"datePublished":"2013-01-30T02:35:27+00:00","dateModified":"2024-11-07T12:12:10+00:00","description":"Testimonios de Patrick: Premier Law Group le ayuda a obtener la compensaci\u00f3n total que merece. No le cobraremos honorarios a menos que ganemos.","breadcrumb":{"@id":"https:\/\/plg-pllc.com\/client-reviews\/patrick-testimonials\/#breadcrumb"},"inLanguage":"es","potentialAction":[{"@type":"ReadAction","target":["https:\/\/plg-pllc.com\/client-reviews\/patrick-testimonials\/"]}]},{"@type":"BreadcrumbList","@id":"https:\/\/plg-pllc.com\/client-reviews\/patrick-testimonials\/#breadcrumb","itemListElement":[{"@type":"ListItem","position":1,"name":"Home","item":"https:\/\/plg-pllc.com\/es\/"},{"@type":"ListItem","position":2,"name":"About Us","item":"https:\/\/plg-pllc.com\/es\/about-us\/"},{"@type":"ListItem","position":3,"name":"Our Attorneys","item":"https:\/\/plg-pllc.com\/es\/about-us\/attorneys\/"},{"@type":"ListItem","position":4,"name":"Patrick J. Kang","item":"https:\/\/plg-pllc.com\/es\/about-us\/attorneys\/patrick-j-kang\/"},{"@type":"ListItem","position":5,"name":"Patrick\u2019s Testimonials"}]},{"@type":"WebSite","@id":"https:\/\/plg-pllc.com\/#website","url":"https:\/\/plg-pllc.com\/","name":"Grupo de abogados Premier","description":"Abogado de muerte por negligencia y lesiones graves en Washington","publisher":{"@id":"https:\/\/plg-pllc.com\/#organization"},"inLanguage":"es"},{"@type":"Organization","@id":"https:\/\/plg-pllc.com\/#organization","name":"Grupo de abogados Premier","url":"https:\/\/plg-pllc.com\/","logo":{"@type":"ImageObject","inLanguage":"es","@id":"https:\/\/plg-pllc.com\/#\/schema\/logo\/image\/","url":"https:\/\/plg-pllc.com\/wp-content\/uploads\/2020\/10\/plg-logo-v2.gif","contentUrl":"https:\/\/plg-pllc.com\/wp-content\/uploads\/2020\/10\/plg-logo-v2.gif","width":592,"height":191,"caption":"Premier Law Group"},"image":{"@id":"https:\/\/plg-pllc.com\/#\/schema\/logo\/image\/"},"sameAs":["https:\/\/www.facebook.com\/premierlawgroup","https:\/\/x.com\/premierlawgroup"]}]}},"_links":{"self":[{"href":"https:\/\/plg-pllc.com\/es\/wp-json\/wp\/v2\/pages\/9277","targetHints":{"allow":["GET"]}}],"collection":[{"href":"https:\/\/plg-pllc.com\/es\/wp-json\/wp\/v2\/pages"}],"about":[{"href":"https:\/\/plg-pllc.com\/es\/wp-json\/wp\/v2\/types\/page"}],"author":[{"embeddable":true,"href":"https:\/\/plg-pllc.com\/es\/wp-json\/wp\/v2\/users\/2"}],"replies":[{"embeddable":true,"href":"https:\/\/plg-pllc.com\/es\/wp-json\/wp\/v2\/comments?post=9277"}],"version-history":[{"count":0,"href":"https:\/\/plg-pllc.com\/es\/wp-json\/wp\/v2\/pages\/9277\/revisions"}],"up":[{"embeddable":true,"href":"https:\/\/plg-pllc.com\/es\/wp-json\/wp\/v2\/pages\/94"}],"wp:attachment":[{"href":"https:\/\/plg-pllc.com\/es\/wp-json\/wp\/v2\/media?parent=9277"}],"wp:term":[{"taxonomy":"hc_faqs","embeddable":true,"href":"https:\/\/plg-pllc.com\/es\/wp-json\/wp\/v2\/hc_faqs?post=9277"}],"curies":[{"name":"gracias","href":"https:\/\/api.w.org\/{rel}","templated":true}]}}