{"id":9297,"date":"2013-02-28T10:01:24","date_gmt":"2013-02-28T18:01:24","guid":{"rendered":"https:\/\/plg-pllc.com\/?page_id=9297"},"modified":"2025-02-14T14:19:02","modified_gmt":"2025-02-14T22:19:02","slug":"washington-sexual-harassment-lawyer","status":"publish","type":"page","link":"https:\/\/plg-pllc.com\/es\/washington\/sexual-harrassment-lawyer\/","title":{"rendered":"Abogado de acoso sexual en Washington"},"content":{"rendered":"<h2>Abogado de acoso sexual<\/h2>\n<p>Afrontar el acoso sexual en un lugar de trabajo de Seattle, Bellevue o Vancouver no es algo que una persona deba afrontar sola. Un abogado con experiencia en acoso sexual de Seattle podr\u00e1 ayudarle a determinar si debe emprender acciones legales contra el acosador y, a partir de ah\u00ed, su abogado se ocupar\u00e1 de todo el trabajo estresante.<\/p>\n<h2>\u00bfC\u00f3mo define Estados Unidos el \u201cacoso sexual\u201d?<\/h2>\n<p>El T\u00edtulo VII de la Ley de Derechos Civiles de 1964 define el acoso sexual como cualquier insinuaci\u00f3n sexual no deseada, solicitud de favores sexuales y cualquier otro comportamiento verbal o f\u00edsico de naturaleza sexual que sea perjudicial para un ambiente de trabajo positivo. Esto incluye cualquier cosa que est\u00e9 dirigida a alguien \u00fanicamente por su g\u00e9nero.<\/p>\n<p>Ejemplos (tomados de la <a href=\"https:\/\/www.eeoc.gov\/\" target=\"_blank\" rel=\"noopener noreferrer\">Igualdad de oportunidades de empleo en EE.UU.<\/a>) incluir:<\/p>\n<ul>\n<li>Tanto la v\u00edctima como el acosador pueden ser una mujer o un hombre. La v\u00edctima no tiene por qu\u00e9 ser necesariamente del sexo opuesto.<\/li>\n<li>El acosador puede ser el supervisor de la v\u00edctima, un agente del empleador, un supervisor de otra \u00e1rea, un compa\u00f1ero de trabajo o una persona que no sea empleado.<\/li>\n<li>La v\u00edctima no tiene por qu\u00e9 ser la persona acosada sino que podr\u00eda ser cualquier persona afectada por la conducta ofensiva.<\/li>\n<li>El acoso sexual ilegal puede ocurrir sin que la v\u00edctima sufra da\u00f1o econ\u00f3mico ni despido.<\/li>\n<li>La conducta del acosador debe ser desagradable.<\/li>\n<\/ul>\n<p><strong>\u00bfC\u00f3mo maneja el estado de Washington el acoso sexual?<\/strong><\/p>\n<p>Las leyes contra la discriminaci\u00f3n en el empleo se encuentran en el RCW 49.60. Este cap\u00edtulo establece una Comisi\u00f3n de Derechos Humanos y describe las pr\u00e1cticas injustas de los empleadores p\u00fablicos o privados.<\/p>\n<p>RCW 49.60.180 establece el derecho de un empleado a demandar a un empleador por ambiente de trabajo hostil,\u00a0<em>compensaci\u00f3n<\/em>\u00a0acoso sexual y discriminaci\u00f3n de g\u00e9nero.<\/p>\n<p>La RCW 49.76 exige que los empleadores ofrezcan licencia por violencia dom\u00e9stica o agresi\u00f3n sexual o que trabajen en un horario reducido. Esto se aplica cuando un empleado o un familiar de dicho empleado ha sido v\u00edctima de violencia dom\u00e9stica, agresi\u00f3n sexual o acoso. El empleado puede elegir licencia paga o no paga para:<\/p>\n<ul>\n<li>Solicitar asistencia legal o de las fuerzas del orden o recursos para garantizar la salud y seguridad de ellos mismos o del miembro de la familia v\u00edctima;<\/li>\n<li>Buscar tratamiento por parte de un proveedor de atenci\u00f3n m\u00e9dica para lesiones f\u00edsicas o mentales o para atender las del familiar victimizado;<\/li>\n<li>Obtener o ayudar al familiar victimizado a obtener asesoramiento en salud mental;<\/li>\n<li>Tomar medidas (como la reubicaci\u00f3n) para aumentar su seguridad o la del familiar victimizado.<\/li>\n<\/ul>\n<p><strong>\u00bfQu\u00e9 reclamaciones ser\u00e1n reconocidas bajo las leyes de acoso sexual?<\/strong><\/p>\n<p>Reclamaciones sobre conductas que:<\/p>\n<ol start=\"1\">\n<li>Ha ocurrido m\u00e1s de una vez y no es trivial;<\/li>\n<li>Claramente no fue invitado;<\/li>\n<li>Dirigido a un g\u00e9nero en particular, en lugar de a ambos. La v\u00edctima no tiene por qu\u00e9 ser necesariamente una mujer y el acosador no tiene por qu\u00e9 ser necesariamente un hombre, ni el acosador y la v\u00edctima tienen que ser de g\u00e9neros diferentes;<\/li>\n<li>Proviene de alguien que no es empleador de una organizaci\u00f3n religiosa.<\/li>\n<\/ol>\n<p>Es m\u00e1s probable que las denuncias por acoso sexual tengan \u00e9xito cuando:<\/p>\n<ol>\n<li>La sumisi\u00f3n a dicha conducta se convierte, expl\u00edcita o impl\u00edcitamente, en un t\u00e9rmino o condici\u00f3n del empleo de un individuo;<\/li>\n<li>La sumisi\u00f3n o el rechazo a dicha conducta se utiliza como base para decisiones laborales;<\/li>\n<li>Tal conducta tiene el prop\u00f3sito o efecto de interferir con el desempe\u00f1o laboral de un individuo o crear un ambiente de trabajo intimidante, hostil u ofensivo.<\/li>\n<\/ol>\n<p>A\u00fan puede darse el caso cuando la conducta ocurri\u00f3 sin da\u00f1o econ\u00f3mico o despido de la v\u00edctima, o incluso cuando la v\u00edctima no es la persona acosada, sino cualquier persona afectada negativamente por la conducta ofensiva.<\/p>\n<h2>Si estoy siendo acosada sexualmente, \u00bfqui\u00e9n es responsable?<\/h2>\n<ul>\n<li>El empleador, si alguien que ten\u00eda autoridad formal sobre usted particip\u00f3 directamente en el acoso, O si el empleador sab\u00eda o deber\u00eda haber sabido del acoso y no tom\u00f3 medidas r\u00e1pidas y efectivas en respuesta al mismo (como en el caso de compa\u00f1eros de trabajo o incluso de personas que no son empleados);<\/li>\n<li>Supervisores o gerentes individuales cuando sus propias acciones sean directamente discriminatorias;<\/li>\n<li>Un sindicato o sus agentes;<\/li>\n<li>Una agencia de empleo.<\/li>\n<\/ul>\n<h2>Si estoy siendo acosada sexualmente, \u00bfqu\u00e9 debo hacer?<\/h2>\n<ol>\n<li>Informar al acosador que la conducta no es bienvenida y que debe terminar. Este puede ser un paso dif\u00edcil en s\u00ed mismo, ya que requiere confrontaci\u00f3n, pero le da al acosador la oportunidad de redimirse antes de que usted tome medidas.<\/li>\n<li>Anota cada detalle del acoso (fecha, hora, testigos, eventos significativos, respuestas f\u00edsicas y emocionales) y re\u00fane evidencia (cuando tengas permiso para hacerlo).<\/li>\n<li>Utilice un sistema de quejas o reclamos si tiene uno disponible. Esto puede ayudar a involucrar a los supervisores del acosador. Haga una copia de la queja que presente y tenga en cuenta que es posible que su queja no se mantenga confidencial.<\/li>\n<li>Mantenga un historial de desempe\u00f1o laboral s\u00f3lido. Conductas como el ausentismo excesivo, las tardanzas, el desempe\u00f1o laboral descuidado, etc. perjudicar\u00e1n su reclamo. Re\u00fana documentos como una descripci\u00f3n del trabajo por escrito y una evaluaci\u00f3n del trabajo por escrito. Esto ayudar\u00e1 a demostrar que su calidad de trabajo y sus h\u00e1bitos laborales fueron apropiados.<\/li>\n<\/ol>\n<p>La respuesta m\u00e1s com\u00fan al acoso sexual es ignorarlo y esperar que se detenga por s\u00ed solo. Lamentablemente, esa respuesta tiene una tasa de \u00e9xito muy baja. Cuando el acoso contin\u00faa, las v\u00edctimas tienden a ausentarse del trabajo con frecuencia para tratar de evitar al acosador. Muchas v\u00edctimas tambi\u00e9n terminan tratando de racionalizar el acoso y se preguntan si simplemente est\u00e1n siendo demasiado sensibles.<\/p>\n<p>Denunciar el acoso sexual puede ser muy dif\u00edcil y muchas personas se sienten demasiado avergonzadas para hacerlo. Pero no denunciarlo provocar\u00e1 un aumento del estr\u00e9s, un bajo rendimiento laboral, miedo a la seguridad f\u00edsica y ansiedad, adem\u00e1s de muchos otros problemas f\u00edsicos y psicol\u00f3gicos. Si siente que ha sido o est\u00e1 siendo acosada sexualmente en su lugar de trabajo, ahora es el momento de llamar a un abogado con experiencia en acoso sexual en Seattle.<\/p>\n\n        <div class=\"rs-content-cta long\">\n            <p>Para una consulta legal con un abogado especializado en acoso sexual que preste servicios en Washington, llame al <a href=\"tel:+12062851743\">(206) 285-1743 <\/a><\/p>\n            <a href=\"https:\/\/plg-pllc.com\/es\/contact-us\/\" title=\"OBTENGA UNA EVALUACI\u00d3N DE CASO\" class=\"btn-global\">OBTENGA UNA EVALUACI\u00d3N DE CASO<\/a>\n                    <picture>\n                            <source srcset=\"https:\/\/plg-pllc.com\/wp-content\/themes\/plg-pllc-redesign\/assets\/app\/img\/cta-thumb.webp\" type=\"image\/webp\"\/>\n                            <img src=\"https:\/\/plg-pllc.com\/wp-content\/themes\/plg-pllc-redesign\/assets\/app\/img\/cta-thumb.png\" alt=\"Grupo de abogados Premier\" title=\"Grupo de abogados Premier\" width=\"245\" height=\"220\" loading=\"auto\" fetchpriority=\"auto\" decoding=\"async\"\/>\n        <\/picture>\n        \n        <\/div><h2>\u00bfPor qu\u00e9 deber\u00eda elegir un abogado especializado en acoso sexual de PLG?<\/h2>\n<p>En Premier Law Group, entendemos que saber qu\u00e9 hacer despu\u00e9s de haber sido acosado sexualmente puede ser muy confuso, y estamos aqu\u00ed para ayudarlo en el proceso. Somos agresivos <a href=\"https:\/\/plg-pllc.com\/seattle\/employment-law-lawyer\/\">abogados laborales<\/a> con a\u00f1os de experiencia representando exitosamente a personas en <a href=\"https:\/\/plg-pllc.com\/seattle\/personal-injury-lawyer\/\">Seattle<\/a>, <a href=\"https:\/\/plg-pllc.com\/\">Bellevue<\/a>, <a href=\"https:\/\/plg-pllc.com\/renton\/personal-injury-lawyer\/\">Rent\u00f3n<\/a> y <a href=\"https:\/\/plg-pllc.com\/federal-way\/personal-injury-lawyer\/\">Camino federal<\/a>, que han sido acosados en el trabajo. Hemos ganado millones de d\u00f3lares para nuestros clientes anteriores y haremos todo lo posible para ayudarlo a recuperar la m\u00e1xima compensaci\u00f3n posible. <b>Si ha sido v\u00edctima de acoso sexual, ll\u00e1menos al 206-285-1743.<\/b><\/p>\n<h2>Tengo miedo de que me despidan si tomo medidas. \u00bfQu\u00e9 debo hacer?<\/h2>\n<p><script src=\"https:\/\/fast.wistia.com\/embed\/medias\/a3s5n6tbuh.jsonp\" async=\"\"><\/script><script src=\"https:\/\/fast.wistia.com\/assets\/external\/E-v1.js\" async=\"\"><\/script><\/p>\n<div class=\"wistia_responsive_padding\" style=\"padding: 56.25% 0 0 0; position: relative;\">\n<div class=\"wistia_responsive_wrapper\" style=\"height: 100%; left: 0; position: absolute; top: 0; width: 100%;\">\n<div class=\"wistia_embed wistia_async_a3s5n6tbuh videoFoam=true\" style=\"height: 100%; position: relative; width: 100%;\">\n<div class=\"wistia_swatch\" style=\"height: 100%; left: 0; opacity: 0; overflow: hidden; position: absolute; top: 0; transition: opacity 200ms; width: 100%;\"><img decoding=\"async\" style=\"filter: blur(5px); height: 100%; object-fit: contain; width: 100%;\" src=\"https:\/\/fast.wistia.com\/embed\/medias\/a3s5n6tbuh\/swatch\" alt=\"\" \/><\/div>\n<\/div>\n<\/div>\n<\/div>\n\n        <div class=\"rs-content-cta\">\n            <p>Llamar o enviar mensaje de texto <a href=\"tel:+12062851743\">(206) 285-1743<\/a> o complete un formulario de evaluaci\u00f3n de caso<\/p>\n            <a href=\"https:\/\/plg-pllc.com\/es\/contact-us\/\" title=\"OBTENGA UNA EVALUACI\u00d3N DE CASO\" class=\"btn-global\">OBTENGA UNA EVALUACI\u00d3N DE CASO<\/a>\n                    <picture>\n                            <source srcset=\"https:\/\/plg-pllc.com\/wp-content\/themes\/plg-pllc-redesign\/assets\/app\/img\/cta-thumb.webp\" type=\"image\/webp\"\/>\n                            <img src=\"https:\/\/plg-pllc.com\/wp-content\/themes\/plg-pllc-redesign\/assets\/app\/img\/cta-thumb.png\" alt=\"Grupo de abogados Premier\" title=\"Grupo de abogados Premier\" width=\"245\" height=\"220\" loading=\"auto\" fetchpriority=\"auto\" decoding=\"async\"\/>\n        <\/picture>\n        \n        <\/div>","protected":false},"excerpt":{"rendered":"<p>Abogado de acoso sexual Lidiar con el acoso sexual en un lugar de trabajo de Seattle, Bellevue o Vancouver no es algo que cualquier persona deba afrontar por su cuenta. Un abogado con experiencia en acoso sexual en Seattle podr\u00e1 ayudarlo a determinar si debe emprender acciones legales contra el acosador y, a partir de ah\u00ed, su abogado \u2026<\/p>","protected":false},"author":2,"featured_media":15529,"parent":20116,"menu_order":0,"comment_status":"closed","ping_status":"closed","template":"","meta":{"_acf_changed":false,"_genesis_hide_title":false,"_genesis_hide_breadcrumbs":false,"_genesis_hide_singular_image":false,"_genesis_hide_footer_widgets":false,"_genesis_custom_body_class":"","_genesis_custom_post_class":"","_genesis_layout":"","footnotes":""},"hc_faqs":[],"class_list":{"0":"post-9297","1":"page","2":"type-page","3":"status-publish","4":"has-post-thumbnail","6":"hc_city_location-washington","7":"entry"},"acf":[],"yoast_head":"<!-- This site is optimized with the Yoast SEO plugin v27.4 - https:\/\/yoast.com\/product\/yoast-seo-wordpress\/ -->\n<title>Sexual Harrassment Lawyer in Washington | Free Case Review<\/title>\n<meta name=\"description\" content=\"Washington Sexual Harrassment Lawyer: Premier Law Group helps you unlock the full compensation you deserve. No Fee Unless We Win.\" \/>\n<meta name=\"robots\" content=\"index, follow, max-snippet:-1, max-image-preview:large, max-video-preview:-1\" \/>\n<link rel=\"canonical\" href=\"https:\/\/plg-pllc.com\/es\/washington\/sexual-harrassment-lawyer\/\" \/>\n<meta property=\"og:locale\" content=\"es_MX\" \/>\n<meta property=\"og:type\" content=\"article\" \/>\n<meta property=\"og:title\" content=\"Sexual Harrassment Lawyer in Washington | Free Case Review\" \/>\n<meta property=\"og:description\" content=\"Washington Sexual Harrassment Lawyer: Premier Law Group helps you unlock the full compensation you deserve. No Fee Unless We Win.\" \/>\n<meta property=\"og:url\" content=\"https:\/\/plg-pllc.com\/es\/washington\/sexual-harrassment-lawyer\/\" \/>\n<meta property=\"og:site_name\" content=\"Premier Law Group\" \/>\n<meta property=\"article:publisher\" content=\"https:\/\/www.facebook.com\/premierlawgroup\" \/>\n<meta property=\"article:modified_time\" content=\"2025-02-14T22:19:02+00:00\" \/>\n<meta property=\"og:image\" content=\"https:\/\/plg-pllc.com\/wp-content\/uploads\/2013\/02\/employment-law.jpg\" \/>\n\t<meta property=\"og:image:width\" content=\"1920\" \/>\n\t<meta property=\"og:image:height\" content=\"530\" \/>\n\t<meta property=\"og:image:type\" content=\"image\/jpeg\" \/>\n<meta name=\"twitter:card\" content=\"summary_large_image\" \/>\n<meta name=\"twitter:site\" content=\"@premierlawgroup\" \/>\n<meta name=\"twitter:label1\" content=\"Tiempo de lectura\" \/>\n\t<meta name=\"twitter:data1\" content=\"6 minutos\" \/>\n<script type=\"application\/ld+json\" class=\"yoast-schema-graph\">{\"@context\":\"https:\\\/\\\/schema.org\",\"@graph\":[{\"@type\":\"WebPage\",\"@id\":\"https:\\\/\\\/plg-pllc.com\\\/washington\\\/sexual-harrassment-lawyer\\\/\",\"url\":\"https:\\\/\\\/plg-pllc.com\\\/washington\\\/sexual-harrassment-lawyer\\\/\",\"name\":\"Sexual Harrassment Lawyer in Washington | Free Case Review\",\"isPartOf\":{\"@id\":\"https:\\\/\\\/plg-pllc.com\\\/#website\"},\"primaryImageOfPage\":{\"@id\":\"https:\\\/\\\/plg-pllc.com\\\/washington\\\/sexual-harrassment-lawyer\\\/#primaryimage\"},\"image\":{\"@id\":\"https:\\\/\\\/plg-pllc.com\\\/washington\\\/sexual-harrassment-lawyer\\\/#primaryimage\"},\"thumbnailUrl\":\"https:\\\/\\\/plg-pllc.com\\\/wp-content\\\/uploads\\\/2013\\\/02\\\/employment-law.jpg\",\"datePublished\":\"2013-02-28T18:01:24+00:00\",\"dateModified\":\"2025-02-14T22:19:02+00:00\",\"description\":\"Washington Sexual Harrassment Lawyer: Premier Law Group helps you unlock the full compensation you deserve. No Fee Unless We Win.\",\"breadcrumb\":{\"@id\":\"https:\\\/\\\/plg-pllc.com\\\/washington\\\/sexual-harrassment-lawyer\\\/#breadcrumb\"},\"inLanguage\":\"es\",\"potentialAction\":[{\"@type\":\"ReadAction\",\"target\":[\"https:\\\/\\\/plg-pllc.com\\\/washington\\\/sexual-harrassment-lawyer\\\/\"]}]},{\"@type\":\"ImageObject\",\"inLanguage\":\"es\",\"@id\":\"https:\\\/\\\/plg-pllc.com\\\/washington\\\/sexual-harrassment-lawyer\\\/#primaryimage\",\"url\":\"https:\\\/\\\/plg-pllc.com\\\/wp-content\\\/uploads\\\/2013\\\/02\\\/employment-law.jpg\",\"contentUrl\":\"https:\\\/\\\/plg-pllc.com\\\/wp-content\\\/uploads\\\/2013\\\/02\\\/employment-law.jpg\",\"width\":1920,\"height\":530,\"caption\":\"Employment Contract Lawyer\"},{\"@type\":\"BreadcrumbList\",\"@id\":\"https:\\\/\\\/plg-pllc.com\\\/washington\\\/sexual-harrassment-lawyer\\\/#breadcrumb\",\"itemListElement\":[{\"@type\":\"ListItem\",\"position\":1,\"name\":\"Home\",\"item\":\"https:\\\/\\\/plg-pllc.com\\\/es\\\/\"},{\"@type\":\"ListItem\",\"position\":2,\"name\":\"Bellevue Personal Injury Lawyer\",\"item\":\"https:\\\/\\\/plg-pllc.com\\\/es\\\/\"},{\"@type\":\"ListItem\",\"position\":3,\"name\":\"Washington Employment Law Lawyer\",\"item\":\"https:\\\/\\\/plg-pllc.com\\\/es\\\/washington\\\/employment-law-lawyer\\\/\"},{\"@type\":\"ListItem\",\"position\":4,\"name\":\"Sexual Harrassment\"}]},{\"@type\":\"WebSite\",\"@id\":\"https:\\\/\\\/plg-pllc.com\\\/#website\",\"url\":\"https:\\\/\\\/plg-pllc.com\\\/\",\"name\":\"Premier Law Group\",\"description\":\"Washington Wrongful Death and Serious Injury Lawyer\",\"publisher\":{\"@id\":\"https:\\\/\\\/plg-pllc.com\\\/#organization\"},\"inLanguage\":\"es\"},{\"@type\":\"Organization\",\"@id\":\"https:\\\/\\\/plg-pllc.com\\\/#organization\",\"name\":\"Premier Law Group\",\"url\":\"https:\\\/\\\/plg-pllc.com\\\/\",\"logo\":{\"@type\":\"ImageObject\",\"inLanguage\":\"es\",\"@id\":\"https:\\\/\\\/plg-pllc.com\\\/#\\\/schema\\\/logo\\\/image\\\/\",\"url\":\"https:\\\/\\\/plg-pllc.com\\\/wp-content\\\/uploads\\\/2020\\\/10\\\/plg-logo-v2.gif\",\"contentUrl\":\"https:\\\/\\\/plg-pllc.com\\\/wp-content\\\/uploads\\\/2020\\\/10\\\/plg-logo-v2.gif\",\"width\":592,\"height\":191,\"caption\":\"Premier Law Group\"},\"image\":{\"@id\":\"https:\\\/\\\/plg-pllc.com\\\/#\\\/schema\\\/logo\\\/image\\\/\"},\"sameAs\":[\"https:\\\/\\\/www.facebook.com\\\/premierlawgroup\",\"https:\\\/\\\/x.com\\\/premierlawgroup\"]}]}<\/script>\n<!-- \/ Yoast SEO plugin. -->","yoast_head_json":{"title":"Abogado de acoso sexual en Washington | Revisi\u00f3n gratuita de casos","description":"Abogado especializado en acoso sexual en Washington: Premier Law Group le ayuda a conseguir la indemnizaci\u00f3n total que merece. Sin honorarios a menos que ganemos.","robots":{"index":"index","follow":"follow","max-snippet":"max-snippet:-1","max-image-preview":"max-image-preview:large","max-video-preview":"max-video-preview:-1"},"canonical":"https:\/\/plg-pllc.com\/es\/washington\/sexual-harrassment-lawyer\/","og_locale":"es_MX","og_type":"article","og_title":"Sexual Harrassment Lawyer in Washington | Free Case Review","og_description":"Washington Sexual Harrassment Lawyer: Premier Law Group helps you unlock the full compensation you deserve. No Fee Unless We Win.","og_url":"https:\/\/plg-pllc.com\/es\/washington\/sexual-harrassment-lawyer\/","og_site_name":"Premier Law Group","article_publisher":"https:\/\/www.facebook.com\/premierlawgroup","article_modified_time":"2025-02-14T22:19:02+00:00","og_image":[{"width":1920,"height":530,"url":"https:\/\/plg-pllc.com\/wp-content\/uploads\/2013\/02\/employment-law.jpg","type":"image\/jpeg"}],"twitter_card":"summary_large_image","twitter_site":"@premierlawgroup","twitter_misc":{"Tiempo de lectura":"6 minutos"},"schema":{"@context":"https:\/\/schema.org","@graph":[{"@type":"WebPage","@id":"https:\/\/plg-pllc.com\/washington\/sexual-harrassment-lawyer\/","url":"https:\/\/plg-pllc.com\/washington\/sexual-harrassment-lawyer\/","name":"Abogado de acoso sexual en Washington | Revisi\u00f3n gratuita de casos","isPartOf":{"@id":"https:\/\/plg-pllc.com\/#website"},"primaryImageOfPage":{"@id":"https:\/\/plg-pllc.com\/washington\/sexual-harrassment-lawyer\/#primaryimage"},"image":{"@id":"https:\/\/plg-pllc.com\/washington\/sexual-harrassment-lawyer\/#primaryimage"},"thumbnailUrl":"https:\/\/plg-pllc.com\/wp-content\/uploads\/2013\/02\/employment-law.jpg","datePublished":"2013-02-28T18:01:24+00:00","dateModified":"2025-02-14T22:19:02+00:00","description":"Abogado especializado en acoso sexual en Washington: Premier Law Group le ayuda a conseguir la indemnizaci\u00f3n total que merece. Sin honorarios a menos que ganemos.","breadcrumb":{"@id":"https:\/\/plg-pllc.com\/washington\/sexual-harrassment-lawyer\/#breadcrumb"},"inLanguage":"es","potentialAction":[{"@type":"ReadAction","target":["https:\/\/plg-pllc.com\/washington\/sexual-harrassment-lawyer\/"]}]},{"@type":"ImageObject","inLanguage":"es","@id":"https:\/\/plg-pllc.com\/washington\/sexual-harrassment-lawyer\/#primaryimage","url":"https:\/\/plg-pllc.com\/wp-content\/uploads\/2013\/02\/employment-law.jpg","contentUrl":"https:\/\/plg-pllc.com\/wp-content\/uploads\/2013\/02\/employment-law.jpg","width":1920,"height":530,"caption":"Employment Contract Lawyer"},{"@type":"BreadcrumbList","@id":"https:\/\/plg-pllc.com\/washington\/sexual-harrassment-lawyer\/#breadcrumb","itemListElement":[{"@type":"ListItem","position":1,"name":"Home","item":"https:\/\/plg-pllc.com\/es\/"},{"@type":"ListItem","position":2,"name":"Bellevue Personal Injury Lawyer","item":"https:\/\/plg-pllc.com\/es\/"},{"@type":"ListItem","position":3,"name":"Washington Employment Law Lawyer","item":"https:\/\/plg-pllc.com\/es\/washington\/employment-law-lawyer\/"},{"@type":"ListItem","position":4,"name":"Sexual Harrassment"}]},{"@type":"WebSite","@id":"https:\/\/plg-pllc.com\/#website","url":"https:\/\/plg-pllc.com\/","name":"Grupo de abogados Premier","description":"Abogado de muerte por negligencia y lesiones graves en Washington","publisher":{"@id":"https:\/\/plg-pllc.com\/#organization"},"inLanguage":"es"},{"@type":"Organization","@id":"https:\/\/plg-pllc.com\/#organization","name":"Grupo de abogados Premier","url":"https:\/\/plg-pllc.com\/","logo":{"@type":"ImageObject","inLanguage":"es","@id":"https:\/\/plg-pllc.com\/#\/schema\/logo\/image\/","url":"https:\/\/plg-pllc.com\/wp-content\/uploads\/2020\/10\/plg-logo-v2.gif","contentUrl":"https:\/\/plg-pllc.com\/wp-content\/uploads\/2020\/10\/plg-logo-v2.gif","width":592,"height":191,"caption":"Premier Law Group"},"image":{"@id":"https:\/\/plg-pllc.com\/#\/schema\/logo\/image\/"},"sameAs":["https:\/\/www.facebook.com\/premierlawgroup","https:\/\/x.com\/premierlawgroup"]}]}},"_links":{"self":[{"href":"https:\/\/plg-pllc.com\/es\/wp-json\/wp\/v2\/pages\/9297","targetHints":{"allow":["GET"]}}],"collection":[{"href":"https:\/\/plg-pllc.com\/es\/wp-json\/wp\/v2\/pages"}],"about":[{"href":"https:\/\/plg-pllc.com\/es\/wp-json\/wp\/v2\/types\/page"}],"author":[{"embeddable":true,"href":"https:\/\/plg-pllc.com\/es\/wp-json\/wp\/v2\/users\/2"}],"replies":[{"embeddable":true,"href":"https:\/\/plg-pllc.com\/es\/wp-json\/wp\/v2\/comments?post=9297"}],"version-history":[{"count":0,"href":"https:\/\/plg-pllc.com\/es\/wp-json\/wp\/v2\/pages\/9297\/revisions"}],"up":[{"embeddable":true,"href":"https:\/\/plg-pllc.com\/es\/wp-json\/wp\/v2\/pages\/20116"}],"wp:featuredmedia":[{"embeddable":true,"href":"https:\/\/plg-pllc.com\/es\/wp-json\/wp\/v2\/media\/15529"}],"wp:attachment":[{"href":"https:\/\/plg-pllc.com\/es\/wp-json\/wp\/v2\/media?parent=9297"}],"wp:term":[{"taxonomy":"hc_faqs","embeddable":true,"href":"https:\/\/plg-pllc.com\/es\/wp-json\/wp\/v2\/hc_faqs?post=9297"}],"curies":[{"name":"gracias","href":"https:\/\/api.w.org\/{rel}","templated":true}]}}