{"id":9341,"date":"2013-02-28T14:54:45","date_gmt":"2013-02-28T22:54:45","guid":{"rendered":"https:\/\/plg-pllc.com\/?page_id=9341"},"modified":"2026-03-24T15:19:35","modified_gmt":"2026-03-24T22:19:35","slug":"bellevue-dog-bite-lawyers","status":"publish","type":"page","link":"https:\/\/plg-pllc.com\/es\/bellevue\/dog-bite-lawyer\/","title":{"rendered":"Abogado de mordeduras de perro en Bellevue"},"content":{"rendered":"<h2>Abogados de mordeduras de perros en Bellevue<\/h2>\n<p><img loading=\"lazy\" decoding=\"async\" class=\"alignleft wp-image-17773 size-medium\" src=\"https:\/\/plg-pllc.com\/wp-content\/uploads\/2020\/07\/american-stafford-2390846_1920-300x200.jpg\" alt=\"Abogados de mordeduras de perros en Bellevue\" width=\"300\" height=\"200\" srcset=\"https:\/\/plg-pllc.com\/wp-content\/uploads\/2020\/07\/american-stafford-2390846_1920-300x200.jpg 300w, https:\/\/plg-pllc.com\/wp-content\/uploads\/2020\/07\/american-stafford-2390846_1920-1024x683.jpg 1024w, https:\/\/plg-pllc.com\/wp-content\/uploads\/2020\/07\/american-stafford-2390846_1920-768x512.jpg 768w, https:\/\/plg-pllc.com\/wp-content\/uploads\/2020\/07\/american-stafford-2390846_1920-1536x1024.jpg 1536w, https:\/\/plg-pllc.com\/wp-content\/uploads\/2020\/07\/american-stafford-2390846_1920-640x427.jpg 640w, https:\/\/plg-pllc.com\/wp-content\/uploads\/2020\/07\/american-stafford-2390846_1920-1200x800.jpg 1200w, https:\/\/plg-pllc.com\/wp-content\/uploads\/2020\/07\/american-stafford-2390846_1920-250x167.jpg 250w, https:\/\/plg-pllc.com\/wp-content\/uploads\/2020\/07\/american-stafford-2390846_1920.jpg 1920w\" sizes=\"auto, (max-width: 300px) 100vw, 300px\" \/>Una sola mordedura puede dejar cicatrices duraderas, tanto f\u00edsicas como econ\u00f3micas. Ah\u00ed es donde interviene un abogado especializado en mordeduras de perro en Bellevue para asegurarse de que usted no pague las consecuencias de su error. Seg\u00fan las leyes de mordeduras de perro de Washington, los due\u00f1os son estrictamente responsables de las lesiones que causan sus animales, lo que otorga a las v\u00edctimas el derecho a reclamar una indemnizaci\u00f3n completa por los gastos m\u00e9dicos, la p\u00e9rdida de ingresos y la angustia emocional. Si ha sido atacado, aqu\u00ed le explicamos qu\u00e9 hacer y cu\u00e1ndo llamar a un abogado especializado en mordeduras de perro para proteger sus derechos.<\/p>\n<h2>Lesiones resultantes de ataques de perros<\/h2>\n<p>Las v\u00edctimas de ataques de perros sufren lesiones f\u00edsicas como cortes profundos, da\u00f1os en m\u00fasculos y tendones, huesos rotos y p\u00e9rdida de sangre. Tambi\u00e9n pueden sufrir da\u00f1os mentales, psicol\u00f3gicos y emocionales. A menudo, los ni\u00f1os son v\u00edctimas de mordeduras de perros y sufren lesiones y traumas que duran toda la vida. Todos estos resultados desafortunados tienen consecuencias financieras y de otro tipo para las v\u00edctimas y sus familias. Si usted o su ser querido sufre lesiones graves debido a un ataque de perro, llame a nuestros abogados especializados en mordeduras de perros en Bellevue para una consulta gratuita. Nuestros abogados con experiencia analizar\u00e1n su caso con m\u00e1s detalle.<\/p>\n<h2>Qu\u00e9 hacer despu\u00e9s de un ataque de perro<\/h2>\n<p><span style=\"font-weight: 400;\">Actuar con rapidez y m\u00e9todo es esencial para proteger sus derechos y preservar la solidez de su reclamaci\u00f3n por mordedura de perro en Bellevue. Documentar con anticipaci\u00f3n garantiza que no se pierdan detalles clave y evita que las aseguradoras impugnen lo sucedido. Siga estos pasos para reunir las pruebas necesarias y construir un caso convincente para obtener una indemnizaci\u00f3n justa:<\/span><\/p>\n<ul>\n<li><b>Recopilar contactos<\/b><span style=\"font-weight: 400;\">:Re\u00fana la informaci\u00f3n de contacto del due\u00f1o del perro y de cualquier testigo, incluidos nombres y n\u00fameros de tel\u00e9fono.<\/span><\/li>\n<li><b>Fotograf\u00eda<\/b><span style=\"font-weight: 400;\">:Tome fotograf\u00edas de la escena y de sus lesiones iniciales lo antes posible.<\/span><\/li>\n<li><b>Autoridades de alerta<\/b><span style=\"font-weight: 400;\">:Informe el incidente a la polic\u00eda o llame al 911 si es una emergencia.<\/span><\/li>\n<li><b>Prueba segura<\/b><span style=\"font-weight: 400;\">:Conserve cualquier evidencia solicitando im\u00e1genes de vigilancia y obteniendo cualquier grabaci\u00f3n de llamadas disponible.<\/span><\/li>\n<li><b>Curaci\u00f3n de la pista<\/b><span style=\"font-weight: 400;\">:Documente su recuperaci\u00f3n tomando fotograf\u00edas de sus lesiones a medida que sanan.<\/span><\/li>\n<\/ul>\n\n        <div class=\"rs-content-cta long\">\n            <p>Para una consulta legal GRATUITA con un abogado especializado en mordeduras de perro que atiende en Bellevue, llame al <a href=\"tel:+12062851743\">(206) 285-1743 <\/a><\/p>\n            <a href=\"https:\/\/plg-pllc.com\/es\/contact-us\/\" title=\"OBTENGA UNA EVALUACI\u00d3N DE CASO GRATUITA\" class=\"btn-global\">OBTENGA UNA EVALUACI\u00d3N DE CASO GRATUITA<\/a>\n                    <picture>\n                            <source srcset=\"https:\/\/plg-pllc.com\/wp-content\/themes\/plg-pllc-redesign\/assets\/app\/img\/cta-thumb.webp\" type=\"image\/webp\"\/>\n                            <img src=\"https:\/\/plg-pllc.com\/wp-content\/themes\/plg-pllc-redesign\/assets\/app\/img\/cta-thumb.png\" alt=\"Grupo de abogados Premier\" title=\"Grupo de abogados Premier\" width=\"245\" height=\"220\" loading=\"auto\" fetchpriority=\"auto\" decoding=\"async\"\/>\n        <\/picture>\n        \n        <\/div><h2>Existe una fecha l\u00edmite para cada caso de mordedura de perro<\/h2>\n<p>Si desea conservar su derecho a una indemnizaci\u00f3n por ataque de perro, debe saber que existe una fecha l\u00edmite asociada con su caso. Esta fecha l\u00edmite se denomina estatuto de limitaciones. Existen varios factores que afectan el estatuto de limitaciones para cualquier situaci\u00f3n determinada, por lo que recomendamos ponerse en contacto con un abogado especializado en mordeduras de perro de Bellevue lo antes posible. <a href=\"https:\/\/plg-pllc.com\/about-us\/attorneys\/\">abogado de lesiones personales en Bellevue<\/a> Con experiencia en esta \u00e1rea se asegurar\u00e1 de que no pierda la oportunidad de seguir adelante con su caso si decide hacerlo.<\/p>\n<h2>Abogados de mordeduras de perros en Bellevue de Premier Law Group<\/h2>\n<p>Premier Law Group es el bufete l\u00edder de Bellevue <a href=\"https:\/\/plg-pllc.com\/\">bufete de abogados especializado en lesiones personales<\/a>Nos describen mejor como un equipo sensato, dedicado a brindar un servicio al cliente excepcional, especializado en derecho de lesiones personales y comprometido con nuestras comunidades, garantizado. Nuestros abogados especializados en mordeduras de perros en Washington pueden asegurarse de que tenga todas las pruebas necesarias y guiarlo a trav\u00e9s de sus opciones legales. <strong>Llamar <a href=\"tel:206.285.1743\">206.285.1743<\/a> para programar una revisi\u00f3n de caso gratuita hoy. <\/strong>Si decide contratarnos, no habr\u00e1 ning\u00fan honorario legal hasta que llegue a un acuerdo o gane su caso.<\/p>\n<h2>Preguntas frecuentes sobre mordeduras de perros<\/h2>\n<h3><em>\u00bfCu\u00e1l es la mejor manera de tratar una mordedura de perro?<\/em><\/h3>\n<p>A falta de instrucciones de su proveedor de atenci\u00f3n m\u00e9dica, trate la herida por mordedura de perro haciendo lo siguiente:<\/p>\n<ol>\n<li>Lave la herida con un jab\u00f3n suave y deje correr agua tibia sobre ella durante 5 a 10 minutos.<\/li>\n<li>Reduzca el sangrado con un pa\u00f1o limpio.<\/li>\n<li>Aplicar una crema antibi\u00f3tica.<\/li>\n<li>Envuelva la herida con un vendaje limpio.<\/li>\n<li>Mantenga la herida vendada y acuda a un m\u00e9dico.<\/li>\n<li>Cambie el vendaje varias veces al d\u00eda y siga las recomendaciones del m\u00e9dico.<\/li>\n<li>Est\u00e9 atento a signos de complicaciones, como infecci\u00f3n, hinchaz\u00f3n, m\u00e1s dolor de lo habitual, fiebre y enrojecimiento.<\/li>\n<\/ol>\n<h3><em>\u00bfCu\u00e1l es el plazo t\u00edpico de prescripci\u00f3n de mordeduras de perros en Bellevue?<\/em><\/h3>\n<p>Recuerde que el plazo de prescripci\u00f3n es el plazo en el que debe resolver un caso o presentar una demanda. Pierde su derecho a una indemnizaci\u00f3n si no realiza ninguna de estas acciones antes de la fecha l\u00edmite. En general, el plazo de prescripci\u00f3n para las mordeduras de perro es de 3 a\u00f1os a partir de la fecha de la lesi\u00f3n. Existen ciertas condiciones que pueden extender o acortar el plazo. <a href=\"https:\/\/app.leg.wa.gov\/rcw\/default.aspx?cite=16.08.040\/\">estatuto de limitaciones en el estado de Washington<\/a>Por eso es importante hablar con un abogado especializado en mordeduras de perro en Bellevue mucho antes de que transcurran tres a\u00f1os. Recomendamos revisar su caso y sus opciones con un abogado especializado en accidentes por mordedura de perro inmediatamente despu\u00e9s del ataque. <strong>Llame a Premier Law Group al 206.285.1743 para programar una revisi\u00f3n de caso de cortes\u00eda.<\/strong><\/p>\n<h3><em>Si contrato a un abogado especializado en mordeduras de perro en Bellevue, \u00bfcu\u00e1nto tiempo tardar\u00e9 en resolver mi reclamo?<\/em><\/h3>\n<p>Es dif\u00edcil responder a esta pregunta porque cada caso es diferente. Lo que es seguro es que debe terminar el tratamiento o tener un diagn\u00f3stico definitivo antes de que su abogado especializado en mordeduras de perro de Bellevue intente llegar a un acuerdo en su caso. De lo contrario, podr\u00eda terminar con un acuerdo que no cubra sus gastos ni le ofrezca una compensaci\u00f3n justa por la situaci\u00f3n. <strong>Llame a Premier Law Group al 206.285.1743 hoy para programar una revisi\u00f3n gratuita de su caso.<\/strong> Una vez que entendamos el contexto de su situaci\u00f3n, podremos brindarle m\u00e1s informaci\u00f3n.<\/p>\n<h2>Qu\u00e9 esperar al contactar y trabajar con Premier Law Group<\/h2>\n<ol>\n<li><strong>Somos accesibles<\/strong>Cuando se comunique con nosotros sobre su asunto de lesiones personales, hablar\u00e1 directamente con un abogado, no solo con un recepcionista o un especialista en admisiones.<\/li>\n<li><strong>Somos directos<\/strong>No estamos jugando: queremos ayudarle a alcanzar sus objetivos. Por ejemplo, seremos sinceros sobre si necesita un abogado para resolver su reclamaci\u00f3n.<\/li>\n<li><strong>Nos preocupamos.<\/strong> Somos personas reales que ayudamos a personas reales con problemas reales. Te han hecho da\u00f1o y mereces una experiencia y un resultado que arregle las cosas lo mejor posible.<\/li>\n<\/ol>\n<p>Nuestra misi\u00f3n es garantizar que todos los que nos contactan est\u00e9n m\u00e1s informados sobre sus opciones legales, ya sea que nuestros abogados con experiencia en mordeduras de perros los representen o no. <strong>Llame al 206.285.1743 hoy para programar una revisi\u00f3n gratuita de su caso de mordedura de perro<\/strong><strong>.<\/strong><\/p>\n<h2>Lo que la gente dice sobre Premier Law Group<\/h2>\n<h3><em>No busques m\u00e1s<\/em><\/h3>\n<p>\u201cEste es el mejor bufete de abogados. Realmente se preocupan por sus clientes, lo que se evidencia en sus acciones. No busque m\u00e1s que Premier Law Group si sufre una lesi\u00f3n en un accidente\u201d. \u2013 Seon K.<\/p>\n<h3><em>Todo se manej\u00f3 de manera profesional y r\u00e1pida.<\/em><\/h3>\n<p>\u201cDespu\u00e9s de sufrir el accidente y de realizarme los tratamientos, me qued\u00e9 literalmente at\u00f3nita con lo que mi compa\u00f1\u00eda de seguros de autom\u00f3vil me hab\u00eda ofrecido como compensaci\u00f3n. Un amigo me dijo que llamara a Premier Law Group y estoy muy feliz de haberlo hecho. \u00a1Todo se manej\u00f3 con tanta profesionalidad y rapidez! \u00a1Sent\u00ed que era una prioridad y respondieron todas mis preguntas con todo detalle! \u00a1Gracias por hacer todo lo posible por m\u00ed durante este proceso! Espero no volver nunca m\u00e1s, pero si tengo que hacerlo, solo trabajar\u00e9 con su equipo\u201d. \u2013 Sarah T.<\/p>\n<h3><em>Ellos realmente se preocupan<\/em><\/h3>\n<p>\u201cExcelente firma. Son muy inteligentes y realmente se preocupan por sus clientes. He trabajado con varios bufetes de abogados a lo largo de los a\u00f1os y tengo que decir que este es el mejor en sus casos. Son exactamente lo opuesto a algunos de esos bufetes que gastan todo su dinero en marketing y luego tienen un mal servicio al cliente. Estos chicos realmente se preocupan. Los clientes son lo primero aqu\u00ed. \u00a1Muy recomendable!\u201d \u2013 Ben B.<\/p>\n\n                <div class=\"rs-content-cta\">\n                    <p>Abogado de mordeduras de perro en Bellevue, cerca de m\u00ed <a href=\"tel:+12062851743\">(206) 285-1743<\/a><\/p>\n                    <a href=\"https:\/\/plg-pllc.com\/es\/contact-us\/\" title=\"OBTENGA UNA EVALUACI\u00d3N DE CASO GRATUITA\" class=\"btn-global\">OBTENGA UNA EVALUACI\u00d3N DE CASO GRATUITA<\/a>\n                            <picture>\n                            <source srcset=\"https:\/\/plg-pllc.com\/wp-content\/themes\/plg-pllc-redesign\/assets\/app\/img\/cta-thumb.webp\" type=\"image\/webp\"\/>\n                            <img src=\"https:\/\/plg-pllc.com\/wp-content\/themes\/plg-pllc-redesign\/assets\/app\/img\/cta-thumb.png\" alt=\"Grupo de abogados Premier\" title=\"Grupo de abogados Premier\" width=\"245\" height=\"220\" loading=\"auto\" fetchpriority=\"auto\" decoding=\"async\"\/>\n        <\/picture>\n        \n                <\/div><h2>Llame hoy al 206.285.1743 para una revisi\u00f3n gratuita de su caso de mordedura de perro<\/h2>\n<p><img loading=\"lazy\" decoding=\"async\" class=\"wp-image-16404 aligncenter\" src=\"https:\/\/plg-pllc.com\/wp-content\/uploads\/2018\/10\/premier-law-group-team2-300x131.jpg\" alt=\"Abogados de lesiones personales en Premier Law Group\" width=\"476\" height=\"208\" srcset=\"https:\/\/plg-pllc.com\/wp-content\/uploads\/2018\/10\/premier-law-group-team2-300x131.jpg 300w, https:\/\/plg-pllc.com\/wp-content\/uploads\/2018\/10\/premier-law-group-team2-640x279.jpg 640w, https:\/\/plg-pllc.com\/wp-content\/uploads\/2018\/10\/premier-law-group-team2-768x335.jpg 768w, https:\/\/plg-pllc.com\/wp-content\/uploads\/2018\/10\/premier-law-group-team2.jpg 800w\" sizes=\"auto, (max-width: 476px) 100vw, 476px\" \/><\/p>\n\n        <div class=\"rs-content-cta\">\n            <p>Llamar o enviar mensaje de texto <a href=\"tel:+12062851743\">(206) 285-1743<\/a> o complete un formulario de evaluaci\u00f3n de caso gratuito<\/p>\n            <a href=\"https:\/\/plg-pllc.com\/es\/contact-us\/\" title=\"OBTENGA UNA EVALUACI\u00d3N DE CASO GRATUITA\" class=\"btn-global\">OBTENGA UNA EVALUACI\u00d3N DE CASO GRATUITA<\/a>\n                    <picture>\n                            <source srcset=\"https:\/\/plg-pllc.com\/wp-content\/themes\/plg-pllc-redesign\/assets\/app\/img\/cta-thumb.webp\" type=\"image\/webp\"\/>\n                            <img src=\"https:\/\/plg-pllc.com\/wp-content\/themes\/plg-pllc-redesign\/assets\/app\/img\/cta-thumb.png\" alt=\"Grupo de abogados Premier\" title=\"Grupo de abogados Premier\" width=\"245\" height=\"220\" loading=\"auto\" fetchpriority=\"auto\" decoding=\"async\"\/>\n        <\/picture>\n        \n        <\/div>","protected":false},"excerpt":{"rendered":"<p>Abogados de mordeduras de perro en Bellevue. Una sola mordedura puede dejar secuelas permanentes, tanto f\u00edsicas como econ\u00f3micas. Ah\u00ed es donde interviene un abogado especializado en mordeduras de perro en Bellevue para asegurarse de que usted no pague las consecuencias de su error. Seg\u00fan las leyes de mordeduras de perro de Washington, los due\u00f1os son estrictamente responsables de las lesiones que causan sus animales, lo que otorga a las v\u00edctimas el derecho a reclamar una indemnizaci\u00f3n completa.<\/p>","protected":false},"author":2,"featured_media":15408,"parent":18067,"menu_order":0,"comment_status":"closed","ping_status":"closed","template":"","meta":{"_acf_changed":false,"_genesis_hide_title":false,"_genesis_hide_breadcrumbs":false,"_genesis_hide_singular_image":false,"_genesis_hide_footer_widgets":false,"_genesis_custom_body_class":"","_genesis_custom_post_class":"","_genesis_layout":"","footnotes":""},"hc_faqs":[],"class_list":{"0":"post-9341","1":"page","2":"type-page","3":"status-publish","4":"has-post-thumbnail","6":"hc_city_location-bellevue","7":"entry"},"acf":[],"yoast_head":"<!-- This site is optimized with the Yoast SEO plugin v27.2 - https:\/\/yoast.com\/product\/yoast-seo-wordpress\/ -->\n<title>Dog Bites Lawyer in Bellevue | Free Case Review<\/title>\n<meta name=\"description\" content=\"Bellevue Dog Bites Lawyer: Premier Law Group helps you unlock the full compensation you deserve. No Fee Unless We Win.\" \/>\n<meta name=\"robots\" content=\"index, follow, max-snippet:-1, max-image-preview:large, max-video-preview:-1\" \/>\n<link rel=\"canonical\" href=\"https:\/\/plg-pllc.com\/es\/bellevue\/dog-bite-lawyer\/\" \/>\n<meta property=\"og:locale\" content=\"es_MX\" \/>\n<meta property=\"og:type\" content=\"article\" \/>\n<meta property=\"og:title\" content=\"Dog Bites Lawyer in Bellevue | Free Case Review\" \/>\n<meta property=\"og:description\" content=\"Bellevue Dog Bites Lawyer: Premier Law Group helps you unlock the full compensation you deserve. No Fee Unless We Win.\" \/>\n<meta property=\"og:url\" content=\"https:\/\/plg-pllc.com\/es\/bellevue\/dog-bite-lawyer\/\" \/>\n<meta property=\"og:site_name\" content=\"Premier Law Group\" \/>\n<meta property=\"article:publisher\" content=\"https:\/\/www.facebook.com\/premierlawgroup\" \/>\n<meta property=\"article:modified_time\" content=\"2026-03-24T22:19:35+00:00\" \/>\n<meta property=\"og:image\" content=\"https:\/\/plg-pllc.com\/wp-content\/uploads\/2013\/02\/dog-bites-injuries.jpg\" \/>\n\t<meta property=\"og:image:width\" content=\"1024\" \/>\n\t<meta property=\"og:image:height\" content=\"622\" \/>\n\t<meta property=\"og:image:type\" content=\"image\/jpeg\" \/>\n<meta name=\"twitter:card\" content=\"summary_large_image\" \/>\n<meta name=\"twitter:site\" content=\"@premierlawgroup\" \/>\n<meta name=\"twitter:label1\" content=\"Tiempo de lectura\" \/>\n\t<meta name=\"twitter:data1\" content=\"6 minutos\" \/>\n<script type=\"application\/ld+json\" class=\"yoast-schema-graph\">{\"@context\":\"https:\/\/schema.org\",\"@graph\":[{\"@type\":\"WebPage\",\"@id\":\"https:\/\/plg-pllc.com\/bellevue\/dog-bite-lawyer\/\",\"url\":\"https:\/\/plg-pllc.com\/bellevue\/dog-bite-lawyer\/\",\"name\":\"Dog Bites Lawyer in Bellevue | Free Case Review\",\"isPartOf\":{\"@id\":\"https:\/\/plg-pllc.com\/#website\"},\"primaryImageOfPage\":{\"@id\":\"https:\/\/plg-pllc.com\/bellevue\/dog-bite-lawyer\/#primaryimage\"},\"image\":{\"@id\":\"https:\/\/plg-pllc.com\/bellevue\/dog-bite-lawyer\/#primaryimage\"},\"thumbnailUrl\":\"https:\/\/plg-pllc.com\/wp-content\/uploads\/2013\/02\/dog-bites-injuries.jpg\",\"datePublished\":\"2013-02-28T22:54:45+00:00\",\"dateModified\":\"2026-03-24T22:19:35+00:00\",\"description\":\"Bellevue Dog Bites Lawyer: Premier Law Group helps you unlock the full compensation you deserve. No Fee Unless We Win.\",\"breadcrumb\":{\"@id\":\"https:\/\/plg-pllc.com\/bellevue\/dog-bite-lawyer\/#breadcrumb\"},\"inLanguage\":\"es\",\"potentialAction\":[{\"@type\":\"ReadAction\",\"target\":[\"https:\/\/plg-pllc.com\/bellevue\/dog-bite-lawyer\/\"]}]},{\"@type\":\"ImageObject\",\"inLanguage\":\"es\",\"@id\":\"https:\/\/plg-pllc.com\/bellevue\/dog-bite-lawyer\/#primaryimage\",\"url\":\"https:\/\/plg-pllc.com\/wp-content\/uploads\/2013\/02\/dog-bites-injuries.jpg\",\"contentUrl\":\"https:\/\/plg-pllc.com\/wp-content\/uploads\/2013\/02\/dog-bites-injuries.jpg\",\"width\":1024,\"height\":622,\"caption\":\"Bellevue Dog Bites Lawyers\"},{\"@type\":\"BreadcrumbList\",\"@id\":\"https:\/\/plg-pllc.com\/bellevue\/dog-bite-lawyer\/#breadcrumb\",\"itemListElement\":[{\"@type\":\"ListItem\",\"position\":1,\"name\":\"Home\",\"item\":\"https:\/\/plg-pllc.com\/es\/\"},{\"@type\":\"ListItem\",\"position\":2,\"name\":\"Bellevue Personal Injury Lawyer\",\"item\":\"https:\/\/plg-pllc.com\/es\/\"},{\"@type\":\"ListItem\",\"position\":3,\"name\":\"Bellevue Dog Bites Lawyer\"}]},{\"@type\":\"WebSite\",\"@id\":\"https:\/\/plg-pllc.com\/#website\",\"url\":\"https:\/\/plg-pllc.com\/\",\"name\":\"Premier Law Group\",\"description\":\"Washington Wrongful Death and Serious Injury Lawyer\",\"publisher\":{\"@id\":\"https:\/\/plg-pllc.com\/#organization\"},\"inLanguage\":\"es\"},{\"@type\":\"Organization\",\"@id\":\"https:\/\/plg-pllc.com\/#organization\",\"name\":\"Premier Law Group\",\"url\":\"https:\/\/plg-pllc.com\/\",\"logo\":{\"@type\":\"ImageObject\",\"inLanguage\":\"es\",\"@id\":\"https:\/\/plg-pllc.com\/#\/schema\/logo\/image\/\",\"url\":\"https:\/\/plg-pllc.com\/wp-content\/uploads\/2020\/10\/plg-logo-v2.gif\",\"contentUrl\":\"https:\/\/plg-pllc.com\/wp-content\/uploads\/2020\/10\/plg-logo-v2.gif\",\"width\":592,\"height\":191,\"caption\":\"Premier Law Group\"},\"image\":{\"@id\":\"https:\/\/plg-pllc.com\/#\/schema\/logo\/image\/\"},\"sameAs\":[\"https:\/\/www.facebook.com\/premierlawgroup\",\"https:\/\/x.com\/premierlawgroup\"]}]}<\/script>\n<!-- \/ Yoast SEO plugin. -->","yoast_head_json":{"title":"Abogado de mordeduras de perro en Bellevue | Revisi\u00f3n gratuita de casos","description":"Abogado de mordeduras de perro en Bellevue: Premier Law Group lo ayuda a obtener la compensaci\u00f3n total que merece. Sin honorarios a menos que ganemos.","robots":{"index":"index","follow":"follow","max-snippet":"max-snippet:-1","max-image-preview":"max-image-preview:large","max-video-preview":"max-video-preview:-1"},"canonical":"https:\/\/plg-pllc.com\/es\/bellevue\/dog-bite-lawyer\/","og_locale":"es_MX","og_type":"article","og_title":"Dog Bites Lawyer in Bellevue | Free Case Review","og_description":"Bellevue Dog Bites Lawyer: Premier Law Group helps you unlock the full compensation you deserve. No Fee Unless We Win.","og_url":"https:\/\/plg-pllc.com\/es\/bellevue\/dog-bite-lawyer\/","og_site_name":"Premier Law Group","article_publisher":"https:\/\/www.facebook.com\/premierlawgroup","article_modified_time":"2026-03-24T22:19:35+00:00","og_image":[{"width":1024,"height":622,"url":"https:\/\/plg-pllc.com\/wp-content\/uploads\/2013\/02\/dog-bites-injuries.jpg","type":"image\/jpeg"}],"twitter_card":"summary_large_image","twitter_site":"@premierlawgroup","twitter_misc":{"Tiempo de lectura":"6 minutos"},"schema":{"@context":"https:\/\/schema.org","@graph":[{"@type":"WebPage","@id":"https:\/\/plg-pllc.com\/bellevue\/dog-bite-lawyer\/","url":"https:\/\/plg-pllc.com\/bellevue\/dog-bite-lawyer\/","name":"Abogado de mordeduras de perro en Bellevue | Revisi\u00f3n gratuita de casos","isPartOf":{"@id":"https:\/\/plg-pllc.com\/#website"},"primaryImageOfPage":{"@id":"https:\/\/plg-pllc.com\/bellevue\/dog-bite-lawyer\/#primaryimage"},"image":{"@id":"https:\/\/plg-pllc.com\/bellevue\/dog-bite-lawyer\/#primaryimage"},"thumbnailUrl":"https:\/\/plg-pllc.com\/wp-content\/uploads\/2013\/02\/dog-bites-injuries.jpg","datePublished":"2013-02-28T22:54:45+00:00","dateModified":"2026-03-24T22:19:35+00:00","description":"Abogado de mordeduras de perro en Bellevue: Premier Law Group lo ayuda a obtener la compensaci\u00f3n total que merece. Sin honorarios a menos que ganemos.","breadcrumb":{"@id":"https:\/\/plg-pllc.com\/bellevue\/dog-bite-lawyer\/#breadcrumb"},"inLanguage":"es","potentialAction":[{"@type":"ReadAction","target":["https:\/\/plg-pllc.com\/bellevue\/dog-bite-lawyer\/"]}]},{"@type":"ImageObject","inLanguage":"es","@id":"https:\/\/plg-pllc.com\/bellevue\/dog-bite-lawyer\/#primaryimage","url":"https:\/\/plg-pllc.com\/wp-content\/uploads\/2013\/02\/dog-bites-injuries.jpg","contentUrl":"https:\/\/plg-pllc.com\/wp-content\/uploads\/2013\/02\/dog-bites-injuries.jpg","width":1024,"height":622,"caption":"Bellevue Dog Bites Lawyers"},{"@type":"BreadcrumbList","@id":"https:\/\/plg-pllc.com\/bellevue\/dog-bite-lawyer\/#breadcrumb","itemListElement":[{"@type":"ListItem","position":1,"name":"Home","item":"https:\/\/plg-pllc.com\/es\/"},{"@type":"ListItem","position":2,"name":"Bellevue Personal Injury Lawyer","item":"https:\/\/plg-pllc.com\/es\/"},{"@type":"ListItem","position":3,"name":"Bellevue Dog Bites Lawyer"}]},{"@type":"WebSite","@id":"https:\/\/plg-pllc.com\/#website","url":"https:\/\/plg-pllc.com\/","name":"Grupo de abogados Premier","description":"Abogado de muerte por negligencia y lesiones graves en Washington","publisher":{"@id":"https:\/\/plg-pllc.com\/#organization"},"inLanguage":"es"},{"@type":"Organization","@id":"https:\/\/plg-pllc.com\/#organization","name":"Grupo de abogados Premier","url":"https:\/\/plg-pllc.com\/","logo":{"@type":"ImageObject","inLanguage":"es","@id":"https:\/\/plg-pllc.com\/#\/schema\/logo\/image\/","url":"https:\/\/plg-pllc.com\/wp-content\/uploads\/2020\/10\/plg-logo-v2.gif","contentUrl":"https:\/\/plg-pllc.com\/wp-content\/uploads\/2020\/10\/plg-logo-v2.gif","width":592,"height":191,"caption":"Premier Law Group"},"image":{"@id":"https:\/\/plg-pllc.com\/#\/schema\/logo\/image\/"},"sameAs":["https:\/\/www.facebook.com\/premierlawgroup","https:\/\/x.com\/premierlawgroup"]}]}},"_links":{"self":[{"href":"https:\/\/plg-pllc.com\/es\/wp-json\/wp\/v2\/pages\/9341","targetHints":{"allow":["GET"]}}],"collection":[{"href":"https:\/\/plg-pllc.com\/es\/wp-json\/wp\/v2\/pages"}],"about":[{"href":"https:\/\/plg-pllc.com\/es\/wp-json\/wp\/v2\/types\/page"}],"author":[{"embeddable":true,"href":"https:\/\/plg-pllc.com\/es\/wp-json\/wp\/v2\/users\/2"}],"replies":[{"embeddable":true,"href":"https:\/\/plg-pllc.com\/es\/wp-json\/wp\/v2\/comments?post=9341"}],"version-history":[{"count":0,"href":"https:\/\/plg-pllc.com\/es\/wp-json\/wp\/v2\/pages\/9341\/revisions"}],"up":[{"embeddable":true,"href":"https:\/\/plg-pllc.com\/es\/wp-json\/wp\/v2\/pages\/18067"}],"wp:featuredmedia":[{"embeddable":true,"href":"https:\/\/plg-pllc.com\/es\/wp-json\/wp\/v2\/media\/15408"}],"wp:attachment":[{"href":"https:\/\/plg-pllc.com\/es\/wp-json\/wp\/v2\/media?parent=9341"}],"wp:term":[{"taxonomy":"hc_faqs","embeddable":true,"href":"https:\/\/plg-pllc.com\/es\/wp-json\/wp\/v2\/hc_faqs?post=9341"}],"curies":[{"name":"gracias","href":"https:\/\/api.w.org\/{rel}","templated":true}]}}