{"id":9342,"date":"2013-02-26T15:39:11","date_gmt":"2013-02-26T23:39:11","guid":{"rendered":"https:\/\/plg-pllc.com\/?page_id=9342"},"modified":"2025-02-14T14:19:09","modified_gmt":"2025-02-14T22:19:09","slug":"bicycle-accidents","status":"publish","type":"page","link":"https:\/\/plg-pllc.com\/es\/washington\/bicycle-accident-lawyer\/","title":{"rendered":"Abogado de accidentes de bicicleta en Washington"},"content":{"rendered":"<p><span style=\"font-size: inherit;\">Si ha llegado a esta p\u00e1gina porque sufri\u00f3 lesiones en un accidente de bicicleta sin culpa suya, ha llegado al lugar correcto. En primer lugar, queremos que sepa que lamentamos que haya sufrido un accidente y que tenga que lidiar con las consecuencias. La carga de situaciones como la suya puede ser muy grande: f\u00edsica, mental, psicol\u00f3gica, emocional y financiera. Es especialmente dif\u00edcil que no haya hecho nada malo. Los abogados de accidentes de bicicleta de Washington de <\/span><a style=\"font-size: inherit;\" href=\"\/\">Grupo de abogados Premier<\/a><span style=\"font-size: inherit;\"> Entiendo tus frustraciones.<\/span><\/p>\n<p>Queremos ayudarle a recuperarse de su accidente lo mejor posible. Por eso, esta p\u00e1gina le ofrece informaci\u00f3n \u00fatil. Aqu\u00ed aprender\u00e1 sobre el valor de su reclamaci\u00f3n por accidente de bicicleta, c\u00f3mo proteger el valor de su reclamaci\u00f3n y qu\u00e9 buscar en un abogado especializado en accidentes de bicicleta de Washington si decide contratar a un abogado.<\/p>\n<h2><span data-sheets-value=\"{&quot;1&quot;:2,&quot;2&quot;:&quot;Determining the Worth of Your Bicycle Accident Claim in Washington&quot;}\" data-sheets-userformat=\"{&quot;2&quot;:513,&quot;3&quot;:{&quot;1&quot;:0},&quot;12&quot;:0}\">C\u00f3mo determinar el valor de su reclamaci\u00f3n por accidente de bicicleta en Washington<\/span><\/h2>\n<p>Uno de los <a href=\"https:\/\/plg-pllc.com\/faqs\/\">preguntas<\/a> Quiz\u00e1s se est\u00e9 preguntando ahora mismo cu\u00e1l es el valor de su caso de accidente de bicicleta en el estado de Washington. Por lo general, hay dos tipos de da\u00f1os que puede recuperar: da\u00f1os especiales y da\u00f1os generales.<\/p>\n<p>Los da\u00f1os especiales son aquellos cuyas cifras en d\u00f3lares son f\u00e1cilmente identificables, como facturas m\u00e9dicas, p\u00e9rdida de salarios y costos de medicamentos. Los da\u00f1os generales tienden a no tener cifras en d\u00f3lares f\u00e1cilmente identificables. Incluyen dolor, sufrimiento, discapacidad y p\u00e9rdida del disfrute de la vida.<\/p>\n<p>Si su caso llega a los tribunales, un jurado tendr\u00e1 que decidir sobre la indemnizaci\u00f3n que recibir\u00e1 por da\u00f1os especiales y da\u00f1os generales. Al final, el jurado exigir\u00e1 a la parte culpable que pague estos da\u00f1os en conjunto. En resumen, el valor de su caso depende de lo que decida un jurado espec\u00edfico, en un d\u00eda espec\u00edfico, con respecto a su caso espec\u00edfico.<\/p>\n<p>El jurado es solo un factor a la hora de determinar el valor de su caso. Un excelente abogado especializado en accidentes de bicicleta desempe\u00f1a un papel esencial a la hora de convencer al jurado de que otorgue una indemnizaci\u00f3n por el valor m\u00e1ximo de su reclamaci\u00f3n.<\/p>\n<p><script src=\"https:\/\/fast.wistia.com\/embed\/medias\/p82k0p34it.jsonp\" async=\"\"><\/script><script src=\"https:\/\/fast.wistia.com\/assets\/external\/E-v1.js\" async=\"\"><\/script><\/p>\n<div class=\"wistia_responsive_padding\" style=\"padding: 56.25% 0 0 0; position: relative;\">\n<div class=\"wistia_responsive_wrapper\" style=\"height: 100%; left: 0; position: absolute; top: 0; width: 100%;\">\n<div class=\"wistia_embed wistia_async_p82k0p34it videoFoam=true\" style=\"height: 100%; position: relative; width: 100%;\">\n<div class=\"wistia_swatch\" style=\"height: 100%; left: 0; opacity: 0; overflow: hidden; position: absolute; top: 0; transition: opacity 200ms; width: 100%;\"><img decoding=\"async\" style=\"filter: blur(5px); height: 100%; object-fit: contain; width: 100%;\" src=\"https:\/\/fast.wistia.com\/embed\/medias\/p82k0p34it\/swatch\" alt=\"Miniatura de un v\u00eddeo en el que Jason Epstein, abogado de lesiones personales, analiza los distintos tipos de compensaci\u00f3n que uno puede solicitar por un reclamo por accidente de bicicleta.\" \/><\/div>\n<\/div>\n<\/div>\n<\/div>\n<h2><span data-sheets-value=\"{&quot;1&quot;:2,&quot;2&quot;:&quot;Protecting Your Bicycle Accident Claim's Value in Washington&quot;}\" data-sheets-userformat=\"{&quot;2&quot;:513,&quot;3&quot;:{&quot;1&quot;:0},&quot;12&quot;:0}\">C\u00f3mo proteger el valor de su reclamaci\u00f3n por accidente de bicicleta en Washington<\/span><\/h2>\n<p>Hay varias cosas que puede hacer para proteger su demanda por accidente de bicicleta. Si es posible, le recomendamos hacer lo siguiente:<\/p>\n<ul>\n<li><strong>Re\u00fana los nombres, direcciones, n\u00fameros de tel\u00e9fono e informaci\u00f3n del seguro de las personas que estuvieron involucradas en el accidente de bicicleta.<\/strong><\/li>\n<li><strong>Registre los nombres y n\u00fameros de tel\u00e9fono de los testigos.<\/strong><\/li>\n<li><strong>Tome fotograf\u00edas de la escena del accidente.<\/strong><\/li>\n<li><strong>Llame a la polic\u00eda o al 911 si corresponde.<\/strong><\/li>\n<li><strong>Obtenga fotograf\u00edas de sus lesiones en la escena del accidente.<\/strong><\/li>\n<li><strong>Si hay im\u00e1genes de vigilancia del \u00e1rea o una cinta del 911, solicite estas piezas de evidencia lo antes posible o podr\u00edan perderse.<\/strong><\/li>\n<li><strong>Obtenga fotograf\u00edas de sus lesiones a medida que sanan.<\/strong><\/li>\n<\/ul>\n<h2><span data-sheets-value=\"{&quot;1&quot;:2,&quot;2&quot;:&quot;Schedule Your Free Case Review with Premier Law Group&quot;}\" data-sheets-userformat=\"{&quot;2&quot;:513,&quot;3&quot;:{&quot;1&quot;:0},&quot;12&quot;:0}\">Programe una revisi\u00f3n gratuita de su caso con Premier Law Group<\/span><\/h2>\n<p>La mejor manera en que podemos ayudarlo en este momento es hablando con usted directamente. Es por eso que ofrecemos evaluaciones de casos gratuitas. Todos los que se comunican <a href=\"https:\/\/plg-pllc.com\/about-us\/\">Nuestra oficina<\/a> Si tiene un caso potencial, puede hablar con un abogado, no solo con un recepcionista o un especialista en admisiones. Si determinamos que tiene un caso, tambi\u00e9n hablaremos con usted sobre el rango de valor de su caso en funci\u00f3n de un historial de casos similares y le recomendaremos el mejor curso de acci\u00f3n. <strong>Llame al 206.285.1743 para programar una revisi\u00f3n gratuita de su caso de accidente de bicicleta hoy. <\/strong><\/p>\n\n        <div class=\"rs-content-cta long\">\n            <p>Para una consulta legal GRATUITA con un abogado de accidentes de bicicleta que preste servicios en Washington, llame al <a href=\"tel:+12062851743\">(206) 285-1743 <\/a><\/p>\n            <a href=\"https:\/\/plg-pllc.com\/es\/contact-us\/\" title=\"OBTENGA UNA EVALUACI\u00d3N DE CASO GRATUITA\" class=\"btn-global\">OBTENGA UNA EVALUACI\u00d3N DE CASO GRATUITA<\/a>\n                    <picture>\n                            <source srcset=\"https:\/\/plg-pllc.com\/wp-content\/themes\/plg-pllc-redesign\/assets\/app\/img\/cta-thumb.webp\" type=\"image\/webp\"\/>\n                            <img src=\"https:\/\/plg-pllc.com\/wp-content\/themes\/plg-pllc-redesign\/assets\/app\/img\/cta-thumb.png\" alt=\"Grupo de abogados Premier\" title=\"Grupo de abogados Premier\" width=\"245\" height=\"220\" loading=\"auto\" fetchpriority=\"auto\" decoding=\"async\"\/>\n        <\/picture>\n        \n        <\/div><h2><span data-sheets-value=\"{&quot;1&quot;:2,&quot;2&quot;:&quot;Qualities of a Top Washington Bicycle Accident Attorney&quot;}\" data-sheets-userformat=\"{&quot;2&quot;:513,&quot;3&quot;:{&quot;1&quot;:0},&quot;12&quot;:0}\">Cualidades de un abogado especializado en accidentes de bicicleta en Washington<\/span><\/h2>\n<p>Al investigar sobre abogados especializados en accidentes de bicicleta en Washington, tenga en cuenta las siguientes preguntas\u2026<\/p>\n<p><em>\u00bfTiene este abogado experiencia especializada representando a v\u00edctimas de accidentes de bicicleta?<\/em> La experiencia especializada en accidentes de bicicleta significa que tienes m\u00e1s probabilidades de obtener un buen resultado en el caso. <a href=\"https:\/\/plg-pllc.com\/\">Nuestros abogados<\/a> Son ciclistas entusiastas y han representado a v\u00edctimas de accidentes de bicicleta durante muchos a\u00f1os.<\/p>\n<p><img loading=\"lazy\" decoding=\"async\" class=\"wp-image-17069 alignleft\" src=\"https:\/\/plg-pllc.com\/wp-content\/uploads\/2019\/04\/Premier_Law_Group_2019_BEST_Personal_Injury_Attorney-199x300.jpg\" alt=\"Premio a los 10 mejores abogados de lesiones personales del Instituto Americano de Abogados de Lesiones Personales de 2019\" width=\"228\" height=\"344\" srcset=\"https:\/\/plg-pllc.com\/wp-content\/uploads\/2019\/04\/Premier_Law_Group_2019_BEST_Personal_Injury_Attorney-199x300.jpg 199w, https:\/\/plg-pllc.com\/wp-content\/uploads\/2019\/04\/Premier_Law_Group_2019_BEST_Personal_Injury_Attorney-133x200.jpg 133w, https:\/\/plg-pllc.com\/wp-content\/uploads\/2019\/04\/Premier_Law_Group_2019_BEST_Personal_Injury_Attorney.jpg 452w\" sizes=\"auto, (max-width: 228px) 100vw, 228px\" \/><em>\u00bfTiene este abogado buena reputaci\u00f3n en la comunidad?<\/em> Los premios y distinciones sugieren que un abogado es reconocido por sus pares y tiene calificaciones confiables. Nuestros abogados de accidentes de bicicleta de Washington son reconocidos por los medios y reciben premios con regularidad. Tambi\u00e9n tenemos un historial de conseguir <a href=\"https:\/\/plg-pllc.com\/case-results\/\">Excelentes resultados de casos<\/a>.<\/p>\n<p><em>\u00bfEs este abogado accesible y accesible?<\/em> Es importante tener una relaci\u00f3n laboral buena y productiva con su abogado. En Premier Law Group, somos conocidos como los abogados de accidentes \u201caccesibles\u201d en el \u00e1rea de Seattle.<\/p>\n<p><em>\u00bfEste abogado le hace recomendaciones o le dice qu\u00e9 hacer?<\/em> Su abogado debe servirle de gu\u00eda y brindarle la informaci\u00f3n necesaria para que pueda tomar las mejores decisiones. Nuestros clientes saben que tienen el control de sus casos.<\/p>\n<p><em>\u00bfEste abogado ofrece una excelente experiencia al cliente?<\/em> Su proceso de reclamaci\u00f3n no tiene por qu\u00e9 ser molesto, desafiante ni frustrante. De hecho, no deber\u00eda ser ninguna de esas cosas. En Premier Law Group, tenemos <a href=\"https:\/\/plg-pllc.com\/client-reviews\/\">Excelente satisfacci\u00f3n del cliente<\/a> y estamos orgullosos de ser el \u00fanico bufete de abogados especializado en accidentes en el estado de Washington que ofrece un <a href=\"https:\/\/plg-pllc.com\/join-our-vip-program\/\">Programa VIP<\/a>.<\/p>\n<h2><span data-sheets-value=\"{&quot;1&quot;:2,&quot;2&quot;:&quot;Why Choose Premier Law Group?&quot;}\" data-sheets-userformat=\"{&quot;2&quot;:513,&quot;3&quot;:{&quot;1&quot;:0},&quot;12&quot;:0}\">\u00bfPor qu\u00e9 elegir Premier Law Group?<\/span><\/h2>\n<p>Esto es lo que puede esperar cuando se comunica y trabaja con Premier Law Group:<\/p>\n<ol>\n<li><strong>Somos accesibles.<\/strong> Cuando se comunique con nosotros acerca de su asunto de lesiones personales, hablar\u00e1 directamente con un abogado, no solo con un recepcionista o un especialista en admisiones.<\/li>\n<li><strong>Somos directos.<\/strong> No estamos jugando: queremos ayudarle a alcanzar sus objetivos. Por ejemplo, seremos sinceros sobre si necesita un abogado para resolver su reclamaci\u00f3n.<\/li>\n<li><strong>Nos preocupamos.<\/strong> Somos personas reales que ayudamos a personas reales con problemas reales. Te han hecho da\u00f1o y mereces una experiencia y un resultado que arregle las cosas lo mejor posible.<\/li>\n<\/ol>\n<p>Nuestra misi\u00f3n es garantizar que todos los que nos contactan est\u00e9n m\u00e1s informados sobre sus opciones legales, ya sea que los representemos o no. <strong>Complete un formulario web confidencial o llame al 206.880.7518 hoy para programar una revisi\u00f3n gratuita de su caso de accidente de bicicleta.<\/strong><\/p>\n<h2><span data-sheets-value=\"{&quot;1&quot;:2,&quot;2&quot;:&quot;Client Testimonials for Premier Law Group&quot;}\" data-sheets-userformat=\"{&quot;2&quot;:513,&quot;3&quot;:{&quot;1&quot;:0},&quot;12&quot;:0}\">Testimonios de clientes de Premier Law Group<\/span><\/h2>\n<p>A continuaci\u00f3n se muestra una peque\u00f1a muestra de nuestras rese\u00f1as. Nuestro sitio web contiene <a href=\"https:\/\/plg-pllc.com\/client-reviews\/\">muchas otras rese\u00f1as<\/a> para su inter\u00e9s.<\/p>\n<h4><em>Hazme sentir c\u00f3modo<\/em><\/h4>\n<p><em>\u201cTuve el privilegio de trabajar con Patrick Kang y Premier Law Group. Desde el principio, fueron muy receptivos, honestos y me hicieron sentir c\u00f3modo durante todo el proceso. Patrick siempre se tom\u00f3 el tiempo que necesitaba, a pesar de que est\u00e1 extremadamente ocupado, ya sea por correo electr\u00f3nico, mensajes de texto o llamadas telef\u00f3nicas. Pero no te dejaba esperando. Su oficina era muy profesional y te ayudaba a guiarte en todo y te hac\u00eda comprender todas las consecuencias. Aunque espero no tener que contratarlo nunca m\u00e1s, los recomiendo a todos mis amigos y familiares si necesitan un abogado, sin preguntas\u201d.<\/em> \u2013Hien Nguyen<\/p>\n<h4><em>Una experiencia extraordinariamente \u00fanica<\/em><\/h4>\n<p><em>\u201cDurante m\u00e1s de 30 a\u00f1os, como profesional de Recursos Humanos, trabaj\u00e9 en el campo de la hospitalidad brindando servicio al cliente a colegas profesionales, as\u00ed como a los hu\u00e9spedes de nuestro hotel. Trabaj\u00e9 m\u00e1s all\u00e1 para garantizar y superar las expectativas de los dem\u00e1s. Por lo tanto, mis propias expectativas cuando recib\u00eda servicio eran algo cruciales. \u00a1Trabajar y asociarme con Premier Law Group, debido a una desafortunada colisi\u00f3n, fue extraordinariamente \u00fanico! Su nivel de comunicaci\u00f3n fue excepcional. Desde el momento en que enviaba un correo electr\u00f3nico o llamaba, alguien me atend\u00eda de inmediato. Nunca hubo un momento en el que me sintiera fuera de lugar o como si lo que me importaba no fuera importante... Tenga la seguridad de que estar\u00e1 en &quot;buenas manos&quot; y no se arrepentir\u00e1. El acuerdo que recib\u00ed no fue el esperado y el proceso de mediaci\u00f3n fue incre\u00edble... Gracias, Jonathan, Sunshine, Sarah, Claudia y, por supuesto, Jason&quot;.<\/em> \u2013Laurie C. McMillan<\/p>\n<h4><em>Me pondr\u00e9 en contacto con ellos en el futuro.<\/em><\/h4>\n<p><em>\u201cJon me dio buenos consejos sobre mi reclamaci\u00f3n por violencia dom\u00e9stica, aunque no tuve que contratarlos. \u00a1Me pondr\u00e9 en contacto con ellos en el futuro si la compa\u00f1\u00eda de seguros me da alg\u00fan problema! Recomiendo encarecidamente esta empresa\u201d.<\/em> \u2013Mike Osaki<\/p>\n<p><strong>Llame al 206.285.1743 para una revisi\u00f3n gratuita de su caso de accidente de bicicleta<\/strong><\/p>\n<p><img loading=\"lazy\" decoding=\"async\" class=\"wp-image-16403 aligncenter\" src=\"https:\/\/plg-pllc.com\/wp-content\/uploads\/2018\/10\/premier-law-group-team1-300x180.jpg\" alt=\"equipo del grupo de abogados premier\" width=\"592\" height=\"355\" srcset=\"https:\/\/plg-pllc.com\/wp-content\/uploads\/2018\/10\/premier-law-group-team1-300x180.jpg 300w, https:\/\/plg-pllc.com\/wp-content\/uploads\/2018\/10\/premier-law-group-team1-640x383.jpg 640w, https:\/\/plg-pllc.com\/wp-content\/uploads\/2018\/10\/premier-law-group-team1-768x460.jpg 768w, https:\/\/plg-pllc.com\/wp-content\/uploads\/2018\/10\/premier-law-group-team1.jpg 800w\" sizes=\"auto, (max-width: 592px) 100vw, 592px\" \/><\/p>\n\n        <div class=\"rs-content-cta\">\n            <p>Llamar o enviar mensaje de texto <a href=\"tel:+12062851743\">(206) 285-1743<\/a> o complete un formulario de evaluaci\u00f3n de caso gratuito<\/p>\n            <a href=\"https:\/\/plg-pllc.com\/es\/contact-us\/\" title=\"OBTENGA UNA EVALUACI\u00d3N DE CASO GRATUITA\" class=\"btn-global\">OBTENGA UNA EVALUACI\u00d3N DE CASO GRATUITA<\/a>\n                    <picture>\n                            <source srcset=\"https:\/\/plg-pllc.com\/wp-content\/themes\/plg-pllc-redesign\/assets\/app\/img\/cta-thumb.webp\" type=\"image\/webp\"\/>\n                            <img src=\"https:\/\/plg-pllc.com\/wp-content\/themes\/plg-pllc-redesign\/assets\/app\/img\/cta-thumb.png\" alt=\"Grupo de abogados Premier\" title=\"Grupo de abogados Premier\" width=\"245\" height=\"220\" loading=\"auto\" fetchpriority=\"auto\" decoding=\"async\"\/>\n        <\/picture>\n        \n        <\/div>","protected":false},"excerpt":{"rendered":"<p>Si ha llegado a esta p\u00e1gina porque sufri\u00f3 lesiones en un accidente de bicicleta sin culpa suya, ha llegado al lugar correcto. En primer lugar, queremos que sepa que lamentamos que haya sufrido un accidente y que tenga que afrontar las consecuencias. La carga de situaciones como la suya puede ser abrumadora...<\/p>","protected":false},"author":2,"featured_media":0,"parent":18067,"menu_order":0,"comment_status":"closed","ping_status":"closed","template":"","meta":{"_acf_changed":false,"_genesis_hide_title":false,"_genesis_hide_breadcrumbs":false,"_genesis_hide_singular_image":false,"_genesis_hide_footer_widgets":false,"_genesis_custom_body_class":"","_genesis_custom_post_class":"","_genesis_layout":"","footnotes":""},"hc_faqs":[],"class_list":{"0":"post-9342","1":"page","2":"type-page","3":"status-publish","5":"hc_city_location-washington","6":"entry","7":"has-post-thumbnail"},"acf":[],"yoast_head":"<!-- This site is optimized with the Yoast SEO plugin v27.4 - https:\/\/yoast.com\/product\/yoast-seo-wordpress\/ -->\n<title>Bicycle Accident Lawyer in Washington | Free Case Review<\/title>\n<meta name=\"description\" content=\"Washington Bicycle Accident Lawyer: Premier Law Group helps you unlock the full compensation you deserve. No Fee Unless We Win.\" \/>\n<meta name=\"robots\" content=\"index, follow, max-snippet:-1, max-image-preview:large, max-video-preview:-1\" \/>\n<link rel=\"canonical\" href=\"https:\/\/plg-pllc.com\/es\/washington\/bicycle-accident-lawyer\/\" \/>\n<meta property=\"og:locale\" content=\"es_MX\" \/>\n<meta property=\"og:type\" content=\"article\" \/>\n<meta property=\"og:title\" content=\"Bicycle Accident Lawyer in Washington | Free Case Review\" \/>\n<meta property=\"og:description\" content=\"Washington Bicycle Accident Lawyer: Premier Law Group helps you unlock the full compensation you deserve. No Fee Unless We Win.\" \/>\n<meta property=\"og:url\" content=\"https:\/\/plg-pllc.com\/es\/washington\/bicycle-accident-lawyer\/\" \/>\n<meta property=\"og:site_name\" content=\"Premier Law Group\" \/>\n<meta property=\"article:publisher\" content=\"https:\/\/www.facebook.com\/premierlawgroup\" \/>\n<meta property=\"article:modified_time\" content=\"2025-02-14T22:19:09+00:00\" \/>\n<meta property=\"og:image\" content=\"https:\/\/fast.wistia.com\/embed\/medias\/p82k0p34it\/swatch\" \/>\n<meta name=\"twitter:card\" content=\"summary_large_image\" \/>\n<meta name=\"twitter:site\" content=\"@premierlawgroup\" \/>\n<meta name=\"twitter:label1\" content=\"Tiempo de lectura\" \/>\n\t<meta name=\"twitter:data1\" content=\"7 minutos\" \/>\n<script type=\"application\/ld+json\" class=\"yoast-schema-graph\">{\"@context\":\"https:\\\/\\\/schema.org\",\"@graph\":[{\"@type\":\"WebPage\",\"@id\":\"https:\\\/\\\/plg-pllc.com\\\/washington\\\/bicycle-accident-lawyer\\\/\",\"url\":\"https:\\\/\\\/plg-pllc.com\\\/washington\\\/bicycle-accident-lawyer\\\/\",\"name\":\"Bicycle Accident Lawyer in Washington | Free Case Review\",\"isPartOf\":{\"@id\":\"https:\\\/\\\/plg-pllc.com\\\/#website\"},\"primaryImageOfPage\":{\"@id\":\"https:\\\/\\\/plg-pllc.com\\\/washington\\\/bicycle-accident-lawyer\\\/#primaryimage\"},\"image\":{\"@id\":\"https:\\\/\\\/plg-pllc.com\\\/washington\\\/bicycle-accident-lawyer\\\/#primaryimage\"},\"thumbnailUrl\":\"https:\\\/\\\/fast.wistia.com\\\/embed\\\/medias\\\/p82k0p34it\\\/swatch\",\"datePublished\":\"2013-02-26T23:39:11+00:00\",\"dateModified\":\"2025-02-14T22:19:09+00:00\",\"description\":\"Washington Bicycle Accident Lawyer: Premier Law Group helps you unlock the full compensation you deserve. No Fee Unless We Win.\",\"breadcrumb\":{\"@id\":\"https:\\\/\\\/plg-pllc.com\\\/washington\\\/bicycle-accident-lawyer\\\/#breadcrumb\"},\"inLanguage\":\"es\",\"potentialAction\":[{\"@type\":\"ReadAction\",\"target\":[\"https:\\\/\\\/plg-pllc.com\\\/washington\\\/bicycle-accident-lawyer\\\/\"]}]},{\"@type\":\"ImageObject\",\"inLanguage\":\"es\",\"@id\":\"https:\\\/\\\/plg-pllc.com\\\/washington\\\/bicycle-accident-lawyer\\\/#primaryimage\",\"url\":\"https:\\\/\\\/fast.wistia.com\\\/embed\\\/medias\\\/p82k0p34it\\\/swatch\",\"contentUrl\":\"https:\\\/\\\/fast.wistia.com\\\/embed\\\/medias\\\/p82k0p34it\\\/swatch\"},{\"@type\":\"BreadcrumbList\",\"@id\":\"https:\\\/\\\/plg-pllc.com\\\/washington\\\/bicycle-accident-lawyer\\\/#breadcrumb\",\"itemListElement\":[{\"@type\":\"ListItem\",\"position\":1,\"name\":\"Home\",\"item\":\"https:\\\/\\\/plg-pllc.com\\\/es\\\/\"},{\"@type\":\"ListItem\",\"position\":2,\"name\":\"Bellevue Personal Injury Lawyer\",\"item\":\"https:\\\/\\\/plg-pllc.com\\\/es\\\/\"},{\"@type\":\"ListItem\",\"position\":3,\"name\":\"Washington Bicycle Accident Lawyer\"}]},{\"@type\":\"WebSite\",\"@id\":\"https:\\\/\\\/plg-pllc.com\\\/#website\",\"url\":\"https:\\\/\\\/plg-pllc.com\\\/\",\"name\":\"Premier Law Group\",\"description\":\"Washington Wrongful Death and Serious Injury Lawyer\",\"publisher\":{\"@id\":\"https:\\\/\\\/plg-pllc.com\\\/#organization\"},\"inLanguage\":\"es\"},{\"@type\":\"Organization\",\"@id\":\"https:\\\/\\\/plg-pllc.com\\\/#organization\",\"name\":\"Premier Law Group\",\"url\":\"https:\\\/\\\/plg-pllc.com\\\/\",\"logo\":{\"@type\":\"ImageObject\",\"inLanguage\":\"es\",\"@id\":\"https:\\\/\\\/plg-pllc.com\\\/#\\\/schema\\\/logo\\\/image\\\/\",\"url\":\"https:\\\/\\\/plg-pllc.com\\\/wp-content\\\/uploads\\\/2020\\\/10\\\/plg-logo-v2.gif\",\"contentUrl\":\"https:\\\/\\\/plg-pllc.com\\\/wp-content\\\/uploads\\\/2020\\\/10\\\/plg-logo-v2.gif\",\"width\":592,\"height\":191,\"caption\":\"Premier Law Group\"},\"image\":{\"@id\":\"https:\\\/\\\/plg-pllc.com\\\/#\\\/schema\\\/logo\\\/image\\\/\"},\"sameAs\":[\"https:\\\/\\\/www.facebook.com\\\/premierlawgroup\",\"https:\\\/\\\/x.com\\\/premierlawgroup\"]}]}<\/script>\n<!-- \/ Yoast SEO plugin. -->","yoast_head_json":{"title":"Abogado de accidentes de bicicleta en Washington | Revisi\u00f3n gratuita de casos","description":"Abogado de accidentes de bicicleta en Washington: Premier Law Group lo ayuda a obtener la compensaci\u00f3n total que merece. Sin honorarios a menos que ganemos.","robots":{"index":"index","follow":"follow","max-snippet":"max-snippet:-1","max-image-preview":"max-image-preview:large","max-video-preview":"max-video-preview:-1"},"canonical":"https:\/\/plg-pllc.com\/es\/washington\/bicycle-accident-lawyer\/","og_locale":"es_MX","og_type":"article","og_title":"Bicycle Accident Lawyer in Washington | Free Case Review","og_description":"Washington Bicycle Accident Lawyer: Premier Law Group helps you unlock the full compensation you deserve. No Fee Unless We Win.","og_url":"https:\/\/plg-pllc.com\/es\/washington\/bicycle-accident-lawyer\/","og_site_name":"Premier Law Group","article_publisher":"https:\/\/www.facebook.com\/premierlawgroup","article_modified_time":"2025-02-14T22:19:09+00:00","og_image":[{"url":"https:\/\/fast.wistia.com\/embed\/medias\/p82k0p34it\/swatch","type":"","width":"","height":""}],"twitter_card":"summary_large_image","twitter_site":"@premierlawgroup","twitter_misc":{"Tiempo de lectura":"7 minutos"},"schema":{"@context":"https:\/\/schema.org","@graph":[{"@type":"WebPage","@id":"https:\/\/plg-pllc.com\/washington\/bicycle-accident-lawyer\/","url":"https:\/\/plg-pllc.com\/washington\/bicycle-accident-lawyer\/","name":"Abogado de accidentes de bicicleta en Washington | Revisi\u00f3n gratuita de casos","isPartOf":{"@id":"https:\/\/plg-pllc.com\/#website"},"primaryImageOfPage":{"@id":"https:\/\/plg-pllc.com\/washington\/bicycle-accident-lawyer\/#primaryimage"},"image":{"@id":"https:\/\/plg-pllc.com\/washington\/bicycle-accident-lawyer\/#primaryimage"},"thumbnailUrl":"https:\/\/fast.wistia.com\/embed\/medias\/p82k0p34it\/swatch","datePublished":"2013-02-26T23:39:11+00:00","dateModified":"2025-02-14T22:19:09+00:00","description":"Abogado de accidentes de bicicleta en Washington: Premier Law Group lo ayuda a obtener la compensaci\u00f3n total que merece. Sin honorarios a menos que ganemos.","breadcrumb":{"@id":"https:\/\/plg-pllc.com\/washington\/bicycle-accident-lawyer\/#breadcrumb"},"inLanguage":"es","potentialAction":[{"@type":"ReadAction","target":["https:\/\/plg-pllc.com\/washington\/bicycle-accident-lawyer\/"]}]},{"@type":"ImageObject","inLanguage":"es","@id":"https:\/\/plg-pllc.com\/washington\/bicycle-accident-lawyer\/#primaryimage","url":"https:\/\/fast.wistia.com\/embed\/medias\/p82k0p34it\/swatch","contentUrl":"https:\/\/fast.wistia.com\/embed\/medias\/p82k0p34it\/swatch"},{"@type":"BreadcrumbList","@id":"https:\/\/plg-pllc.com\/washington\/bicycle-accident-lawyer\/#breadcrumb","itemListElement":[{"@type":"ListItem","position":1,"name":"Home","item":"https:\/\/plg-pllc.com\/es\/"},{"@type":"ListItem","position":2,"name":"Bellevue Personal Injury Lawyer","item":"https:\/\/plg-pllc.com\/es\/"},{"@type":"ListItem","position":3,"name":"Washington Bicycle Accident Lawyer"}]},{"@type":"WebSite","@id":"https:\/\/plg-pllc.com\/#website","url":"https:\/\/plg-pllc.com\/","name":"Grupo de abogados Premier","description":"Abogado de muerte por negligencia y lesiones graves en Washington","publisher":{"@id":"https:\/\/plg-pllc.com\/#organization"},"inLanguage":"es"},{"@type":"Organization","@id":"https:\/\/plg-pllc.com\/#organization","name":"Grupo de abogados Premier","url":"https:\/\/plg-pllc.com\/","logo":{"@type":"ImageObject","inLanguage":"es","@id":"https:\/\/plg-pllc.com\/#\/schema\/logo\/image\/","url":"https:\/\/plg-pllc.com\/wp-content\/uploads\/2020\/10\/plg-logo-v2.gif","contentUrl":"https:\/\/plg-pllc.com\/wp-content\/uploads\/2020\/10\/plg-logo-v2.gif","width":592,"height":191,"caption":"Premier Law Group"},"image":{"@id":"https:\/\/plg-pllc.com\/#\/schema\/logo\/image\/"},"sameAs":["https:\/\/www.facebook.com\/premierlawgroup","https:\/\/x.com\/premierlawgroup"]}]}},"_links":{"self":[{"href":"https:\/\/plg-pllc.com\/es\/wp-json\/wp\/v2\/pages\/9342","targetHints":{"allow":["GET"]}}],"collection":[{"href":"https:\/\/plg-pllc.com\/es\/wp-json\/wp\/v2\/pages"}],"about":[{"href":"https:\/\/plg-pllc.com\/es\/wp-json\/wp\/v2\/types\/page"}],"author":[{"embeddable":true,"href":"https:\/\/plg-pllc.com\/es\/wp-json\/wp\/v2\/users\/2"}],"replies":[{"embeddable":true,"href":"https:\/\/plg-pllc.com\/es\/wp-json\/wp\/v2\/comments?post=9342"}],"version-history":[{"count":0,"href":"https:\/\/plg-pllc.com\/es\/wp-json\/wp\/v2\/pages\/9342\/revisions"}],"up":[{"embeddable":true,"href":"https:\/\/plg-pllc.com\/es\/wp-json\/wp\/v2\/pages\/18067"}],"wp:attachment":[{"href":"https:\/\/plg-pllc.com\/es\/wp-json\/wp\/v2\/media?parent=9342"}],"wp:term":[{"taxonomy":"hc_faqs","embeddable":true,"href":"https:\/\/plg-pllc.com\/es\/wp-json\/wp\/v2\/hc_faqs?post=9342"}],"curies":[{"name":"gracias","href":"https:\/\/api.w.org\/{rel}","templated":true}]}}