{"id":94,"date":"2009-10-08T22:57:05","date_gmt":"2009-10-09T05:57:05","guid":{"rendered":"https:\/\/plg-pllc.com\/wp\/?page_id=94"},"modified":"2025-02-20T20:03:35","modified_gmt":"2025-02-21T04:03:35","slug":"patrick-j-kang","status":"publish","type":"page","link":"https:\/\/plg-pllc.com\/es\/about-us\/attorneys\/patrick-j-kang\/","title":{"rendered":"Patrick J. Kang"},"content":{"rendered":"<p>Despu\u00e9s de graduarse cum laude de la Universidad Whitworth en Spokane, Washington, donde obtuvo su Licenciatura en Econom\u00eda, Patrick J. Kang trabaj\u00f3 como administrador de casos para un bufete de abogados especializado en lesiones personales. Fue all\u00ed donde se dio cuenta de que quer\u00eda convertirse en abogado para poder ayudar a otros en sus momentos de necesidad. Patrick asisti\u00f3 a la Universidad Willamette en Salem, Oregon, y fue admitido en el Colegio de Abogados del Estado de Washington en 2000. Patrick se uni\u00f3 a la Universidad de Willamette en Salem, Oregon. <a href=\"https:\/\/plg-pllc.com\/about-us\/\">Grupo de abogados Premier<\/a> Patrick se convirti\u00f3 en socio en 2004 y desde entonces ha ayudado a numerosas personas en sus reclamos por discriminaci\u00f3n y\/o represalias contra sus empleadores, as\u00ed como reclamos por falta de pago de salarios. Patrick tambi\u00e9n ha representado a cientos de personas que han sufrido <a href=\"https:\/\/plg-pllc.com\/practice-areas\/\">Lesiones f\u00edsicas graves<\/a> como resultado de la negligencia de otros.<\/p>\n<div class=\"grid-x grid-margin-x\">\n<div class=\"cell small-12 medium-6\">\n<p>Patrick J. Kang es miembro de la Asociaci\u00f3n de Justicia del Estado de Washington (anteriormente Asociaci\u00f3n de Abogados Litigantes del Estado de Washington). Est\u00e1 habilitado para ejercer en los Tribunales de Distrito de los Estados Unidos del Oeste y Este de Washington y en el Tribunal de Apelaciones del Noveno Circuito. Recientemente, la Asociaci\u00f3n Nacional de Abogados Litigantes lo nombr\u00f3 uno de los 100 mejores abogados litigantes del estado de Washington, un premio que se otorga a aquellos abogados que ejemplifican calificaciones superiores, resultados en juicios y liderazgo en su respectivo estado. Tambi\u00e9n fue nombrado &quot;Estrella en ascenso&quot; por la revista Washington Super Lawyers, un premio que se otorga a los mejores abogados menores de 40 a\u00f1os del estado; tiene una calificaci\u00f3n AV (la calificaci\u00f3n m\u00e1s alta posible) en Martindale Hubbell; y una calificaci\u00f3n de 10 (sobre 10) en el sitio web Avvo.com.<\/p>\n<\/div>\n<div class=\"cell small-12 medium-6\">\n<div class=\"intext-video-wrap\">\n<p><script src=\"https:\/\/fast.wistia.com\/embed\/medias\/myatau5csk.jsonp\" async=\"\"><\/script><script src=\"https:\/\/fast.wistia.com\/assets\/external\/E-v1.js\" async=\"\"><\/script><\/p>\n<div class=\"wistia_responsive_padding\" style=\"padding: 56.25% 0 0 0; position: relative;\">\n<div class=\"wistia_responsive_wrapper\" style=\"height: 100%; left: 0; position: absolute; top: 0; width: 100%;\"><span class=\"wistia_embed wistia_async_myatau5csk popover=true popoverAnimateThumbnail=true videoFoam=true\" style=\"display: inline-block; height: 100%; width: 100%;\">\u00a0<\/span><\/div>\n<\/div>\n<\/div>\n<\/div>\n<\/div>\n<p>Cuando Patrick no est\u00e1 trabajando, est\u00e1 ocupado pasando tiempo con su esposa y sus hermosos hijos. Patrick tambi\u00e9n es un \u00e1vido jugador de golf y f\u00fatbol.<\/p>","protected":false},"excerpt":{"rendered":"<p>Despu\u00e9s de graduarse cum laude de la Universidad Whitworth en Spokane, Washington, donde obtuvo su Licenciatura en Econom\u00eda, Patrick J. Kang trabaj\u00f3 como administrador de casos para un bufete de abogados especializado en lesiones personales. Fue all\u00ed donde se dio cuenta de que quer\u00eda convertirse en abogado para poder ayudar a otros en\u2026<\/p>","protected":false},"author":2,"featured_media":16118,"parent":9,"menu_order":3,"comment_status":"closed","ping_status":"closed","template":"page-templates\/single-attorney.php","meta":{"_acf_changed":false,"_genesis_hide_title":false,"_genesis_hide_breadcrumbs":false,"_genesis_hide_singular_image":false,"_genesis_hide_footer_widgets":false,"_genesis_custom_body_class":"","_genesis_custom_post_class":"","_genesis_layout":"","footnotes":""},"hc_faqs":[],"class_list":{"0":"post-94","1":"page","2":"type-page","3":"status-publish","4":"has-post-thumbnail","6":"entry"},"acf":[],"yoast_head":"<!-- This site is optimized with the Yoast SEO plugin v27.4 - https:\/\/yoast.com\/product\/yoast-seo-wordpress\/ -->\n<title>Contact Attorney Patrick J. Kang | Free Case Review<\/title>\n<meta name=\"description\" content=\"Attorney Patrick J. Kang is an experienced employment and personal injury litigator in the area of Seattle and Bellevue. Contact PLG at 206.880.7236\" \/>\n<meta name=\"robots\" content=\"index, follow, max-snippet:-1, max-image-preview:large, max-video-preview:-1\" \/>\n<link rel=\"canonical\" href=\"https:\/\/plg-pllc.com\/es\/about-us\/attorneys\/patrick-j-kang\/\" \/>\n<meta property=\"og:locale\" content=\"es_MX\" \/>\n<meta property=\"og:type\" content=\"article\" \/>\n<meta property=\"og:title\" content=\"Contact Attorney Patrick J. Kang | Free Case Review\" \/>\n<meta property=\"og:description\" content=\"Attorney Patrick J. Kang is an experienced employment and personal injury litigator in the area of Seattle and Bellevue. Contact PLG at 206.880.7236\" \/>\n<meta property=\"og:url\" content=\"https:\/\/plg-pllc.com\/es\/about-us\/attorneys\/patrick-j-kang\/\" \/>\n<meta property=\"og:site_name\" content=\"Premier Law Group\" \/>\n<meta property=\"article:publisher\" content=\"https:\/\/www.facebook.com\/premierlawgroup\" \/>\n<meta property=\"article:modified_time\" content=\"2025-02-21T04:03:35+00:00\" \/>\n<meta property=\"og:image\" content=\"https:\/\/plg-pllc.com\/wp-content\/uploads\/2018\/02\/Patrick-Kang-2018.jpg\" \/>\n\t<meta property=\"og:image:width\" content=\"485\" \/>\n\t<meta property=\"og:image:height\" content=\"601\" \/>\n\t<meta property=\"og:image:type\" content=\"image\/jpeg\" \/>\n<meta name=\"twitter:card\" content=\"summary_large_image\" \/>\n<meta name=\"twitter:site\" content=\"@premierlawgroup\" \/>\n<meta name=\"twitter:label1\" content=\"Tiempo de lectura\" \/>\n\t<meta name=\"twitter:data1\" content=\"2 minutos\" \/>\n<script type=\"application\/ld+json\" class=\"yoast-schema-graph\">{\"@context\":\"https:\\\/\\\/schema.org\",\"@graph\":[{\"@type\":\"WebPage\",\"@id\":\"https:\\\/\\\/plg-pllc.com\\\/about-us\\\/attorneys\\\/patrick-j-kang\\\/\",\"url\":\"https:\\\/\\\/plg-pllc.com\\\/about-us\\\/attorneys\\\/patrick-j-kang\\\/\",\"name\":\"Contact Attorney Patrick J. Kang | Free Case Review\",\"isPartOf\":{\"@id\":\"https:\\\/\\\/plg-pllc.com\\\/#website\"},\"primaryImageOfPage\":{\"@id\":\"https:\\\/\\\/plg-pllc.com\\\/about-us\\\/attorneys\\\/patrick-j-kang\\\/#primaryimage\"},\"image\":{\"@id\":\"https:\\\/\\\/plg-pllc.com\\\/about-us\\\/attorneys\\\/patrick-j-kang\\\/#primaryimage\"},\"thumbnailUrl\":\"https:\\\/\\\/plg-pllc.com\\\/wp-content\\\/uploads\\\/2018\\\/02\\\/Patrick-Kang-2018.jpg\",\"datePublished\":\"2009-10-09T05:57:05+00:00\",\"dateModified\":\"2025-02-21T04:03:35+00:00\",\"description\":\"Attorney Patrick J. Kang is an experienced employment and personal injury litigator in the area of Seattle and Bellevue. Contact PLG at 206.880.7236\",\"breadcrumb\":{\"@id\":\"https:\\\/\\\/plg-pllc.com\\\/about-us\\\/attorneys\\\/patrick-j-kang\\\/#breadcrumb\"},\"inLanguage\":\"es\",\"potentialAction\":[{\"@type\":\"ReadAction\",\"target\":[\"https:\\\/\\\/plg-pllc.com\\\/about-us\\\/attorneys\\\/patrick-j-kang\\\/\"]}]},{\"@type\":\"ImageObject\",\"inLanguage\":\"es\",\"@id\":\"https:\\\/\\\/plg-pllc.com\\\/about-us\\\/attorneys\\\/patrick-j-kang\\\/#primaryimage\",\"url\":\"https:\\\/\\\/plg-pllc.com\\\/wp-content\\\/uploads\\\/2018\\\/02\\\/Patrick-Kang-2018.jpg\",\"contentUrl\":\"https:\\\/\\\/plg-pllc.com\\\/wp-content\\\/uploads\\\/2018\\\/02\\\/Patrick-Kang-2018.jpg\",\"width\":485,\"height\":601,\"caption\":\"Patrick J. Kang\"},{\"@type\":\"BreadcrumbList\",\"@id\":\"https:\\\/\\\/plg-pllc.com\\\/about-us\\\/attorneys\\\/patrick-j-kang\\\/#breadcrumb\",\"itemListElement\":[{\"@type\":\"ListItem\",\"position\":1,\"name\":\"Home\",\"item\":\"https:\\\/\\\/plg-pllc.com\\\/es\\\/\"},{\"@type\":\"ListItem\",\"position\":2,\"name\":\"About Us\",\"item\":\"https:\\\/\\\/plg-pllc.com\\\/es\\\/about-us\\\/\"},{\"@type\":\"ListItem\",\"position\":3,\"name\":\"Our Attorneys\",\"item\":\"https:\\\/\\\/plg-pllc.com\\\/es\\\/about-us\\\/attorneys\\\/\"},{\"@type\":\"ListItem\",\"position\":4,\"name\":\"Patrick J. Kang\"}]},{\"@type\":\"WebSite\",\"@id\":\"https:\\\/\\\/plg-pllc.com\\\/#website\",\"url\":\"https:\\\/\\\/plg-pllc.com\\\/\",\"name\":\"Premier Law Group\",\"description\":\"Washington Wrongful Death and Serious Injury Lawyer\",\"publisher\":{\"@id\":\"https:\\\/\\\/plg-pllc.com\\\/#organization\"},\"inLanguage\":\"es\"},{\"@type\":\"Organization\",\"@id\":\"https:\\\/\\\/plg-pllc.com\\\/#organization\",\"name\":\"Premier Law Group\",\"url\":\"https:\\\/\\\/plg-pllc.com\\\/\",\"logo\":{\"@type\":\"ImageObject\",\"inLanguage\":\"es\",\"@id\":\"https:\\\/\\\/plg-pllc.com\\\/#\\\/schema\\\/logo\\\/image\\\/\",\"url\":\"https:\\\/\\\/plg-pllc.com\\\/wp-content\\\/uploads\\\/2020\\\/10\\\/plg-logo-v2.gif\",\"contentUrl\":\"https:\\\/\\\/plg-pllc.com\\\/wp-content\\\/uploads\\\/2020\\\/10\\\/plg-logo-v2.gif\",\"width\":592,\"height\":191,\"caption\":\"Premier Law Group\"},\"image\":{\"@id\":\"https:\\\/\\\/plg-pllc.com\\\/#\\\/schema\\\/logo\\\/image\\\/\"},\"sameAs\":[\"https:\\\/\\\/www.facebook.com\\\/premierlawgroup\",\"https:\\\/\\\/x.com\\\/premierlawgroup\"]}]}<\/script>\n<!-- \/ Yoast SEO plugin. -->","yoast_head_json":{"title":"Comun\u00edquese con el abogado Patrick J. Kang | Revisi\u00f3n gratuita del caso","description":"El abogado Patrick J. Kang es un litigante con experiencia en casos de lesiones personales y laborales en el \u00e1rea de Seattle y Bellevue. Comun\u00edquese con PLG al 206.880.7236","robots":{"index":"index","follow":"follow","max-snippet":"max-snippet:-1","max-image-preview":"max-image-preview:large","max-video-preview":"max-video-preview:-1"},"canonical":"https:\/\/plg-pllc.com\/es\/about-us\/attorneys\/patrick-j-kang\/","og_locale":"es_MX","og_type":"article","og_title":"Contact Attorney Patrick J. Kang | Free Case Review","og_description":"Attorney Patrick J. Kang is an experienced employment and personal injury litigator in the area of Seattle and Bellevue. Contact PLG at 206.880.7236","og_url":"https:\/\/plg-pllc.com\/es\/about-us\/attorneys\/patrick-j-kang\/","og_site_name":"Premier Law Group","article_publisher":"https:\/\/www.facebook.com\/premierlawgroup","article_modified_time":"2025-02-21T04:03:35+00:00","og_image":[{"width":485,"height":601,"url":"https:\/\/plg-pllc.com\/wp-content\/uploads\/2018\/02\/Patrick-Kang-2018.jpg","type":"image\/jpeg"}],"twitter_card":"summary_large_image","twitter_site":"@premierlawgroup","twitter_misc":{"Tiempo de lectura":"2 minutos"},"schema":{"@context":"https:\/\/schema.org","@graph":[{"@type":"WebPage","@id":"https:\/\/plg-pllc.com\/about-us\/attorneys\/patrick-j-kang\/","url":"https:\/\/plg-pllc.com\/about-us\/attorneys\/patrick-j-kang\/","name":"Comun\u00edquese con el abogado Patrick J. Kang | Revisi\u00f3n gratuita del caso","isPartOf":{"@id":"https:\/\/plg-pllc.com\/#website"},"primaryImageOfPage":{"@id":"https:\/\/plg-pllc.com\/about-us\/attorneys\/patrick-j-kang\/#primaryimage"},"image":{"@id":"https:\/\/plg-pllc.com\/about-us\/attorneys\/patrick-j-kang\/#primaryimage"},"thumbnailUrl":"https:\/\/plg-pllc.com\/wp-content\/uploads\/2018\/02\/Patrick-Kang-2018.jpg","datePublished":"2009-10-09T05:57:05+00:00","dateModified":"2025-02-21T04:03:35+00:00","description":"El abogado Patrick J. Kang es un litigante con experiencia en casos de lesiones personales y laborales en el \u00e1rea de Seattle y Bellevue. Comun\u00edquese con PLG al 206.880.7236","breadcrumb":{"@id":"https:\/\/plg-pllc.com\/about-us\/attorneys\/patrick-j-kang\/#breadcrumb"},"inLanguage":"es","potentialAction":[{"@type":"ReadAction","target":["https:\/\/plg-pllc.com\/about-us\/attorneys\/patrick-j-kang\/"]}]},{"@type":"ImageObject","inLanguage":"es","@id":"https:\/\/plg-pllc.com\/about-us\/attorneys\/patrick-j-kang\/#primaryimage","url":"https:\/\/plg-pllc.com\/wp-content\/uploads\/2018\/02\/Patrick-Kang-2018.jpg","contentUrl":"https:\/\/plg-pllc.com\/wp-content\/uploads\/2018\/02\/Patrick-Kang-2018.jpg","width":485,"height":601,"caption":"Patrick J. Kang"},{"@type":"BreadcrumbList","@id":"https:\/\/plg-pllc.com\/about-us\/attorneys\/patrick-j-kang\/#breadcrumb","itemListElement":[{"@type":"ListItem","position":1,"name":"Home","item":"https:\/\/plg-pllc.com\/es\/"},{"@type":"ListItem","position":2,"name":"About Us","item":"https:\/\/plg-pllc.com\/es\/about-us\/"},{"@type":"ListItem","position":3,"name":"Our Attorneys","item":"https:\/\/plg-pllc.com\/es\/about-us\/attorneys\/"},{"@type":"ListItem","position":4,"name":"Patrick J. Kang"}]},{"@type":"WebSite","@id":"https:\/\/plg-pllc.com\/#website","url":"https:\/\/plg-pllc.com\/","name":"Grupo de abogados Premier","description":"Abogado de muerte por negligencia y lesiones graves en Washington","publisher":{"@id":"https:\/\/plg-pllc.com\/#organization"},"inLanguage":"es"},{"@type":"Organization","@id":"https:\/\/plg-pllc.com\/#organization","name":"Grupo de abogados Premier","url":"https:\/\/plg-pllc.com\/","logo":{"@type":"ImageObject","inLanguage":"es","@id":"https:\/\/plg-pllc.com\/#\/schema\/logo\/image\/","url":"https:\/\/plg-pllc.com\/wp-content\/uploads\/2020\/10\/plg-logo-v2.gif","contentUrl":"https:\/\/plg-pllc.com\/wp-content\/uploads\/2020\/10\/plg-logo-v2.gif","width":592,"height":191,"caption":"Premier Law Group"},"image":{"@id":"https:\/\/plg-pllc.com\/#\/schema\/logo\/image\/"},"sameAs":["https:\/\/www.facebook.com\/premierlawgroup","https:\/\/x.com\/premierlawgroup"]}]}},"_links":{"self":[{"href":"https:\/\/plg-pllc.com\/es\/wp-json\/wp\/v2\/pages\/94","targetHints":{"allow":["GET"]}}],"collection":[{"href":"https:\/\/plg-pllc.com\/es\/wp-json\/wp\/v2\/pages"}],"about":[{"href":"https:\/\/plg-pllc.com\/es\/wp-json\/wp\/v2\/types\/page"}],"author":[{"embeddable":true,"href":"https:\/\/plg-pllc.com\/es\/wp-json\/wp\/v2\/users\/2"}],"replies":[{"embeddable":true,"href":"https:\/\/plg-pllc.com\/es\/wp-json\/wp\/v2\/comments?post=94"}],"version-history":[{"count":0,"href":"https:\/\/plg-pllc.com\/es\/wp-json\/wp\/v2\/pages\/94\/revisions"}],"up":[{"embeddable":true,"href":"https:\/\/plg-pllc.com\/es\/wp-json\/wp\/v2\/pages\/9"}],"wp:featuredmedia":[{"embeddable":true,"href":"https:\/\/plg-pllc.com\/es\/wp-json\/wp\/v2\/media\/16118"}],"wp:attachment":[{"href":"https:\/\/plg-pllc.com\/es\/wp-json\/wp\/v2\/media?parent=94"}],"wp:term":[{"taxonomy":"hc_faqs","embeddable":true,"href":"https:\/\/plg-pllc.com\/es\/wp-json\/wp\/v2\/hc_faqs?post=94"}],"curies":[{"name":"gracias","href":"https:\/\/api.w.org\/{rel}","templated":true}]}}